{"id":2004,"date":"2018-08-20T06:43:38","date_gmt":"2018-08-20T06:43:38","guid":{"rendered":"https:\/\/precisethemes.com\/demo\/yugen-minimal\/?page_id=175"},"modified":"2025-12-19T21:47:47","modified_gmt":"2025-12-19T08:47:47","slug":"about-me","status":"publish","type":"page","link":"https:\/\/onpoki.com\/es\/about-me\/","title":{"rendered":"Sobre mi"},"content":{"rendered":"<style>.wp-block-kadence-spacer.kt-block-spacer-2004_84ac76-11 .kt-block-spacer{height:30px;}.wp-block-kadence-spacer.kt-block-spacer-2004_84ac76-11 .kt-divider{border-top-width:1px;height:1px;border-top-color:#eee;width:80%;border-top-style:solid;}<\/style>\n<div class=\"wp-block-kadence-spacer aligncenter kt-block-spacer-2004_84ac76-11\"><div class=\"kt-block-spacer kt-block-spacer-halign-center\"><\/div><\/div>\n\n\n<style>.kb-row-layout-id2004_4aa00e-bc > .kt-row-column-wrap{align-content:start;}:where(.kb-row-layout-id2004_4aa00e-bc > .kt-row-column-wrap) > .wp-block-kadence-column{justify-content:start;}.kb-row-layout-id2004_4aa00e-bc > .kt-row-column-wrap{column-gap:var(--global-kb-gap-md, 2rem);row-gap:var(--global-kb-gap-md, 2rem);padding-bottom:var(--global-kb-spacing-lg, 3rem);grid-template-columns:minmax(0, 1fr);}.kb-row-layout-id2004_4aa00e-bc > .kt-row-layout-overlay{opacity:0.30;}@media all and (max-width: 1024px){.kb-row-layout-id2004_4aa00e-bc > .kt-row-column-wrap{grid-template-columns:minmax(0, 1fr);}}@media all and (max-width: 767px){.kb-row-layout-id2004_4aa00e-bc > .kt-row-column-wrap{grid-template-columns:minmax(0, 1fr);}}<\/style><div class=\"kb-row-layout-wrap kb-row-layout-id2004_4aa00e-bc alignnone wp-block-kadence-rowlayout\"><div class=\"kt-row-column-wrap kt-has-1-columns kt-row-layout-equal kt-tab-layout-inherit kt-mobile-layout-row kt-row-valign-top\">\n<style>.kadence-column2004_83bcc1-0e > .kt-inside-inner-col{display:flex;}.kadence-column2004_83bcc1-0e > .kt-inside-inner-col,.kadence-column2004_83bcc1-0e > .kt-inside-inner-col:before{border-top-left-radius:0px;border-top-right-radius:0px;border-bottom-right-radius:0px;border-bottom-left-radius:0px;}.kadence-column2004_83bcc1-0e > .kt-inside-inner-col{column-gap:var(--global-kb-gap-sm, 1rem);}.kadence-column2004_83bcc1-0e > .kt-inside-inner-col{flex-direction:column;justify-content:center;align-items:center;}.kadence-column2004_83bcc1-0e > .kt-inside-inner-col > .kb-image-is-ratio-size{align-self:stretch;}.kadence-column2004_83bcc1-0e > .kt-inside-inner-col > .wp-block-kadence-advancedgallery{align-self:stretch;}.kadence-column2004_83bcc1-0e > .kt-inside-inner-col > .aligncenter{width:100%;}.kt-row-column-wrap > .kadence-column2004_83bcc1-0e{align-self:center;}.kt-inner-column-height-full:not(.kt-has-1-columns) > .wp-block-kadence-column.kadence-column2004_83bcc1-0e{align-self:auto;}.kt-inner-column-height-full:not(.kt-has-1-columns) > .wp-block-kadence-column.kadence-column2004_83bcc1-0e > .kt-inside-inner-col{flex-direction:column;justify-content:center;}.kadence-column2004_83bcc1-0e > .kt-inside-inner-col:before{opacity:0.3;}.kadence-column2004_83bcc1-0e{position:relative;}@media all and (max-width: 1024px){.kt-row-column-wrap > .kadence-column2004_83bcc1-0e{align-self:center;}}@media all and (max-width: 1024px){.kt-inner-column-height-full:not(.kt-has-1-columns) > .wp-block-kadence-column.kadence-column2004_83bcc1-0e{align-self:auto;}}@media all and (max-width: 1024px){.kt-inner-column-height-full:not(.kt-has-1-columns) > .wp-block-kadence-column.kadence-column2004_83bcc1-0e > .kt-inside-inner-col{flex-direction:column;justify-content:center;}}@media all and (max-width: 1024px){.kadence-column2004_83bcc1-0e > .kt-inside-inner-col{flex-direction:column;justify-content:center;align-items:center;}}@media all and (max-width: 767px){.kt-row-column-wrap > .kadence-column2004_83bcc1-0e{align-self:center;}.kt-inner-column-height-full:not(.kt-has-1-columns) > .wp-block-kadence-column.kadence-column2004_83bcc1-0e{align-self:auto;}.kt-inner-column-height-full:not(.kt-has-1-columns) > .wp-block-kadence-column.kadence-column2004_83bcc1-0e > .kt-inside-inner-col{flex-direction:column;justify-content:center;}.kadence-column2004_83bcc1-0e > .kt-inside-inner-col{flex-direction:column;justify-content:center;align-items:center;}}<\/style>\n<div class=\"wp-block-kadence-column kadence-column2004_83bcc1-0e\"><div class=\"kt-inside-inner-col\">\n<figure class=\"wp-block-image size-full is-resized has-custom-border\"><img loading=\"lazy\" decoding=\"async\" width=\"1000\" height=\"1009\" src=\"https:\/\/onpoki.com\/wp-content\/uploads\/2025\/10\/magikarp_y_yo-2.png\" alt=\"\" class=\"has-border-color wp-image-3449\" style=\"border-color:#d98466;border-width:5px;border-radius:100px;object-fit:cover;width:200px;height:200px\" srcset=\"https:\/\/onpoki.com\/wp-content\/uploads\/2025\/10\/magikarp_y_yo-2.png 1000w, https:\/\/onpoki.com\/wp-content\/uploads\/2025\/10\/magikarp_y_yo-2-297x300.png 297w, https:\/\/onpoki.com\/wp-content\/uploads\/2025\/10\/magikarp_y_yo-2-150x150.png 150w, https:\/\/onpoki.com\/wp-content\/uploads\/2025\/10\/magikarp_y_yo-2-768x775.png 768w, https:\/\/onpoki.com\/wp-content\/uploads\/2025\/10\/magikarp_y_yo-2-12x12.png 12w, https:\/\/onpoki.com\/wp-content\/uploads\/2025\/10\/magikarp_y_yo-2-500x505.png 500w, https:\/\/onpoki.com\/wp-content\/uploads\/2025\/10\/magikarp_y_yo-2-100x100.png 100w\" sizes=\"auto, (max-width: 1000px) 100vw, 1000px\" \/><\/figure>\n<\/div><\/div>\n\n<\/div><\/div>\n\n\n<section class=\"about-me\" style=\"max-width:800px;margin:auto;line-height:1.9;\">\n  <style>\n    .about-me {\n      font-family: 'Poppins', sans-serif;\n      color: #333;\n      text-align: left;\n    }\n    .about-me p {\n      font-size: 0.95rem;\n      margin-bottom: 1.2em;\n      line-height: 1.9;\n    }\n    .about-me strong {\n      color: #99CC99; \/* Verde Onpoki *\/\n      font-weight: 600;\n    }\n    @media (max-width: 768px) {\n      .about-me p {\n        font-size: 0.9rem;\n      }\n    }\n  <\/style>\n\n  <p>\u00a1Hola! Mi nombre es <strong>Paula<\/strong>. Nac\u00ed en la hermosa ciudad de Buenos Aires, Argentina, pero tengo la enorme suerte de llamar hogar a la m\u00e1gica ciudad de Queenstown, Nueva Zelanda\u2026 donde vivo con mi pareja y nuestros dos hijos.<\/p>\n\n  <p>A diferencia de muchas personas en este oficio, no tuve uno de esos comienzos cl\u00e1sicos en el arte del crochet. No me ense\u00f1aron de peqeu\u00f1a una abuela, madre o t\u00eda\u2026 ninguno de mis familiares tej\u00eda al crochet o a dos agujas en ese momento.<\/p>\n\n  <p>Mis primeros pasos en este hermoso arte comenzaron en 2015, gracias a una coincidencia\u2026 alguien que dej\u00f3 una revista olvidada.<\/p>\n\n  <p>A\u00f1os atr\u00e1s, mientras trabajaba en un aeropuerto, encontr\u00e9 una revista de crochet que alguien hab\u00eda dejado en el asiento de un avi\u00f3n. Sin pensarlo demasiado, la tom\u00e9 antes de que alguien la tirara, con la idea de leerla m\u00e1s tarde por curiosidad. Cuando termin\u00f3 mi turno, empec\u00e9 a leerla\u2026 y de repente se abri\u00f3 ante m\u00ed un mundo de posibilidades.<\/p>\n\n  <p>No ten\u00eda idea de cu\u00e1ntas cosas pod\u00edan hacerse con crochet. Todo me parec\u00eda hermoso y m\u00e1gico, pero lo que m\u00e1s llam\u00f3 mi atenci\u00f3n\u2026 y de lo que me enamor\u00e9 por completo\u2026 fue el mundo del amigurumi. Finalmente pod\u00eda dar vida a todos esos personajes que ten\u00eda en la cabeza.<\/p>\n\n  <p>Today, I can see that the magazine I found on that plane (which I still keep) was exactly what I had been looking for without even knowing it.<\/p>\n\n  <p>As\u00ed que, a la persona que se dejo olvidada esa revista en el avi\u00f3n <strong>\u00a1Much\u00edsimas gracias!<\/strong> Cambiaste mi vida para siempre.<\/p>\n<\/section>\n\n\n\n<div style=\"height:100px\" aria-hidden=\"true\" class=\"wp-block-spacer\"><\/div>","protected":false},"excerpt":{"rendered":"<p>Hi! My name is Paula. I was born in beautiful Buenos Aires, Argentina, but I\u2019m extremely lucky to call the magical city of Queenstown, New Zealand, my home&#8230; where I live with my partner and our two kids. Unlike many people in this craft, I didn\u2019t have one of those classic beginnings in the art&#8230;<\/p>","protected":false},"author":1,"featured_media":0,"parent":0,"menu_order":0,"comment_status":"closed","ping_status":"closed","template":"","meta":{"_kadence_starter_templates_imported_post":false,"_kad_post_transparent":"","_kad_post_title":"","_kad_post_layout":"narrow","_kad_post_sidebar_id":"","_kad_post_content_style":"","_kad_post_vertical_padding":"","_kad_post_feature":"","_kad_post_feature_position":"","_kad_post_header":false,"_kad_post_footer":false,"_kad_post_classname":"","footnotes":""},"class_list":["post-2004","page","type-page","status-publish","hentry"],"yoast_head":"<!-- This site is optimized with the Yoast SEO plugin v27.4 - https:\/\/yoast.com\/product\/yoast-seo-wordpress\/ -->\n<title>About Onpoki Crochet by Paula Fuentes<\/title>\n<meta name=\"description\" content=\"Learn about Onpoki and Paula Fuentes, a crochet designer who started this journey after finding a forgotten magazine on a plane.\" \/>\n<meta name=\"robots\" content=\"index, follow, max-snippet:-1, max-image-preview:large, max-video-preview:-1\" \/>\n<link rel=\"canonical\" href=\"https:\/\/onpoki.com\/es\/about-me\/\" \/>\n<meta property=\"og:locale\" content=\"es_ES\" \/>\n<meta property=\"og:type\" content=\"article\" \/>\n<meta property=\"og:title\" content=\"About Onpoki Crochet by Paula Fuentes\" \/>\n<meta property=\"og:description\" content=\"Learn about Onpoki and Paula Fuentes, a crochet designer who started this journey after finding a forgotten magazine on a plane.\" \/>\n<meta property=\"og:url\" content=\"https:\/\/onpoki.com\/es\/about-me\/\" \/>\n<meta property=\"og:site_name\" content=\"Onpoki crochet\" \/>\n<meta property=\"article:publisher\" content=\"https:\/\/www.facebook.com\/onpoki\/\" \/>\n<meta property=\"article:modified_time\" content=\"2025-12-19T08:47:47+00:00\" \/>\n<meta property=\"og:image\" content=\"https:\/\/onpoki.com\/wp-content\/uploads\/2025\/10\/magikarp_y_yo-2.png\" \/>\n\t<meta property=\"og:image:width\" content=\"1000\" \/>\n\t<meta property=\"og:image:height\" content=\"1009\" \/>\n\t<meta property=\"og:image:type\" content=\"image\/png\" \/>\n<meta name=\"twitter:card\" content=\"summary_large_image\" \/>\n<meta name=\"twitter:label1\" content=\"Tiempo de lectura\" \/>\n\t<meta name=\"twitter:data1\" content=\"2 minutos\" \/>\n<script type=\"application\/ld+json\" class=\"yoast-schema-graph\">{\"@context\":\"https:\\\/\\\/schema.org\",\"@graph\":[{\"@type\":\"WebPage\",\"@id\":\"https:\\\/\\\/onpoki.com\\\/about-me\\\/\",\"url\":\"https:\\\/\\\/onpoki.com\\\/about-me\\\/\",\"name\":\"About Onpoki Crochet by Paula Fuentes\",\"isPartOf\":{\"@id\":\"https:\\\/\\\/onpoki.com\\\/#website\"},\"primaryImageOfPage\":{\"@id\":\"https:\\\/\\\/onpoki.com\\\/about-me\\\/#primaryimage\"},\"image\":{\"@id\":\"https:\\\/\\\/onpoki.com\\\/about-me\\\/#primaryimage\"},\"thumbnailUrl\":\"https:\\\/\\\/onpoki.com\\\/wp-content\\\/uploads\\\/2025\\\/10\\\/magikarp_y_yo-2.png\",\"datePublished\":\"2018-08-20T06:43:38+00:00\",\"dateModified\":\"2025-12-19T08:47:47+00:00\",\"description\":\"Learn about Onpoki and Paula Fuentes, a crochet designer who started this journey after finding a forgotten magazine on a plane.\",\"breadcrumb\":{\"@id\":\"https:\\\/\\\/onpoki.com\\\/about-me\\\/#breadcrumb\"},\"inLanguage\":\"es-AR\",\"potentialAction\":[{\"@type\":\"ReadAction\",\"target\":[\"https:\\\/\\\/onpoki.com\\\/about-me\\\/\"]}]},{\"@type\":\"ImageObject\",\"inLanguage\":\"es-AR\",\"@id\":\"https:\\\/\\\/onpoki.com\\\/about-me\\\/#primaryimage\",\"url\":\"https:\\\/\\\/onpoki.com\\\/wp-content\\\/uploads\\\/2025\\\/10\\\/magikarp_y_yo-2.png\",\"contentUrl\":\"https:\\\/\\\/onpoki.com\\\/wp-content\\\/uploads\\\/2025\\\/10\\\/magikarp_y_yo-2.png\"},{\"@type\":\"BreadcrumbList\",\"@id\":\"https:\\\/\\\/onpoki.com\\\/about-me\\\/#breadcrumb\",\"itemListElement\":[{\"@type\":\"ListItem\",\"position\":1,\"name\":\"Home\",\"item\":\"https:\\\/\\\/onpoki.com\\\/\"},{\"@type\":\"ListItem\",\"position\":2,\"name\":\"About me\"}]},{\"@type\":\"WebSite\",\"@id\":\"https:\\\/\\\/onpoki.com\\\/#website\",\"url\":\"https:\\\/\\\/onpoki.com\\\/\",\"name\":\"Onpoki\",\"description\":\"Original crochet patterns and handmade dolls\",\"publisher\":{\"@id\":\"https:\\\/\\\/onpoki.com\\\/#organization\"},\"alternateName\":\"Onpoki crochet\",\"potentialAction\":[{\"@type\":\"SearchAction\",\"target\":{\"@type\":\"EntryPoint\",\"urlTemplate\":\"https:\\\/\\\/onpoki.com\\\/?s={search_term_string}\"},\"query-input\":{\"@type\":\"PropertyValueSpecification\",\"valueRequired\":true,\"valueName\":\"search_term_string\"}}],\"inLanguage\":\"es-AR\"},{\"@type\":\"Organization\",\"@id\":\"https:\\\/\\\/onpoki.com\\\/#organization\",\"name\":\"Onpoki crochet\",\"url\":\"https:\\\/\\\/onpoki.com\\\/\",\"logo\":{\"@type\":\"ImageObject\",\"inLanguage\":\"es-AR\",\"@id\":\"https:\\\/\\\/onpoki.com\\\/#\\\/schema\\\/logo\\\/image\\\/\",\"url\":\"https:\\\/\\\/onpoki.com\\\/wp-content\\\/uploads\\\/2025\\\/11\\\/onpoki_logo_redondo.png\",\"contentUrl\":\"https:\\\/\\\/onpoki.com\\\/wp-content\\\/uploads\\\/2025\\\/11\\\/onpoki_logo_redondo.png\",\"width\":511,\"height\":512,\"caption\":\"Onpoki crochet\"},\"image\":{\"@id\":\"https:\\\/\\\/onpoki.com\\\/#\\\/schema\\\/logo\\\/image\\\/\"},\"sameAs\":[\"https:\\\/\\\/www.facebook.com\\\/onpoki\\\/\",\"https:\\\/\\\/www.instagram.com\\\/onpoki\"]}]}<\/script>\n<!-- \/ Yoast SEO plugin. -->","yoast_head_json":{"title":"About Onpoki Crochet by Paula Fuentes","description":"Learn about Onpoki and Paula Fuentes, a crochet designer who started this journey after finding a forgotten magazine on a plane.","robots":{"index":"index","follow":"follow","max-snippet":"max-snippet:-1","max-image-preview":"max-image-preview:large","max-video-preview":"max-video-preview:-1"},"canonical":"https:\/\/onpoki.com\/es\/about-me\/","og_locale":"es_ES","og_type":"article","og_title":"About Onpoki Crochet by Paula Fuentes","og_description":"Learn about Onpoki and Paula Fuentes, a crochet designer who started this journey after finding a forgotten magazine on a plane.","og_url":"https:\/\/onpoki.com\/es\/about-me\/","og_site_name":"Onpoki crochet","article_publisher":"https:\/\/www.facebook.com\/onpoki\/","article_modified_time":"2025-12-19T08:47:47+00:00","og_image":[{"width":1000,"height":1009,"url":"https:\/\/onpoki.com\/wp-content\/uploads\/2025\/10\/magikarp_y_yo-2.png","type":"image\/png"}],"twitter_card":"summary_large_image","twitter_misc":{"Tiempo de lectura":"2 minutos"},"schema":{"@context":"https:\/\/schema.org","@graph":[{"@type":"WebPage","@id":"https:\/\/onpoki.com\/about-me\/","url":"https:\/\/onpoki.com\/about-me\/","name":"About Onpoki Crochet by Paula Fuentes","isPartOf":{"@id":"https:\/\/onpoki.com\/#website"},"primaryImageOfPage":{"@id":"https:\/\/onpoki.com\/about-me\/#primaryimage"},"image":{"@id":"https:\/\/onpoki.com\/about-me\/#primaryimage"},"thumbnailUrl":"https:\/\/onpoki.com\/wp-content\/uploads\/2025\/10\/magikarp_y_yo-2.png","datePublished":"2018-08-20T06:43:38+00:00","dateModified":"2025-12-19T08:47:47+00:00","description":"Learn about Onpoki and Paula Fuentes, a crochet designer who started this journey after finding a forgotten magazine on a plane.","breadcrumb":{"@id":"https:\/\/onpoki.com\/about-me\/#breadcrumb"},"inLanguage":"es-AR","potentialAction":[{"@type":"ReadAction","target":["https:\/\/onpoki.com\/about-me\/"]}]},{"@type":"ImageObject","inLanguage":"es-AR","@id":"https:\/\/onpoki.com\/about-me\/#primaryimage","url":"https:\/\/onpoki.com\/wp-content\/uploads\/2025\/10\/magikarp_y_yo-2.png","contentUrl":"https:\/\/onpoki.com\/wp-content\/uploads\/2025\/10\/magikarp_y_yo-2.png"},{"@type":"BreadcrumbList","@id":"https:\/\/onpoki.com\/about-me\/#breadcrumb","itemListElement":[{"@type":"ListItem","position":1,"name":"Home","item":"https:\/\/onpoki.com\/"},{"@type":"ListItem","position":2,"name":"About me"}]},{"@type":"WebSite","@id":"https:\/\/onpoki.com\/#website","url":"https:\/\/onpoki.com\/","name":"Onpoki","description":"Original crochet patterns and handmade dolls","publisher":{"@id":"https:\/\/onpoki.com\/#organization"},"alternateName":"Onpoki crochet","potentialAction":[{"@type":"SearchAction","target":{"@type":"EntryPoint","urlTemplate":"https:\/\/onpoki.com\/?s={search_term_string}"},"query-input":{"@type":"PropertyValueSpecification","valueRequired":true,"valueName":"search_term_string"}}],"inLanguage":"es-AR"},{"@type":"Organization","@id":"https:\/\/onpoki.com\/#organization","name":"Onpoki crochet","url":"https:\/\/onpoki.com\/","logo":{"@type":"ImageObject","inLanguage":"es-AR","@id":"https:\/\/onpoki.com\/#\/schema\/logo\/image\/","url":"https:\/\/onpoki.com\/wp-content\/uploads\/2025\/11\/onpoki_logo_redondo.png","contentUrl":"https:\/\/onpoki.com\/wp-content\/uploads\/2025\/11\/onpoki_logo_redondo.png","width":511,"height":512,"caption":"Onpoki crochet"},"image":{"@id":"https:\/\/onpoki.com\/#\/schema\/logo\/image\/"},"sameAs":["https:\/\/www.facebook.com\/onpoki\/","https:\/\/www.instagram.com\/onpoki"]}]}},"jetpack_sharing_enabled":true,"_links":{"self":[{"href":"https:\/\/onpoki.com\/es\/wp-json\/wp\/v2\/pages\/2004","targetHints":{"allow":["GET"]}}],"collection":[{"href":"https:\/\/onpoki.com\/es\/wp-json\/wp\/v2\/pages"}],"about":[{"href":"https:\/\/onpoki.com\/es\/wp-json\/wp\/v2\/types\/page"}],"author":[{"embeddable":true,"href":"https:\/\/onpoki.com\/es\/wp-json\/wp\/v2\/users\/1"}],"replies":[{"embeddable":true,"href":"https:\/\/onpoki.com\/es\/wp-json\/wp\/v2\/comments?post=2004"}],"version-history":[{"count":27,"href":"https:\/\/onpoki.com\/es\/wp-json\/wp\/v2\/pages\/2004\/revisions"}],"predecessor-version":[{"id":4889,"href":"https:\/\/onpoki.com\/es\/wp-json\/wp\/v2\/pages\/2004\/revisions\/4889"}],"wp:attachment":[{"href":"https:\/\/onpoki.com\/es\/wp-json\/wp\/v2\/media?parent=2004"}],"curies":[{"name":"wp","href":"https:\/\/api.w.org\/{rel}","templated":true}]}}