{"id":4629,"date":"2025-11-29T00:13:40","date_gmt":"2025-11-28T11:13:40","guid":{"rendered":"https:\/\/onpoki.com\/?page_id=4629"},"modified":"2025-12-19T21:54:37","modified_gmt":"2025-12-19T08:54:37","slug":"cookie-policy","status":"publish","type":"page","link":"https:\/\/onpoki.com\/es\/cookie-policy\/","title":{"rendered":"Pol\u00edtica de Cookies"},"content":{"rendered":"<style>.wp-block-kadence-spacer.kt-block-spacer-4629_dc431f-03 .kt-block-spacer{height:30px;}.wp-block-kadence-spacer.kt-block-spacer-4629_dc431f-03 .kt-divider{border-top-width:1px;height:1px;border-top-color:#eee;width:80%;border-top-style:solid;}<\/style>\n<div class=\"wp-block-kadence-spacer aligncenter kt-block-spacer-4629_dc431f-03\"><div class=\"kt-block-spacer kt-block-spacer-halign-center\"><\/div><\/div>\n\n\n<section class=\"cookie-policy\" style=\"max-width: 800px; margin: auto; line-height: 1.7;\">\n<style>\n    .cookie-policy h2 {<br \/>\n      font-size: 1.8rem;<br \/>\n      color: #9ECEB7;<br \/>\n      font-weight: 600;<br \/>\n      margin-bottom: 0.6em;<br \/>\n      text-align: left;<br \/>\n    }<br \/>\n    .cookie-policy h4 {<br \/>\n      font-size: 1.15rem;<br \/>\n      color: #9ECEB7;<br \/>\n      font-weight: 600;<br \/>\n      margin-top: 1.5em;<br \/>\n      margin-bottom: 0.5em;<br \/>\n    }<br \/>\n    .cookie-policy p {<br \/>\n      font-size: 1rem;<br \/>\n      color: #333;<br \/>\n      margin-bottom: 1em;<br \/>\n    }<br \/>\n    .cookie-policy ul {<br \/>\n      margin-bottom: 1em;<br \/>\n      padding-left: 1.2em;<br \/>\n    }<br \/>\n    .cookie-policy li {<br \/>\n      margin-bottom: 0.4em;<br \/>\n      color: #333;<br \/>\n    }<br \/>\n    .cookie-policy a {<br \/>\n      color: #9ECEB7;<br \/>\n      text-decoration: none;<br \/>\n    }<br \/>\n    .cookie-policy a:hover {<br \/>\n      text-decoration: underline;<br \/>\n    }<br \/>\n    @media (max-width: 768px) {<br \/>\n      .cookie-policy h2 {<br \/>\n        font-size: 1.5rem;<br \/>\n      }<br \/>\n      .cookie-policy h4 {<br \/>\n        font-size: 1.05rem;<br \/>\n      }<br \/>\n      .cookie-policy p {<br \/>\n        font-size: 0.95rem;<br \/>\n      }<br \/>\n    }<br \/>\n  <\/style>\n<h2>Pol\u00edtica de Cookies<\/h2>\n<p>Esta Pol\u00edtica de cookies explica c\u00f3mo <strong>Onpoki<\/strong> utiliza cookies y tecnolog\u00edas similares cuando visit\u00e1s <a href=\"https:\/\/onpoki.com\/es\/\" target=\"_blank\" rel=\"noopener noreferrer\">onpoki.com<\/a>. Funciona junto con nuestra Pol\u00edtica de privacidad y te ayuda a comprender qu\u00e9 informaci\u00f3n se recopila y c\u00f3mo se utiliza.<\/p>\n<h4>Qu\u00e9 son las cookies<\/h4>\n<p>Las cookies son peque\u00f1os archivos de texto que se almacenan en tu navegador. Ayudan a los sitios web a recordar tus preferencias, mejorar el rendimiento y comprender c\u00f3mo los visitantes interact\u00faan con el sitio.<\/p>\n<h4>C\u00f3mo utilizamos las cookies<\/h4>\n<p>Utilizamos cookies para los siguientes fines:<\/p>\n<ul>\n<li><strong>Cookies esenciales<\/strong> se utilizan para funciones b\u00e1sicas del sitio, como la seguridad, el carrito de compras y el inicio de sesi\u00f3n.<\/li>\n<li><strong>Cookies de an\u00e1lisis<\/strong> se utilizan para comprender c\u00f3mo los visitantes usan nuestro sitio y as\u00ed poder seguir mejor\u00e1ndolo.<\/li>\n<li><strong>Cookies funcionales<\/strong> se utilizan para recordar tus preferencias.<\/li>\n<li><strong>Cookies publicitarias<\/strong> son utilizadas por Google AdSense para mostrar anuncios personalizados o no personalizados.<\/li>\n<\/ul>\n<h4>Google AdSense y las cookies publicitarias<\/h4>\n<p>Nuestro sitio web utiliza <strong>Anuncios de Google<\/strong>. Google puede usar cookies y balizas web para mostrar anuncios basados en tus visitas a este y otros sitios web.<\/p>\n<p>Google utiliza la cookie DoubleClick para limitar la frecuencia con la que ves un anuncio y para medir la eficacia de los anuncios.<\/p>\n<p>Para obtener m\u00e1s informaci\u00f3n sobre c\u00f3mo Google utiliza tus datos:<\/p>\n<p>\n    <a href=\"https:\/\/support.google.com\/adspolicy\/answer\/6008942\" target=\"_blank\" rel=\"noopener noreferrer\">Pol\u00edticas de Google Ads<\/a><br \/>\n    <a href=\"https:\/\/policies.google.com\/technologies\/partner-sites\" target=\"_blank\" rel=\"noopener noreferrer\">Google Partner Sites<\/a>\n  <\/p>\n<h4>Cookies de WooCommerce y funciones de la tienda<\/h4>\n<p>WooCommerce utiliza cookies para:<\/p>\n<ul>\n<li>Hacer un seguimiento de tu carrito.<\/li>\n<li>Recordar si agregaste productos o actualizaste tu carrito.<\/li>\n<li>Ayudar a determinar el env\u00edo, los impuestos y la moneda.<\/li>\n<\/ul>\n<h4>Cookies de contenido incrustado<\/h4>\n<p>Algunas p\u00e1ginas pueden incluir publicaciones o contenido multimedia incrustado de Instagram, YouTube u otras plataformas. Estos servicios pueden establecer sus propias cookies de acuerdo con sus pol\u00edticas.<\/p>\n<h4>Gesti\u00f3n de tus cookies<\/h4>\n<p>Pod\u00e9s controlar o eliminar las cookies en cualquier momento a trav\u00e9s de la configuraci\u00f3n de tu navegador. Tambi\u00e9n pod\u00e9s bloquear el uso de cookies. Ten\u00e9 en cuenta que algunas funciones, como el carrito o la sesi\u00f3n de inicio, pueden no funcionar correctamente si las cookies est\u00e1n deshabilitadas.<\/p>\n<p>Para inhabilitar la publicidad personalizada de Google:<\/p>\n<p>\n    <a href=\"https:\/\/adssettings.google.com\/?hl=es\" target=\"_blank\" rel=\"noopener noreferrer\">Configuraci\u00f3n de anuncios de Google<\/a>\n  <\/p>\n<h4>Actualizaciones de esta pol\u00edtica<\/h4>\n<p>Podemos actualizar esta Pol\u00edtica de cookies ocasionalmente. Cualquier cambio aparecer\u00e1 en esta p\u00e1gina junto con la fecha de actualizaci\u00f3n.<\/p>\n<p>  <em>\u00daltima actualizaci\u00f3n: 28 de noviembre de 2025<\/em><br \/>\n<\/section>\n\n\n<div style=\"height:100px\" aria-hidden=\"true\" class=\"wp-block-spacer\"><\/div>","protected":false},"excerpt":{"rendered":"<p>Cookie Policy This Cookie Policy explains how Onpoki uses cookies and similar technologies when you visit onpoki.com. It works together with our Privacy Policy and helps you understand what information is collected and how it is used. What cookies are Cookies are small text files stored in your browser. They help websites remember your preferences,&#8230;<\/p>","protected":false},"author":1,"featured_media":0,"parent":0,"menu_order":0,"comment_status":"closed","ping_status":"closed","template":"","meta":{"_kadence_starter_templates_imported_post":false,"_kad_post_transparent":"","_kad_post_title":"","_kad_post_layout":"","_kad_post_sidebar_id":"","_kad_post_content_style":"","_kad_post_vertical_padding":"","_kad_post_feature":"","_kad_post_feature_position":"","_kad_post_header":false,"_kad_post_footer":false,"_kad_post_classname":"","footnotes":""},"class_list":["post-4629","page","type-page","status-publish","hentry"],"yoast_head":"<!-- This site is optimized with the Yoast SEO plugin v27.4 - https:\/\/yoast.com\/product\/yoast-seo-wordpress\/ -->\n<title>Cookie Policy for Onpoki<\/title>\n<meta name=\"description\" content=\"This Cookie Policy explains how Onpoki uses cookies and how you can manage your preferences.\" \/>\n<meta name=\"robots\" content=\"index, follow, max-snippet:-1, max-image-preview:large, max-video-preview:-1\" \/>\n<link rel=\"canonical\" href=\"https:\/\/onpoki.com\/es\/cookie-policy\/\" \/>\n<meta property=\"og:locale\" content=\"es_ES\" \/>\n<meta property=\"og:type\" content=\"article\" \/>\n<meta property=\"og:title\" content=\"Cookie Policy for Onpoki\" \/>\n<meta property=\"og:description\" content=\"This Cookie Policy explains how Onpoki uses cookies and how you can manage your preferences.\" \/>\n<meta property=\"og:url\" content=\"https:\/\/onpoki.com\/es\/cookie-policy\/\" \/>\n<meta property=\"og:site_name\" content=\"Onpoki crochet\" \/>\n<meta property=\"article:publisher\" content=\"https:\/\/www.facebook.com\/onpoki\/\" \/>\n<meta property=\"article:modified_time\" content=\"2025-12-19T08:54:37+00:00\" \/>\n<meta property=\"og:image\" content=\"https:\/\/onpoki.com\/wp-content\/uploads\/2025\/11\/logo_sitio.png\" \/>\n\t<meta property=\"og:image:width\" content=\"1200\" \/>\n\t<meta property=\"og:image:height\" content=\"675\" \/>\n\t<meta property=\"og:image:type\" content=\"image\/png\" \/>\n<meta name=\"twitter:card\" content=\"summary_large_image\" \/>\n<meta name=\"twitter:label1\" content=\"Tiempo de lectura\" \/>\n\t<meta name=\"twitter:data1\" content=\"2 minutos\" \/>\n<script type=\"application\/ld+json\" class=\"yoast-schema-graph\">{\"@context\":\"https:\\\/\\\/schema.org\",\"@graph\":[{\"@type\":\"WebPage\",\"@id\":\"https:\\\/\\\/onpoki.com\\\/cookie-policy\\\/\",\"url\":\"https:\\\/\\\/onpoki.com\\\/cookie-policy\\\/\",\"name\":\"Cookie Policy for Onpoki\",\"isPartOf\":{\"@id\":\"https:\\\/\\\/onpoki.com\\\/#website\"},\"datePublished\":\"2025-11-28T11:13:40+00:00\",\"dateModified\":\"2025-12-19T08:54:37+00:00\",\"description\":\"This Cookie Policy explains how Onpoki uses cookies and how you can manage your preferences.\",\"breadcrumb\":{\"@id\":\"https:\\\/\\\/onpoki.com\\\/cookie-policy\\\/#breadcrumb\"},\"inLanguage\":\"es-AR\",\"potentialAction\":[{\"@type\":\"ReadAction\",\"target\":[\"https:\\\/\\\/onpoki.com\\\/cookie-policy\\\/\"]}]},{\"@type\":\"BreadcrumbList\",\"@id\":\"https:\\\/\\\/onpoki.com\\\/cookie-policy\\\/#breadcrumb\",\"itemListElement\":[{\"@type\":\"ListItem\",\"position\":1,\"name\":\"Home\",\"item\":\"https:\\\/\\\/onpoki.com\\\/\"},{\"@type\":\"ListItem\",\"position\":2,\"name\":\"Cookie Policy\"}]},{\"@type\":\"WebSite\",\"@id\":\"https:\\\/\\\/onpoki.com\\\/#website\",\"url\":\"https:\\\/\\\/onpoki.com\\\/\",\"name\":\"Onpoki\",\"description\":\"Original crochet patterns and handmade dolls\",\"publisher\":{\"@id\":\"https:\\\/\\\/onpoki.com\\\/#organization\"},\"alternateName\":\"Onpoki crochet\",\"potentialAction\":[{\"@type\":\"SearchAction\",\"target\":{\"@type\":\"EntryPoint\",\"urlTemplate\":\"https:\\\/\\\/onpoki.com\\\/?s={search_term_string}\"},\"query-input\":{\"@type\":\"PropertyValueSpecification\",\"valueRequired\":true,\"valueName\":\"search_term_string\"}}],\"inLanguage\":\"es-AR\"},{\"@type\":\"Organization\",\"@id\":\"https:\\\/\\\/onpoki.com\\\/#organization\",\"name\":\"Onpoki crochet\",\"url\":\"https:\\\/\\\/onpoki.com\\\/\",\"logo\":{\"@type\":\"ImageObject\",\"inLanguage\":\"es-AR\",\"@id\":\"https:\\\/\\\/onpoki.com\\\/#\\\/schema\\\/logo\\\/image\\\/\",\"url\":\"https:\\\/\\\/onpoki.com\\\/wp-content\\\/uploads\\\/2025\\\/11\\\/onpoki_logo_redondo.png\",\"contentUrl\":\"https:\\\/\\\/onpoki.com\\\/wp-content\\\/uploads\\\/2025\\\/11\\\/onpoki_logo_redondo.png\",\"width\":511,\"height\":512,\"caption\":\"Onpoki crochet\"},\"image\":{\"@id\":\"https:\\\/\\\/onpoki.com\\\/#\\\/schema\\\/logo\\\/image\\\/\"},\"sameAs\":[\"https:\\\/\\\/www.facebook.com\\\/onpoki\\\/\",\"https:\\\/\\\/www.instagram.com\\\/onpoki\"]}]}<\/script>\n<!-- \/ Yoast SEO plugin. -->","yoast_head_json":{"title":"Cookie Policy for Onpoki","description":"This Cookie Policy explains how Onpoki uses cookies and how you can manage your preferences.","robots":{"index":"index","follow":"follow","max-snippet":"max-snippet:-1","max-image-preview":"max-image-preview:large","max-video-preview":"max-video-preview:-1"},"canonical":"https:\/\/onpoki.com\/es\/cookie-policy\/","og_locale":"es_ES","og_type":"article","og_title":"Cookie Policy for Onpoki","og_description":"This Cookie Policy explains how Onpoki uses cookies and how you can manage your preferences.","og_url":"https:\/\/onpoki.com\/es\/cookie-policy\/","og_site_name":"Onpoki crochet","article_publisher":"https:\/\/www.facebook.com\/onpoki\/","article_modified_time":"2025-12-19T08:54:37+00:00","og_image":[{"width":1200,"height":675,"url":"https:\/\/onpoki.com\/wp-content\/uploads\/2025\/11\/logo_sitio.png","type":"image\/png"}],"twitter_card":"summary_large_image","twitter_misc":{"Tiempo de lectura":"2 minutos"},"schema":{"@context":"https:\/\/schema.org","@graph":[{"@type":"WebPage","@id":"https:\/\/onpoki.com\/cookie-policy\/","url":"https:\/\/onpoki.com\/cookie-policy\/","name":"Cookie Policy for Onpoki","isPartOf":{"@id":"https:\/\/onpoki.com\/#website"},"datePublished":"2025-11-28T11:13:40+00:00","dateModified":"2025-12-19T08:54:37+00:00","description":"This Cookie Policy explains how Onpoki uses cookies and how you can manage your preferences.","breadcrumb":{"@id":"https:\/\/onpoki.com\/cookie-policy\/#breadcrumb"},"inLanguage":"es-AR","potentialAction":[{"@type":"ReadAction","target":["https:\/\/onpoki.com\/cookie-policy\/"]}]},{"@type":"BreadcrumbList","@id":"https:\/\/onpoki.com\/cookie-policy\/#breadcrumb","itemListElement":[{"@type":"ListItem","position":1,"name":"Home","item":"https:\/\/onpoki.com\/"},{"@type":"ListItem","position":2,"name":"Cookie Policy"}]},{"@type":"WebSite","@id":"https:\/\/onpoki.com\/#website","url":"https:\/\/onpoki.com\/","name":"Onpoki","description":"Original crochet patterns and handmade dolls","publisher":{"@id":"https:\/\/onpoki.com\/#organization"},"alternateName":"Onpoki crochet","potentialAction":[{"@type":"SearchAction","target":{"@type":"EntryPoint","urlTemplate":"https:\/\/onpoki.com\/?s={search_term_string}"},"query-input":{"@type":"PropertyValueSpecification","valueRequired":true,"valueName":"search_term_string"}}],"inLanguage":"es-AR"},{"@type":"Organization","@id":"https:\/\/onpoki.com\/#organization","name":"Onpoki crochet","url":"https:\/\/onpoki.com\/","logo":{"@type":"ImageObject","inLanguage":"es-AR","@id":"https:\/\/onpoki.com\/#\/schema\/logo\/image\/","url":"https:\/\/onpoki.com\/wp-content\/uploads\/2025\/11\/onpoki_logo_redondo.png","contentUrl":"https:\/\/onpoki.com\/wp-content\/uploads\/2025\/11\/onpoki_logo_redondo.png","width":511,"height":512,"caption":"Onpoki crochet"},"image":{"@id":"https:\/\/onpoki.com\/#\/schema\/logo\/image\/"},"sameAs":["https:\/\/www.facebook.com\/onpoki\/","https:\/\/www.instagram.com\/onpoki"]}]}},"jetpack_sharing_enabled":true,"_links":{"self":[{"href":"https:\/\/onpoki.com\/es\/wp-json\/wp\/v2\/pages\/4629","targetHints":{"allow":["GET"]}}],"collection":[{"href":"https:\/\/onpoki.com\/es\/wp-json\/wp\/v2\/pages"}],"about":[{"href":"https:\/\/onpoki.com\/es\/wp-json\/wp\/v2\/types\/page"}],"author":[{"embeddable":true,"href":"https:\/\/onpoki.com\/es\/wp-json\/wp\/v2\/users\/1"}],"replies":[{"embeddable":true,"href":"https:\/\/onpoki.com\/es\/wp-json\/wp\/v2\/comments?post=4629"}],"version-history":[{"count":4,"href":"https:\/\/onpoki.com\/es\/wp-json\/wp\/v2\/pages\/4629\/revisions"}],"predecessor-version":[{"id":4895,"href":"https:\/\/onpoki.com\/es\/wp-json\/wp\/v2\/pages\/4629\/revisions\/4895"}],"wp:attachment":[{"href":"https:\/\/onpoki.com\/es\/wp-json\/wp\/v2\/media?parent=4629"}],"curies":[{"name":"wp","href":"https:\/\/api.w.org\/{rel}","templated":true}]}}