{"id":2117,"date":"2025-07-31T11:12:32","date_gmt":"2025-07-31T11:12:32","guid":{"rendered":"https:\/\/onpoki.com\/?post_type=product&#038;p=2117"},"modified":"2026-04-20T18:31:48","modified_gmt":"2026-04-20T05:31:48","slug":"chewbacca-crochet-pattern","status":"publish","type":"product","link":"https:\/\/onpoki.com\/es\/producto\/chewbacca-crochet-pattern\/","title":{"rendered":"Chewbacca \u2013 Patr\u00f3n de Crochet de Guerra de las Galaxias (PDF) \u2013 English \u2013 Espa\u00f1ol \u2013 Portugu\u00eas"},"content":{"rendered":"<h4 data-start=\"391\" data-end=\"466\"><strong data-start=\"391\" data-end=\"466\">Patr\u00f3n de Crochet de Chewbacca \u2013 Un dise\u00f1o s\u00faper f\u00e1cil para fans de Guerra de las Galaxias por Onpoki<\/strong><\/h4>\n<p data-start=\"468\" data-end=\"699\">Tej\u00e9 a tu propio wookiee con este patr\u00f3n de Chewbacca en crochet, un tributo hecho por una fan al universo de Guerra de las Galaxias. Dise\u00f1ado con cari\u00f1o para otras fans, incluye una gu\u00eda paso a paso para ayudarte a recrear este personaje ic\u00f3nico en hilo.<\/p>\n<p data-start=\"701\" data-end=\"1005\">El patr\u00f3n incluye instrucciones escritas detalladas y 99 im\u00e1genes de alta calidad que te acompa\u00f1an en cada etapa del proceso. Tambi\u00e9n vas a encontrar consejos para que tu Chewie se mantenga de pie por s\u00ed mismo, adem\u00e1s de explicaciones claras para ensamblar todas las piezas y agregar esos detalles finales que lo hacen realmente especial.<\/p>\n<p data-start=\"1007\" data-end=\"1309\">Ya sea que est\u00e9s tejiendo a Chewbacca como regalo para otra fan de Guerra de las Galaxias o sum\u00e1ndolo a tu propia colecci\u00f3n de amigurumis, este patr\u00f3n te va a guiar en cada paso con total confianza. Es apto para principiantes pero lleno de personalidad, perfecto para quienes aman combinar la cultura geek con el encanto de lo hecho a mano.<\/p>\n<p data-start=\"1311\" data-end=\"1529\"><strong data-start=\"1311\" data-end=\"1325\">Lenguajes:<\/strong><br data-start=\"1325\" data-end=\"1328\" \/>\u2013 English (US terms \u2013 includes table with US\/UK terminology differences)<br data-start=\"1400\" data-end=\"1403\" \/>\u2013 Espa\u00f1ol (t\u00e9rminos de Espa\u00f1a \u2013 incluye tabla con diferencias entre Espa\u00f1a y Latinoam\u00e9rica)<br data-start=\"1494\" data-end=\"1497\" \/>\u2013 Portugu\u00eas (termos do Brasil)<\/p>\n<p data-start=\"1531\" data-end=\"1652\"><strong data-start=\"1531\" data-end=\"1547\">Nivel de dificultad:<\/strong><br data-start=\"1547\" data-end=\"1550\" \/>Principiante Nivel 1 \u2013 C\u00f3moda con anillo m\u00e1gico, punto bajo, aumento, disminuci\u00f3n y punto deslizado.<\/p>\n<p data-start=\"1654\" data-end=\"1718\"><strong data-start=\"1654\" data-end=\"1665\">Formato:<\/strong><br data-start=\"1665\" data-end=\"1668\" \/>PDF imprimible \u2013 16 p\u00e1ginas con 99 im\u00e1genes \u00fatiles.<\/p>\n<p data-start=\"1720\" data-end=\"1890\"><strong data-start=\"1720\" data-end=\"1729\">Tama\u00f1o:<\/strong><br data-start=\"1729\" data-end=\"1732\" \/>Aproximadamente 16 cm de alto \u00d7 6.5 cm de ancho (6.29\u2033 \u00d7 2.55\u2033) usando hilo Aran y una aguja de 3.5 mm (US E\/4).<br data-start=\"1824\" data-end=\"1827\" \/>Usar grosores de hilo diferentes solo afectar\u00e1 el tama\u00f1o final.<\/p>\n<p data-start=\"1892\" data-end=\"1961\"><strong data-start=\"1892\" data-end=\"1908\">Hilo que vas a necesitar:<\/strong><br data-start=\"1908\" data-end=\"1911\" \/>Menos de 50 g de hilo para todo el amigurumi.<\/p>\n<p data-start=\"1963\" data-end=\"2180\"><strong data-start=\"1963\" data-end=\"1972\">Nota:<\/strong><br data-start=\"1972\" data-end=\"1975\" \/>Este es un patr\u00f3n de crochet digital (no un producto terminado).<br data-start=\"2031\" data-end=\"2034\" \/>Chewbacca es un personaje creado por George Lucas. Este patr\u00f3n es un tributo independiente hecho por una fan y no tiene ninguna afiliaci\u00f3n con la franquicia oficial.<\/p>\n<p data-start=\"2182\" data-end=\"2389\"><strong data-start=\"2182\" data-end=\"2220\">\u00bfPrefer\u00eds comprar en otras plataformas?<\/strong><br data-start=\"2220\" data-end=\"2223\" \/>Si prefer\u00eds Etsy o Ravelry, este patr\u00f3n tambi\u00e9n est\u00e1 disponible all\u00ed (ten\u00e9 en cuenta que los precios pueden variar ligeramente debido a las tarifas de cada plataforma).<br data-start=\"2348\" data-end=\"2351\" \/>\u2013 <a href=\"https:\/\/www.etsy.com\/nz\/listing\/583412703\/chewbacca-crochet-pattern-star-wars\">Etsy \u2013 Onpoki<\/a><br data-start=\"2366\" data-end=\"2369\" \/>\u2013 <a href=\"https:\/\/www.ravelry.com\/patterns\/library\/chewbacca-star-wars-amigurumi\">Ravelry \u2013 Onpoki<\/a><\/p>\n<p data-start=\"2391\" data-end=\"2577\"><strong data-start=\"2391\" data-end=\"2430\">Completa tu colecci\u00f3n de La guerra de las galaxias.<\/strong><br data-start=\"2430\" data-end=\"2433\" \/>\ud83e\udde1 <a href=\"https:\/\/onpoki.com\/es\/producto\/han-solo-crochet-pattern\/\">Patr\u00f3n crochet Han Solo<\/a><br data-start=\"2460\" data-end=\"2463\" \/>\ud83d\udc9b <a href=\"https:\/\/onpoki.com\/es\/producto\/luke-skywalker-crochet-pattern\/\">Patr\u00f3n crochet Luke Skywalker<\/a><br data-start=\"2496\" data-end=\"2499\" \/>\ud83d\udc9a <a href=\"https:\/\/onpoki.com\/es\/producto\/princess-leia-crochet-pattern\/\">Patr\u00f3n crochet Princesa Leia<\/a><br data-start=\"2531\" data-end=\"2534\" \/>\ud83d\udc99 <a href=\"https:\/\/onpoki.com\/es\/free-patterns\/grogu-baby-yoda-free-pattern\/\">GRATIS Grogu (Bebe Yoda) - Patr\u00f3n crochet<\/a><\/p>","protected":false},"excerpt":{"rendered":"<p>Patr\u00f3n de amigurumi de Chewbacca en crochet \u2013 PDF digital con instrucciones paso a paso y 99 im\u00e1genes.<\/p>","protected":false},"featured_media":2133,"comment_status":"open","ping_status":"closed","template":"","meta":{"_kadence_starter_templates_imported_post":false,"_kad_post_transparent":"default","_kad_post_title":"","_kad_post_layout":"default","_kad_post_sidebar_id":"","_kad_post_content_style":"default","_kad_post_vertical_padding":"default","_kad_post_feature":"","_kad_post_feature_position":"","_kad_post_header":false,"_kad_post_footer":false,"_kad_post_classname":""},"product_brand":[],"product_cat":[74],"product_tag":[84,85,76],"class_list":{"0":"post-2117","1":"product","2":"type-product","3":"status-publish","4":"has-post-thumbnail","6":"product_cat-crochet-patterns","7":"product_tag-digital-pattern","8":"product_tag-pdf","9":"product_tag-star-wars","11":"first","12":"instock","13":"sale","14":"featured","15":"downloadable","16":"virtual","17":"sold-individually","18":"purchasable","19":"product-type-simple","20":"entry","21":"content-bg","22":"loop-entry"},"yoast_head":"<!-- This site is optimized with the Yoast SEO plugin v27.4 - https:\/\/yoast.com\/product\/yoast-seo-wordpress\/ -->\n<title>Chewbacca Crochet Pattern \u2013 Star Wars Amigurumi (EN\/ES\/PT)<\/title>\n<meta name=\"description\" content=\"Crochet your own Chewbacca with this easy Star Wars amigurumi pattern \u2013 16 pages and 99 photos for all skill levels.\" \/>\n<meta name=\"robots\" content=\"index, follow, max-snippet:-1, max-image-preview:large, max-video-preview:-1\" \/>\n<link rel=\"canonical\" href=\"https:\/\/onpoki.com\/es\/producto\/chewbacca-crochet-pattern\/\" \/>\n<meta property=\"og:locale\" content=\"es_ES\" \/>\n<meta property=\"og:type\" content=\"article\" \/>\n<meta property=\"og:title\" content=\"Chewbacca Crochet Pattern \u2013 Star Wars Amigurumi (EN\/ES\/PT)\" \/>\n<meta property=\"og:description\" content=\"Crochet your own Chewbacca with this easy Star Wars amigurumi pattern \u2013 16 pages and 99 photos for all skill levels.\" \/>\n<meta property=\"og:url\" content=\"https:\/\/onpoki.com\/es\/producto\/chewbacca-crochet-pattern\/\" \/>\n<meta property=\"og:site_name\" content=\"Onpoki crochet\" \/>\n<meta property=\"article:publisher\" content=\"https:\/\/www.facebook.com\/onpoki\/\" \/>\n<meta property=\"article:modified_time\" content=\"2026-04-20T05:31:48+00:00\" \/>\n<meta property=\"og:image\" content=\"https:\/\/onpoki.com\/wp-content\/uploads\/2025\/07\/primera_foto.jpg\" \/>\n\t<meta property=\"og:image:width\" content=\"1200\" \/>\n\t<meta property=\"og:image:height\" content=\"1200\" \/>\n\t<meta property=\"og:image:type\" content=\"image\/jpeg\" \/>\n<meta name=\"twitter:card\" content=\"summary_large_image\" \/>\n<meta name=\"twitter:label1\" content=\"Tiempo de lectura\" \/>\n\t<meta name=\"twitter:data1\" content=\"2 minutos\" \/>\n<script type=\"application\/ld+json\" class=\"yoast-schema-graph\">{\"@context\":\"https:\\\/\\\/schema.org\",\"@graph\":[{\"@type\":\"WebPage\",\"@id\":\"https:\\\/\\\/onpoki.com\\\/product\\\/chewbacca-crochet-pattern\\\/\",\"url\":\"https:\\\/\\\/onpoki.com\\\/product\\\/chewbacca-crochet-pattern\\\/\",\"name\":\"Chewbacca Crochet Pattern \u2013 Star Wars Amigurumi (EN\\\/ES\\\/PT)\",\"isPartOf\":{\"@id\":\"https:\\\/\\\/onpoki.com\\\/#website\"},\"primaryImageOfPage\":{\"@id\":\"https:\\\/\\\/onpoki.com\\\/product\\\/chewbacca-crochet-pattern\\\/#primaryimage\"},\"image\":{\"@id\":\"https:\\\/\\\/onpoki.com\\\/product\\\/chewbacca-crochet-pattern\\\/#primaryimage\"},\"thumbnailUrl\":\"https:\\\/\\\/onpoki.com\\\/wp-content\\\/uploads\\\/2025\\\/07\\\/primera_foto.jpg\",\"datePublished\":\"2025-07-31T11:12:32+00:00\",\"dateModified\":\"2026-04-20T05:31:48+00:00\",\"description\":\"Crochet your own Chewbacca with this easy Star Wars amigurumi pattern \u2013 16 pages and 99 photos for all skill levels.\",\"breadcrumb\":{\"@id\":\"https:\\\/\\\/onpoki.com\\\/product\\\/chewbacca-crochet-pattern\\\/#breadcrumb\"},\"inLanguage\":\"es-AR\",\"potentialAction\":[{\"@type\":\"ReadAction\",\"target\":[\"https:\\\/\\\/onpoki.com\\\/product\\\/chewbacca-crochet-pattern\\\/\"]}]},{\"@type\":\"ImageObject\",\"inLanguage\":\"es-AR\",\"@id\":\"https:\\\/\\\/onpoki.com\\\/product\\\/chewbacca-crochet-pattern\\\/#primaryimage\",\"url\":\"https:\\\/\\\/onpoki.com\\\/wp-content\\\/uploads\\\/2025\\\/07\\\/primera_foto.jpg\",\"contentUrl\":\"https:\\\/\\\/onpoki.com\\\/wp-content\\\/uploads\\\/2025\\\/07\\\/primera_foto.jpg\",\"width\":1200,\"height\":1200,\"caption\":\"Chewbacca crochet pattern \u2013 handmade amigurumi doll by Onpoki\"},{\"@type\":\"BreadcrumbList\",\"@id\":\"https:\\\/\\\/onpoki.com\\\/product\\\/chewbacca-crochet-pattern\\\/#breadcrumb\",\"itemListElement\":[{\"@type\":\"ListItem\",\"position\":1,\"name\":\"Home\",\"item\":\"https:\\\/\\\/onpoki.com\\\/\"},{\"@type\":\"ListItem\",\"position\":2,\"name\":\"Chewbacca \u2013 Star Wars Crochet Pattern (PDF) \u2013 English \u2013 Espa\u00f1ol \u2013 Portugu\u00eas\"}]},{\"@type\":\"WebSite\",\"@id\":\"https:\\\/\\\/onpoki.com\\\/#website\",\"url\":\"https:\\\/\\\/onpoki.com\\\/\",\"name\":\"Onpoki\",\"description\":\"Original crochet patterns and handmade dolls\",\"publisher\":{\"@id\":\"https:\\\/\\\/onpoki.com\\\/#organization\"},\"alternateName\":\"Onpoki crochet\",\"potentialAction\":[{\"@type\":\"SearchAction\",\"target\":{\"@type\":\"EntryPoint\",\"urlTemplate\":\"https:\\\/\\\/onpoki.com\\\/?s={search_term_string}\"},\"query-input\":{\"@type\":\"PropertyValueSpecification\",\"valueRequired\":true,\"valueName\":\"search_term_string\"}}],\"inLanguage\":\"es-AR\"},{\"@type\":\"Organization\",\"@id\":\"https:\\\/\\\/onpoki.com\\\/#organization\",\"name\":\"Onpoki crochet\",\"url\":\"https:\\\/\\\/onpoki.com\\\/\",\"logo\":{\"@type\":\"ImageObject\",\"inLanguage\":\"es-AR\",\"@id\":\"https:\\\/\\\/onpoki.com\\\/#\\\/schema\\\/logo\\\/image\\\/\",\"url\":\"https:\\\/\\\/onpoki.com\\\/wp-content\\\/uploads\\\/2025\\\/11\\\/onpoki_logo_redondo.png\",\"contentUrl\":\"https:\\\/\\\/onpoki.com\\\/wp-content\\\/uploads\\\/2025\\\/11\\\/onpoki_logo_redondo.png\",\"width\":511,\"height\":512,\"caption\":\"Onpoki crochet\"},\"image\":{\"@id\":\"https:\\\/\\\/onpoki.com\\\/#\\\/schema\\\/logo\\\/image\\\/\"},\"sameAs\":[\"https:\\\/\\\/www.facebook.com\\\/onpoki\\\/\",\"https:\\\/\\\/www.instagram.com\\\/onpoki\"]}]}<\/script>\n<!-- \/ Yoast SEO plugin. -->","yoast_head_json":{"title":"Chewbacca Crochet Pattern \u2013 Star Wars Amigurumi (EN\/ES\/PT)","description":"Crochet your own Chewbacca with this easy Star Wars amigurumi pattern \u2013 16 pages and 99 photos for all skill levels.","robots":{"index":"index","follow":"follow","max-snippet":"max-snippet:-1","max-image-preview":"max-image-preview:large","max-video-preview":"max-video-preview:-1"},"canonical":"https:\/\/onpoki.com\/es\/producto\/chewbacca-crochet-pattern\/","og_locale":"es_ES","og_type":"article","og_title":"Chewbacca Crochet Pattern \u2013 Star Wars Amigurumi (EN\/ES\/PT)","og_description":"Crochet your own Chewbacca with this easy Star Wars amigurumi pattern \u2013 16 pages and 99 photos for all skill levels.","og_url":"https:\/\/onpoki.com\/es\/producto\/chewbacca-crochet-pattern\/","og_site_name":"Onpoki crochet","article_publisher":"https:\/\/www.facebook.com\/onpoki\/","article_modified_time":"2026-04-20T05:31:48+00:00","og_image":[{"width":1200,"height":1200,"url":"https:\/\/onpoki.com\/wp-content\/uploads\/2025\/07\/primera_foto.jpg","type":"image\/jpeg"}],"twitter_card":"summary_large_image","twitter_misc":{"Tiempo de lectura":"2 minutos"},"schema":{"@context":"https:\/\/schema.org","@graph":[{"@type":"WebPage","@id":"https:\/\/onpoki.com\/product\/chewbacca-crochet-pattern\/","url":"https:\/\/onpoki.com\/product\/chewbacca-crochet-pattern\/","name":"Chewbacca Crochet Pattern \u2013 Star Wars Amigurumi (EN\/ES\/PT)","isPartOf":{"@id":"https:\/\/onpoki.com\/#website"},"primaryImageOfPage":{"@id":"https:\/\/onpoki.com\/product\/chewbacca-crochet-pattern\/#primaryimage"},"image":{"@id":"https:\/\/onpoki.com\/product\/chewbacca-crochet-pattern\/#primaryimage"},"thumbnailUrl":"https:\/\/onpoki.com\/wp-content\/uploads\/2025\/07\/primera_foto.jpg","datePublished":"2025-07-31T11:12:32+00:00","dateModified":"2026-04-20T05:31:48+00:00","description":"Crochet your own Chewbacca with this easy Star Wars amigurumi pattern \u2013 16 pages and 99 photos for all skill levels.","breadcrumb":{"@id":"https:\/\/onpoki.com\/product\/chewbacca-crochet-pattern\/#breadcrumb"},"inLanguage":"es-AR","potentialAction":[{"@type":"ReadAction","target":["https:\/\/onpoki.com\/product\/chewbacca-crochet-pattern\/"]}]},{"@type":"ImageObject","inLanguage":"es-AR","@id":"https:\/\/onpoki.com\/product\/chewbacca-crochet-pattern\/#primaryimage","url":"https:\/\/onpoki.com\/wp-content\/uploads\/2025\/07\/primera_foto.jpg","contentUrl":"https:\/\/onpoki.com\/wp-content\/uploads\/2025\/07\/primera_foto.jpg","width":1200,"height":1200,"caption":"Chewbacca crochet pattern \u2013 handmade amigurumi doll by Onpoki"},{"@type":"BreadcrumbList","@id":"https:\/\/onpoki.com\/product\/chewbacca-crochet-pattern\/#breadcrumb","itemListElement":[{"@type":"ListItem","position":1,"name":"Home","item":"https:\/\/onpoki.com\/"},{"@type":"ListItem","position":2,"name":"Chewbacca \u2013 Star Wars Crochet Pattern (PDF) \u2013 English \u2013 Espa\u00f1ol \u2013 Portugu\u00eas"}]},{"@type":"WebSite","@id":"https:\/\/onpoki.com\/#website","url":"https:\/\/onpoki.com\/","name":"Onpoki","description":"Original crochet patterns and handmade dolls","publisher":{"@id":"https:\/\/onpoki.com\/#organization"},"alternateName":"Onpoki crochet","potentialAction":[{"@type":"SearchAction","target":{"@type":"EntryPoint","urlTemplate":"https:\/\/onpoki.com\/?s={search_term_string}"},"query-input":{"@type":"PropertyValueSpecification","valueRequired":true,"valueName":"search_term_string"}}],"inLanguage":"es-AR"},{"@type":"Organization","@id":"https:\/\/onpoki.com\/#organization","name":"Onpoki crochet","url":"https:\/\/onpoki.com\/","logo":{"@type":"ImageObject","inLanguage":"es-AR","@id":"https:\/\/onpoki.com\/#\/schema\/logo\/image\/","url":"https:\/\/onpoki.com\/wp-content\/uploads\/2025\/11\/onpoki_logo_redondo.png","contentUrl":"https:\/\/onpoki.com\/wp-content\/uploads\/2025\/11\/onpoki_logo_redondo.png","width":511,"height":512,"caption":"Onpoki crochet"},"image":{"@id":"https:\/\/onpoki.com\/#\/schema\/logo\/image\/"},"sameAs":["https:\/\/www.facebook.com\/onpoki\/","https:\/\/www.instagram.com\/onpoki"]}]}},"jetpack_sharing_enabled":true,"_links":{"self":[{"href":"https:\/\/onpoki.com\/es\/wp-json\/wp\/v2\/product\/2117","targetHints":{"allow":["GET"]}}],"collection":[{"href":"https:\/\/onpoki.com\/es\/wp-json\/wp\/v2\/product"}],"about":[{"href":"https:\/\/onpoki.com\/es\/wp-json\/wp\/v2\/types\/product"}],"replies":[{"embeddable":true,"href":"https:\/\/onpoki.com\/es\/wp-json\/wp\/v2\/comments?post=2117"}],"wp:featuredmedia":[{"embeddable":true,"href":"https:\/\/onpoki.com\/es\/wp-json\/wp\/v2\/media\/2133"}],"wp:attachment":[{"href":"https:\/\/onpoki.com\/es\/wp-json\/wp\/v2\/media?parent=2117"}],"wp:term":[{"taxonomy":"product_brand","embeddable":true,"href":"https:\/\/onpoki.com\/es\/wp-json\/wp\/v2\/product_brand?post=2117"},{"taxonomy":"product_cat","embeddable":true,"href":"https:\/\/onpoki.com\/es\/wp-json\/wp\/v2\/product_cat?post=2117"},{"taxonomy":"product_tag","embeddable":true,"href":"https:\/\/onpoki.com\/es\/wp-json\/wp\/v2\/product_tag?post=2117"}],"curies":[{"name":"wp","href":"https:\/\/api.w.org\/{rel}","templated":true}]}}