{"id":2171,"date":"2025-08-12T23:27:25","date_gmt":"2025-08-12T23:27:25","guid":{"rendered":"https:\/\/onpoki.com\/?post_type=product&#038;p=2171"},"modified":"2025-11-25T10:13:20","modified_gmt":"2025-11-24T21:13:20","slug":"little-kiwi-crochet-pattern","status":"publish","type":"product","link":"https:\/\/onpoki.com\/es\/producto\/little-kiwi-crochet-pattern\/","title":{"rendered":"Peque\u00f1o Kiwi Patr\u00f3n de Crochet \u2013 Amigurumi del ave de Nueva Zelanda (EN\/ES)"},"content":{"rendered":"<h4 data-start=\"418\" data-end=\"491\">Patr\u00f3n de Crochet del Peque\u00f1o Kiwi \u2013 Un tierno dise\u00f1o del ave de Nueva Zelanda por Onpoki<\/h4>\n<p data-start=\"493\" data-end=\"760\">Tej\u00e9 a tu propio kiwi ic\u00f3nico con este patr\u00f3n del Peque\u00f1o Kiwi en crochet, un tributo hecho a mano al querido s\u00edmbolo nacional de Nueva Zelanda. Este dise\u00f1o est\u00e1 lleno de personalidad y es apto para principiantes, gui\u00e1ndote en cada paso para que puedas darle vida a tu kiwi en hilo.<\/p>\n<p data-start=\"762\" data-end=\"1005\">El patr\u00f3n incluye instrucciones escritas claras y detalladas, adem\u00e1s de 56 im\u00e1genes \u00fatiles que te acompa\u00f1an durante todo el proceso. Vas a aprender c\u00f3mo ensamblar correctamente el pico y las patitas al cuerpo y c\u00f3mo hacer una triple disminuci\u00f3n prolija para lograr un acabado uniforme.<\/p>\n<p data-start=\"1007\" data-end=\"1208\">Ya sea que est\u00e9s creando este Peque\u00f1o Kiwi como un recuerdo, un regalo para alguien que ame las aves o para sumarlo a tu colecci\u00f3n de amigurumis, este patr\u00f3n te va a ayudar a crear una pieza \u00fanica con confianza y encanto.<\/p>\n<p data-start=\"1210\" data-end=\"1395\"><strong data-start=\"1210\" data-end=\"1224\">Lenguajes:<\/strong><br data-start=\"1224\" data-end=\"1227\" \/>\u2013 English (US terms \u2013 includes table with US\/UK terminology differences)<br data-start=\"1299\" data-end=\"1302\" \/>\u2013 Espa\u00f1ol (t\u00e9rminos de Espa\u00f1a \u2013 incluye tabla con diferencias entre Espa\u00f1a y Latinoam\u00e9rica)<\/p>\n<p data-start=\"1397\" data-end=\"1552\"><strong data-start=\"1397\" data-end=\"1413\">Nivel de dificultad:<\/strong><br data-start=\"1413\" data-end=\"1416\" \/>Principiante Nivel 2 \u2013 C\u00f3moda con anillo m\u00e1gico, punto bajo, aumento, disminuci\u00f3n, punto deslizado y lista para aprender una triple disminuci\u00f3n.<\/p>\n<p data-start=\"1554\" data-end=\"1618\"><strong data-start=\"1554\" data-end=\"1565\">Formato:<\/strong><br data-start=\"1565\" data-end=\"1568\" \/>PDF imprimible \u2013 13 p\u00e1ginas con 56 im\u00e1genes \u00fatiles.<\/p>\n<p data-start=\"1620\" data-end=\"1849\"><strong data-start=\"1620\" data-end=\"1629\">Tama\u00f1o:<\/strong><br data-start=\"1629\" data-end=\"1632\" \/>Aproximadamente 5.5 cm de ancho \u00d7 10 cm de alto (2.16\u2033 \u00d7 3.93\u2033) usando hilo Aran (medium \/ 4 \/ 10 ply \/ worsted \/ afghan) y una aguja de 3.00 mm (US D\/3\u2026 UK-CAN 11). Usar grosores de hilo diferentes solo modificar\u00e1 el tama\u00f1o final.<\/p>\n<p data-start=\"1921\" data-end=\"1991\"><strong data-start=\"1921\" data-end=\"1930\">Nota:<\/strong><br data-start=\"1930\" data-end=\"1933\" \/>Este es un patr\u00f3n de crochet digital (no un producto terminado).<\/p>\n<p data-start=\"1993\" data-end=\"2068\"><strong data-start=\"1993\" data-end=\"2031\">\u00bfPrefer\u00eds comprar en otras plataformas?<\/strong><br data-start=\"2031\" data-end=\"2034\" \/><a href=\"https:\/\/www.etsy.com\/listing\/533844833\/pattern-little-kiwi-bird-crochet-new\">Etsy \u2013 Onpoki<\/a><br data-start=\"2047\" data-end=\"2050\" \/><a href=\"https:\/\/www.ravelry.com\/patterns\/library\/kiwi-amigurumi-bird\">Ravelry \u2013 Onpoki<\/a><\/p>","protected":false},"excerpt":{"rendered":"<p>Patr\u00f3n de amigurumi del Peque\u00f1o Kiwi en crochet \u2013 PDF digital con instrucciones paso a paso y 56 im\u00e1genes.<\/p>","protected":false},"featured_media":2172,"comment_status":"open","ping_status":"closed","template":"","meta":{"_kadence_starter_templates_imported_post":false,"_kad_post_transparent":"default","_kad_post_title":"","_kad_post_layout":"default","_kad_post_sidebar_id":"","_kad_post_content_style":"default","_kad_post_vertical_padding":"default","_kad_post_feature":"","_kad_post_feature_position":"","_kad_post_header":false,"_kad_post_footer":false,"_kad_post_classname":""},"product_brand":[],"product_cat":[74],"product_tag":[84,85],"class_list":{"0":"post-2171","1":"product","2":"type-product","3":"status-publish","4":"has-post-thumbnail","6":"product_cat-crochet-patterns","7":"product_tag-digital-pattern","8":"product_tag-pdf","10":"first","11":"instock","12":"sale","13":"downloadable","14":"virtual","15":"purchasable","16":"product-type-simple","17":"entry","18":"content-bg","19":"loop-entry"},"yoast_head":"<!-- This site is optimized with the Yoast SEO plugin v26.9 - https:\/\/yoast.com\/product\/yoast-seo-wordpress\/ -->\n<title>Little Kiwi Crochet Pattern \u2013 New Zealand Bird Amigurumi (EN\/ES)<\/title>\n<meta name=\"description\" content=\"Crochet your own New Zealand kiwi bird with this beginner-friendly amigurumi pattern \u2013 13 pages and 56 step-by-step photos.\" \/>\n<meta name=\"robots\" content=\"index, follow, max-snippet:-1, max-image-preview:large, max-video-preview:-1\" \/>\n<link rel=\"canonical\" href=\"https:\/\/onpoki.com\/es\/producto\/little-kiwi-crochet-pattern\/\" \/>\n<meta property=\"og:locale\" content=\"es_ES\" \/>\n<meta property=\"og:type\" content=\"article\" \/>\n<meta property=\"og:title\" content=\"Little Kiwi Crochet Pattern \u2013 New Zealand Bird Amigurumi (EN\/ES)\" \/>\n<meta property=\"og:description\" content=\"Crochet your own New Zealand kiwi bird with this beginner-friendly amigurumi pattern \u2013 13 pages and 56 step-by-step photos.\" \/>\n<meta property=\"og:url\" content=\"https:\/\/onpoki.com\/es\/producto\/little-kiwi-crochet-pattern\/\" \/>\n<meta property=\"og:site_name\" content=\"Onpoki crochet\" \/>\n<meta property=\"article:publisher\" content=\"https:\/\/www.facebook.com\/onpoki\/\" \/>\n<meta property=\"article:modified_time\" content=\"2025-11-24T21:13:20+00:00\" \/>\n<meta property=\"og:image\" content=\"https:\/\/onpoki.com\/wp-content\/uploads\/2025\/08\/2019kiwi_pattern_etsy-1024x1024.jpg\" \/>\n\t<meta property=\"og:image:width\" content=\"1024\" \/>\n\t<meta property=\"og:image:height\" content=\"1024\" \/>\n\t<meta property=\"og:image:type\" content=\"image\/jpeg\" \/>\n<meta name=\"twitter:card\" content=\"summary_large_image\" \/>\n<meta name=\"twitter:label1\" content=\"Tiempo de lectura\" \/>\n\t<meta name=\"twitter:data1\" content=\"2 minutos\" \/>\n<script type=\"application\/ld+json\" class=\"yoast-schema-graph\">{\"@context\":\"https:\/\/schema.org\",\"@graph\":[{\"@type\":\"WebPage\",\"@id\":\"https:\/\/onpoki.com\/product\/little-kiwi-crochet-pattern\/\",\"url\":\"https:\/\/onpoki.com\/product\/little-kiwi-crochet-pattern\/\",\"name\":\"Little Kiwi Crochet Pattern \u2013 New Zealand Bird Amigurumi (EN\/ES)\",\"isPartOf\":{\"@id\":\"https:\/\/onpoki.com\/#website\"},\"primaryImageOfPage\":{\"@id\":\"https:\/\/onpoki.com\/product\/little-kiwi-crochet-pattern\/#primaryimage\"},\"image\":{\"@id\":\"https:\/\/onpoki.com\/product\/little-kiwi-crochet-pattern\/#primaryimage\"},\"thumbnailUrl\":\"https:\/\/onpoki.com\/wp-content\/uploads\/2025\/08\/2019kiwi_pattern_etsy.jpg\",\"datePublished\":\"2025-08-12T23:27:25+00:00\",\"dateModified\":\"2025-11-24T21:13:20+00:00\",\"description\":\"Crochet your own New Zealand kiwi bird with this beginner-friendly amigurumi pattern \u2013 13 pages and 56 step-by-step photos.\",\"breadcrumb\":{\"@id\":\"https:\/\/onpoki.com\/product\/little-kiwi-crochet-pattern\/#breadcrumb\"},\"inLanguage\":\"es-AR\",\"potentialAction\":[{\"@type\":\"ReadAction\",\"target\":[\"https:\/\/onpoki.com\/product\/little-kiwi-crochet-pattern\/\"]}]},{\"@type\":\"ImageObject\",\"inLanguage\":\"es-AR\",\"@id\":\"https:\/\/onpoki.com\/product\/little-kiwi-crochet-pattern\/#primaryimage\",\"url\":\"https:\/\/onpoki.com\/wp-content\/uploads\/2025\/08\/2019kiwi_pattern_etsy.jpg\",\"contentUrl\":\"https:\/\/onpoki.com\/wp-content\/uploads\/2025\/08\/2019kiwi_pattern_etsy.jpg\",\"width\":2000,\"height\":2000},{\"@type\":\"BreadcrumbList\",\"@id\":\"https:\/\/onpoki.com\/product\/little-kiwi-crochet-pattern\/#breadcrumb\",\"itemListElement\":[{\"@type\":\"ListItem\",\"position\":1,\"name\":\"Home\",\"item\":\"https:\/\/onpoki.com\/\"},{\"@type\":\"ListItem\",\"position\":2,\"name\":\"Little Kiwi Crochet Pattern \u2013 New Zealand Bird Amigurumi (EN\/ES)\"}]},{\"@type\":\"WebSite\",\"@id\":\"https:\/\/onpoki.com\/#website\",\"url\":\"https:\/\/onpoki.com\/\",\"name\":\"Onpoki\",\"description\":\"Original crochet patterns and handmade dolls\",\"publisher\":{\"@id\":\"https:\/\/onpoki.com\/#organization\"},\"alternateName\":\"Onpoki crochet\",\"potentialAction\":[{\"@type\":\"SearchAction\",\"target\":{\"@type\":\"EntryPoint\",\"urlTemplate\":\"https:\/\/onpoki.com\/?s={search_term_string}\"},\"query-input\":{\"@type\":\"PropertyValueSpecification\",\"valueRequired\":true,\"valueName\":\"search_term_string\"}}],\"inLanguage\":\"es-AR\"},{\"@type\":\"Organization\",\"@id\":\"https:\/\/onpoki.com\/#organization\",\"name\":\"Onpoki crochet\",\"url\":\"https:\/\/onpoki.com\/\",\"logo\":{\"@type\":\"ImageObject\",\"inLanguage\":\"es-AR\",\"@id\":\"https:\/\/onpoki.com\/#\/schema\/logo\/image\/\",\"url\":\"https:\/\/onpoki.com\/wp-content\/uploads\/2025\/11\/onpoki_logo_redondo.png\",\"contentUrl\":\"https:\/\/onpoki.com\/wp-content\/uploads\/2025\/11\/onpoki_logo_redondo.png\",\"width\":511,\"height\":512,\"caption\":\"Onpoki crochet\"},\"image\":{\"@id\":\"https:\/\/onpoki.com\/#\/schema\/logo\/image\/\"},\"sameAs\":[\"https:\/\/www.facebook.com\/onpoki\/\",\"https:\/\/www.instagram.com\/onpoki\"]}]}<\/script>\n<!-- \/ Yoast SEO plugin. -->","yoast_head_json":{"title":"Peque\u00f1o Kiwi Patr\u00f3n de Crochet \u2013 Amigurumi del ave de Nueva Zelanda (EN\/ES)","description":"Crochet your own New Zealand kiwi bird with this beginner-friendly amigurumi pattern \u2013 13 pages and 56 step-by-step photos.","robots":{"index":"index","follow":"follow","max-snippet":"max-snippet:-1","max-image-preview":"max-image-preview:large","max-video-preview":"max-video-preview:-1"},"canonical":"https:\/\/onpoki.com\/es\/producto\/little-kiwi-crochet-pattern\/","og_locale":"es_ES","og_type":"article","og_title":"Little Kiwi Crochet Pattern \u2013 New Zealand Bird Amigurumi (EN\/ES)","og_description":"Crochet your own New Zealand kiwi bird with this beginner-friendly amigurumi pattern \u2013 13 pages and 56 step-by-step photos.","og_url":"https:\/\/onpoki.com\/es\/producto\/little-kiwi-crochet-pattern\/","og_site_name":"Onpoki crochet","article_publisher":"https:\/\/www.facebook.com\/onpoki\/","article_modified_time":"2025-11-24T21:13:20+00:00","og_image":[{"width":1024,"height":1024,"url":"https:\/\/onpoki.com\/wp-content\/uploads\/2025\/08\/2019kiwi_pattern_etsy-1024x1024.jpg","type":"image\/jpeg"}],"twitter_card":"summary_large_image","twitter_misc":{"Tiempo de lectura":"2 minutos"},"schema":{"@context":"https:\/\/schema.org","@graph":[{"@type":"WebPage","@id":"https:\/\/onpoki.com\/product\/little-kiwi-crochet-pattern\/","url":"https:\/\/onpoki.com\/product\/little-kiwi-crochet-pattern\/","name":"Peque\u00f1o Kiwi Patr\u00f3n de Crochet \u2013 Amigurumi del ave de Nueva Zelanda (EN\/ES)","isPartOf":{"@id":"https:\/\/onpoki.com\/#website"},"primaryImageOfPage":{"@id":"https:\/\/onpoki.com\/product\/little-kiwi-crochet-pattern\/#primaryimage"},"image":{"@id":"https:\/\/onpoki.com\/product\/little-kiwi-crochet-pattern\/#primaryimage"},"thumbnailUrl":"https:\/\/onpoki.com\/wp-content\/uploads\/2025\/08\/2019kiwi_pattern_etsy.jpg","datePublished":"2025-08-12T23:27:25+00:00","dateModified":"2025-11-24T21:13:20+00:00","description":"Crochet your own New Zealand kiwi bird with this beginner-friendly amigurumi pattern \u2013 13 pages and 56 step-by-step photos.","breadcrumb":{"@id":"https:\/\/onpoki.com\/product\/little-kiwi-crochet-pattern\/#breadcrumb"},"inLanguage":"es-AR","potentialAction":[{"@type":"ReadAction","target":["https:\/\/onpoki.com\/product\/little-kiwi-crochet-pattern\/"]}]},{"@type":"ImageObject","inLanguage":"es-AR","@id":"https:\/\/onpoki.com\/product\/little-kiwi-crochet-pattern\/#primaryimage","url":"https:\/\/onpoki.com\/wp-content\/uploads\/2025\/08\/2019kiwi_pattern_etsy.jpg","contentUrl":"https:\/\/onpoki.com\/wp-content\/uploads\/2025\/08\/2019kiwi_pattern_etsy.jpg","width":2000,"height":2000},{"@type":"BreadcrumbList","@id":"https:\/\/onpoki.com\/product\/little-kiwi-crochet-pattern\/#breadcrumb","itemListElement":[{"@type":"ListItem","position":1,"name":"Home","item":"https:\/\/onpoki.com\/"},{"@type":"ListItem","position":2,"name":"Little Kiwi Crochet Pattern \u2013 New Zealand Bird Amigurumi (EN\/ES)"}]},{"@type":"WebSite","@id":"https:\/\/onpoki.com\/#website","url":"https:\/\/onpoki.com\/","name":"Onpoki","description":"Original crochet patterns and handmade dolls","publisher":{"@id":"https:\/\/onpoki.com\/#organization"},"alternateName":"Onpoki crochet","potentialAction":[{"@type":"SearchAction","target":{"@type":"EntryPoint","urlTemplate":"https:\/\/onpoki.com\/?s={search_term_string}"},"query-input":{"@type":"PropertyValueSpecification","valueRequired":true,"valueName":"search_term_string"}}],"inLanguage":"es-AR"},{"@type":"Organization","@id":"https:\/\/onpoki.com\/#organization","name":"Onpoki crochet","url":"https:\/\/onpoki.com\/","logo":{"@type":"ImageObject","inLanguage":"es-AR","@id":"https:\/\/onpoki.com\/#\/schema\/logo\/image\/","url":"https:\/\/onpoki.com\/wp-content\/uploads\/2025\/11\/onpoki_logo_redondo.png","contentUrl":"https:\/\/onpoki.com\/wp-content\/uploads\/2025\/11\/onpoki_logo_redondo.png","width":511,"height":512,"caption":"Onpoki crochet"},"image":{"@id":"https:\/\/onpoki.com\/#\/schema\/logo\/image\/"},"sameAs":["https:\/\/www.facebook.com\/onpoki\/","https:\/\/www.instagram.com\/onpoki"]}]}},"jetpack_sharing_enabled":true,"_links":{"self":[{"href":"https:\/\/onpoki.com\/es\/wp-json\/wp\/v2\/product\/2171","targetHints":{"allow":["GET"]}}],"collection":[{"href":"https:\/\/onpoki.com\/es\/wp-json\/wp\/v2\/product"}],"about":[{"href":"https:\/\/onpoki.com\/es\/wp-json\/wp\/v2\/types\/product"}],"replies":[{"embeddable":true,"href":"https:\/\/onpoki.com\/es\/wp-json\/wp\/v2\/comments?post=2171"}],"wp:featuredmedia":[{"embeddable":true,"href":"https:\/\/onpoki.com\/es\/wp-json\/wp\/v2\/media\/2172"}],"wp:attachment":[{"href":"https:\/\/onpoki.com\/es\/wp-json\/wp\/v2\/media?parent=2171"}],"wp:term":[{"taxonomy":"product_brand","embeddable":true,"href":"https:\/\/onpoki.com\/es\/wp-json\/wp\/v2\/product_brand?post=2171"},{"taxonomy":"product_cat","embeddable":true,"href":"https:\/\/onpoki.com\/es\/wp-json\/wp\/v2\/product_cat?post=2171"},{"taxonomy":"product_tag","embeddable":true,"href":"https:\/\/onpoki.com\/es\/wp-json\/wp\/v2\/product_tag?post=2171"}],"curies":[{"name":"wp","href":"https:\/\/api.w.org\/{rel}","templated":true}]}}