{"id":2179,"date":"2025-08-12T23:41:42","date_gmt":"2025-08-12T23:41:42","guid":{"rendered":"https:\/\/onpoki.com\/?post_type=product&#038;p=2179"},"modified":"2026-04-20T18:31:48","modified_gmt":"2026-04-20T05:31:48","slug":"princess-leia-crochet-pattern","status":"publish","type":"product","link":"https:\/\/onpoki.com\/es\/producto\/princess-leia-crochet-pattern\/","title":{"rendered":"Princess Leia Patr\u00f3n de Crochet \u2013 Amigurumi inspirado en Guerra de las Galaxias (EN\/ES\/PT)"},"content":{"rendered":"<h4 data-start=\"411\" data-end=\"478\">Patr\u00f3n de Crochet de la Princesa Leia \u2013 Un tributo para fans de Guerra de las Galaxias por Onpoki<\/h4>\n<p data-start=\"480\" data-end=\"769\">Tej\u00e9 a tu propia princesa valiente con este patr\u00f3n de la Princesa Leia en crochet, un tributo hecho a mano a una de las hero\u00ednas m\u00e1s ic\u00f3nicas del universo de Guerra de las Galaxias. Este dise\u00f1o est\u00e1 lleno de personalidad y es apto para principiantes, con muchos consejos para asegurarte de que tu Leia quede perfecta cada vez.<\/p>\n<p data-start=\"771\" data-end=\"1040\">El patr\u00f3n incluye instrucciones escritas detalladas, 109 im\u00e1genes \u00fatiles y una gu\u00eda para ensamblar todas las piezas, agregar detalles y usar mi m\u00e9todo para que el amigurumi se mantenga de pie por s\u00ed mismo. Tambi\u00e9n vas a aprender una t\u00e9cnica para cerrar prolijamente las piezas abiertas y lograr un acabado m\u00e1s pulido.<\/p>\n<p data-start=\"1216\" data-end=\"1434\"><strong data-start=\"1216\" data-end=\"1230\">Lenguajes:<\/strong><br data-start=\"1230\" data-end=\"1233\" \/>\u2013 English (US terms \u2013 includes table with US\/UK terminology differences)<br data-start=\"1305\" data-end=\"1308\" \/>\u2013 Espa\u00f1ol (t\u00e9rminos de Espa\u00f1a \u2013 incluye tabla con diferencias entre Espa\u00f1a y Latinoam\u00e9rica)<br data-start=\"1399\" data-end=\"1402\" \/>\u2013 Portugu\u00eas (termos do Brasil)<\/p>\n<p data-start=\"1436\" data-end=\"1594\"><strong data-start=\"1436\" data-end=\"1452\">Nivel de dificultad:<\/strong><br data-start=\"1452\" data-end=\"1455\" \/>Principiante Nivel 2 \u2013 C\u00f3moda con anillo m\u00e1gico, punto bajo, aumento, disminuci\u00f3n, punto deslizado, medio punto alto y punto alto.<\/p>\n<p data-start=\"1596\" data-end=\"1661\"><strong data-start=\"1596\" data-end=\"1607\">Formato:<\/strong><br data-start=\"1607\" data-end=\"1610\" \/>PDF imprimible \u2013 20 p\u00e1ginas con 109 im\u00e1genes \u00fatiles.<\/p>\n<p data-start=\"1663\" data-end=\"1850\"><strong data-start=\"1663\" data-end=\"1672\">Tama\u00f1o:<\/strong><br data-start=\"1672\" data-end=\"1675\" \/>Aproximadamente 6.5 cm de ancho \u00d7 16 cm de alto (2.55\u2033 \u00d7 6.29\u2033) usando hilo Aran con una aguja de 3.0 mm (US E\/4\u2026 UK-CAN 9). Usar grosores de hilo diferentes solo modificar\u00e1 el tama\u00f1o final.<\/p>\n<p data-start=\"1852\" data-end=\"1963\"><strong data-start=\"1852\" data-end=\"1868\">Hilo que vas a necesitar:<\/strong><br data-start=\"1868\" data-end=\"1871\" \/>Blanco \u2013 36 g<br data-start=\"1883\" data-end=\"1886\" \/>Marr\u00f3n \u2013 22 g<br data-start=\"1898\" data-end=\"1901\" \/>Beige \u2013 10 g<br data-start=\"1919\" data-end=\"1922\" \/>Negro, gris, rosa \u2013 menos de 2 g cada uno.<\/p>\n<p data-start=\"1965\" data-end=\"2185\"><strong data-start=\"1965\" data-end=\"1974\">Nota:<\/strong><br data-start=\"1974\" data-end=\"1977\" \/>Este es un patr\u00f3n de crochet digital (no un producto terminado). La Princesa Leia es un personaje creado por George Lucas. Este patr\u00f3n es un tributo independiente hecho por una fan y no tiene ninguna afiliaci\u00f3n con la franquicia oficial.<\/p>\n<p data-start=\"2187\" data-end=\"2262\"><strong data-start=\"2187\" data-end=\"2225\">\u00bfPrefer\u00eds comprar en otras plataformas?<\/strong><br data-start=\"2225\" data-end=\"2228\" \/><a href=\"https:\/\/www.etsy.com\/listing\/735699478\/pattern-princess-leia-star-wars-leia\">Etsy \u2013 Onpoki<\/a><br data-start=\"2241\" data-end=\"2244\" \/><a href=\"https:\/\/www.ravelry.com\/patterns\/library\/princess-leia-star-wars-amigurumi\">Ravelry \u2013 Onpoki<\/a><\/p>\n<p data-start=\"2264\" data-end=\"2446\"><strong data-start=\"2264\" data-end=\"2303\">Completa tu colecci\u00f3n de La guerra de las galaxias.<\/strong><br data-start=\"2303\" data-end=\"2306\" \/>\ud83e\udde1 <a href=\"https:\/\/onpoki.com\/es\/producto\/han-solo-crochet-pattern\/\">Patr\u00f3n crochet Han Solo<\/a><br data-start=\"2333\" data-end=\"2336\" \/>\ud83d\udc9b <a href=\"https:\/\/onpoki.com\/es\/producto\/luke-skywalker-crochet-pattern\/\">Patr\u00f3n crochet Luke Skywalker<\/a><br data-start=\"2369\" data-end=\"2372\" \/>\ud83d\udc9a <a href=\"https:\/\/onpoki.com\/es\/producto\/chewbacca-crochet-pattern\/\">Patr\u00f3n crochet Chewbacca<\/a><br data-start=\"2400\" data-end=\"2403\" \/>\ud83d\udc99 <a href=\"https:\/\/onpoki.com\/es\/free-patterns\/grogu-baby-yoda-free-pattern\/\">GRATIS Grogu (Bebe Yoda) - Patr\u00f3n crochet<\/a><\/p>","protected":false},"excerpt":{"rendered":"<p>Patr\u00f3n de amigurumi de la Princesa Leia en crochet \u2013 PDF digital con instrucciones paso a paso y 109 im\u00e1genes.<\/p>","protected":false},"featured_media":2180,"comment_status":"open","ping_status":"closed","template":"","meta":{"_kadence_starter_templates_imported_post":false,"_kad_post_transparent":"default","_kad_post_title":"","_kad_post_layout":"default","_kad_post_sidebar_id":"","_kad_post_content_style":"default","_kad_post_vertical_padding":"default","_kad_post_feature":"","_kad_post_feature_position":"","_kad_post_header":false,"_kad_post_footer":false,"_kad_post_classname":""},"product_brand":[],"product_cat":[74],"product_tag":[84,85,76],"class_list":{"0":"post-2179","1":"product","2":"type-product","3":"status-publish","4":"has-post-thumbnail","6":"product_cat-crochet-patterns","7":"product_tag-digital-pattern","8":"product_tag-pdf","9":"product_tag-star-wars","11":"first","12":"instock","13":"sale","14":"downloadable","15":"virtual","16":"purchasable","17":"product-type-simple","18":"entry","19":"content-bg","20":"loop-entry"},"yoast_head":"<!-- This site is optimized with the Yoast SEO plugin v27.4 - https:\/\/yoast.com\/product\/yoast-seo-wordpress\/ -->\n<title>Princess Leia Crochet Pattern \u2013 Star Wars Amigurumi (EN\/ES\/PT)<\/title>\n<meta name=\"description\" content=\"Crochet your own Princess Leia with this Star Wars-inspired pattern \u2013 20 pages and 109 photos with step-by-step guidance.\" \/>\n<meta name=\"robots\" content=\"index, follow, max-snippet:-1, max-image-preview:large, max-video-preview:-1\" \/>\n<link rel=\"canonical\" href=\"https:\/\/onpoki.com\/es\/producto\/princess-leia-crochet-pattern\/\" \/>\n<meta property=\"og:locale\" content=\"es_ES\" \/>\n<meta property=\"og:type\" content=\"article\" \/>\n<meta property=\"og:title\" content=\"Princess Leia Crochet Pattern \u2013 Star Wars Amigurumi (EN\/ES\/PT)\" \/>\n<meta property=\"og:description\" content=\"Crochet your own Princess Leia with this Star Wars-inspired pattern \u2013 20 pages and 109 photos with step-by-step guidance.\" \/>\n<meta property=\"og:url\" content=\"https:\/\/onpoki.com\/es\/producto\/princess-leia-crochet-pattern\/\" \/>\n<meta property=\"og:site_name\" content=\"Onpoki crochet\" \/>\n<meta property=\"article:publisher\" content=\"https:\/\/www.facebook.com\/onpoki\/\" \/>\n<meta property=\"article:modified_time\" content=\"2026-04-20T05:31:48+00:00\" \/>\n<meta property=\"og:image\" content=\"https:\/\/onpoki.com\/wp-content\/uploads\/2025\/08\/primera_foto_pattern-1024x1024.jpg\" \/>\n\t<meta property=\"og:image:width\" content=\"1024\" \/>\n\t<meta property=\"og:image:height\" content=\"1024\" \/>\n\t<meta property=\"og:image:type\" content=\"image\/jpeg\" \/>\n<meta name=\"twitter:card\" content=\"summary_large_image\" \/>\n<meta name=\"twitter:label1\" content=\"Tiempo de lectura\" \/>\n\t<meta name=\"twitter:data1\" content=\"2 minutos\" \/>\n<script type=\"application\/ld+json\" class=\"yoast-schema-graph\">{\"@context\":\"https:\\\/\\\/schema.org\",\"@graph\":[{\"@type\":\"WebPage\",\"@id\":\"https:\\\/\\\/onpoki.com\\\/product\\\/princess-leia-crochet-pattern\\\/\",\"url\":\"https:\\\/\\\/onpoki.com\\\/product\\\/princess-leia-crochet-pattern\\\/\",\"name\":\"Princess Leia Crochet Pattern \u2013 Star Wars Amigurumi (EN\\\/ES\\\/PT)\",\"isPartOf\":{\"@id\":\"https:\\\/\\\/onpoki.com\\\/#website\"},\"primaryImageOfPage\":{\"@id\":\"https:\\\/\\\/onpoki.com\\\/product\\\/princess-leia-crochet-pattern\\\/#primaryimage\"},\"image\":{\"@id\":\"https:\\\/\\\/onpoki.com\\\/product\\\/princess-leia-crochet-pattern\\\/#primaryimage\"},\"thumbnailUrl\":\"https:\\\/\\\/onpoki.com\\\/wp-content\\\/uploads\\\/2025\\\/08\\\/primera_foto_pattern.jpg\",\"datePublished\":\"2025-08-12T23:41:42+00:00\",\"dateModified\":\"2026-04-20T05:31:48+00:00\",\"description\":\"Crochet your own Princess Leia with this Star Wars-inspired pattern \u2013 20 pages and 109 photos with step-by-step guidance.\",\"breadcrumb\":{\"@id\":\"https:\\\/\\\/onpoki.com\\\/product\\\/princess-leia-crochet-pattern\\\/#breadcrumb\"},\"inLanguage\":\"es-AR\",\"potentialAction\":[{\"@type\":\"ReadAction\",\"target\":[\"https:\\\/\\\/onpoki.com\\\/product\\\/princess-leia-crochet-pattern\\\/\"]}]},{\"@type\":\"ImageObject\",\"inLanguage\":\"es-AR\",\"@id\":\"https:\\\/\\\/onpoki.com\\\/product\\\/princess-leia-crochet-pattern\\\/#primaryimage\",\"url\":\"https:\\\/\\\/onpoki.com\\\/wp-content\\\/uploads\\\/2025\\\/08\\\/primera_foto_pattern.jpg\",\"contentUrl\":\"https:\\\/\\\/onpoki.com\\\/wp-content\\\/uploads\\\/2025\\\/08\\\/primera_foto_pattern.jpg\",\"width\":2494,\"height\":2494},{\"@type\":\"BreadcrumbList\",\"@id\":\"https:\\\/\\\/onpoki.com\\\/product\\\/princess-leia-crochet-pattern\\\/#breadcrumb\",\"itemListElement\":[{\"@type\":\"ListItem\",\"position\":1,\"name\":\"Home\",\"item\":\"https:\\\/\\\/onpoki.com\\\/\"},{\"@type\":\"ListItem\",\"position\":2,\"name\":\"Princess Leia Crochet Pattern \u2013 Star Wars Inspired Amigurumi (EN\\\/ES\\\/PT)\"}]},{\"@type\":\"WebSite\",\"@id\":\"https:\\\/\\\/onpoki.com\\\/#website\",\"url\":\"https:\\\/\\\/onpoki.com\\\/\",\"name\":\"Onpoki\",\"description\":\"Original crochet patterns and handmade dolls\",\"publisher\":{\"@id\":\"https:\\\/\\\/onpoki.com\\\/#organization\"},\"alternateName\":\"Onpoki crochet\",\"potentialAction\":[{\"@type\":\"SearchAction\",\"target\":{\"@type\":\"EntryPoint\",\"urlTemplate\":\"https:\\\/\\\/onpoki.com\\\/?s={search_term_string}\"},\"query-input\":{\"@type\":\"PropertyValueSpecification\",\"valueRequired\":true,\"valueName\":\"search_term_string\"}}],\"inLanguage\":\"es-AR\"},{\"@type\":\"Organization\",\"@id\":\"https:\\\/\\\/onpoki.com\\\/#organization\",\"name\":\"Onpoki crochet\",\"url\":\"https:\\\/\\\/onpoki.com\\\/\",\"logo\":{\"@type\":\"ImageObject\",\"inLanguage\":\"es-AR\",\"@id\":\"https:\\\/\\\/onpoki.com\\\/#\\\/schema\\\/logo\\\/image\\\/\",\"url\":\"https:\\\/\\\/onpoki.com\\\/wp-content\\\/uploads\\\/2025\\\/11\\\/onpoki_logo_redondo.png\",\"contentUrl\":\"https:\\\/\\\/onpoki.com\\\/wp-content\\\/uploads\\\/2025\\\/11\\\/onpoki_logo_redondo.png\",\"width\":511,\"height\":512,\"caption\":\"Onpoki crochet\"},\"image\":{\"@id\":\"https:\\\/\\\/onpoki.com\\\/#\\\/schema\\\/logo\\\/image\\\/\"},\"sameAs\":[\"https:\\\/\\\/www.facebook.com\\\/onpoki\\\/\",\"https:\\\/\\\/www.instagram.com\\\/onpoki\"]}]}<\/script>\n<!-- \/ Yoast SEO plugin. -->","yoast_head_json":{"title":"Princess Leia Crochet Pattern \u2013 Star Wars Amigurumi (EN\/ES\/PT)","description":"Crochet your own Princess Leia with this Star Wars-inspired pattern \u2013 20 pages and 109 photos with step-by-step guidance.","robots":{"index":"index","follow":"follow","max-snippet":"max-snippet:-1","max-image-preview":"max-image-preview:large","max-video-preview":"max-video-preview:-1"},"canonical":"https:\/\/onpoki.com\/es\/producto\/princess-leia-crochet-pattern\/","og_locale":"es_ES","og_type":"article","og_title":"Princess Leia Crochet Pattern \u2013 Star Wars Amigurumi (EN\/ES\/PT)","og_description":"Crochet your own Princess Leia with this Star Wars-inspired pattern \u2013 20 pages and 109 photos with step-by-step guidance.","og_url":"https:\/\/onpoki.com\/es\/producto\/princess-leia-crochet-pattern\/","og_site_name":"Onpoki crochet","article_publisher":"https:\/\/www.facebook.com\/onpoki\/","article_modified_time":"2026-04-20T05:31:48+00:00","og_image":[{"width":1024,"height":1024,"url":"https:\/\/onpoki.com\/wp-content\/uploads\/2025\/08\/primera_foto_pattern-1024x1024.jpg","type":"image\/jpeg"}],"twitter_card":"summary_large_image","twitter_misc":{"Tiempo de lectura":"2 minutos"},"schema":{"@context":"https:\/\/schema.org","@graph":[{"@type":"WebPage","@id":"https:\/\/onpoki.com\/product\/princess-leia-crochet-pattern\/","url":"https:\/\/onpoki.com\/product\/princess-leia-crochet-pattern\/","name":"Princess Leia Crochet Pattern \u2013 Star Wars Amigurumi (EN\/ES\/PT)","isPartOf":{"@id":"https:\/\/onpoki.com\/#website"},"primaryImageOfPage":{"@id":"https:\/\/onpoki.com\/product\/princess-leia-crochet-pattern\/#primaryimage"},"image":{"@id":"https:\/\/onpoki.com\/product\/princess-leia-crochet-pattern\/#primaryimage"},"thumbnailUrl":"https:\/\/onpoki.com\/wp-content\/uploads\/2025\/08\/primera_foto_pattern.jpg","datePublished":"2025-08-12T23:41:42+00:00","dateModified":"2026-04-20T05:31:48+00:00","description":"Crochet your own Princess Leia with this Star Wars-inspired pattern \u2013 20 pages and 109 photos with step-by-step guidance.","breadcrumb":{"@id":"https:\/\/onpoki.com\/product\/princess-leia-crochet-pattern\/#breadcrumb"},"inLanguage":"es-AR","potentialAction":[{"@type":"ReadAction","target":["https:\/\/onpoki.com\/product\/princess-leia-crochet-pattern\/"]}]},{"@type":"ImageObject","inLanguage":"es-AR","@id":"https:\/\/onpoki.com\/product\/princess-leia-crochet-pattern\/#primaryimage","url":"https:\/\/onpoki.com\/wp-content\/uploads\/2025\/08\/primera_foto_pattern.jpg","contentUrl":"https:\/\/onpoki.com\/wp-content\/uploads\/2025\/08\/primera_foto_pattern.jpg","width":2494,"height":2494},{"@type":"BreadcrumbList","@id":"https:\/\/onpoki.com\/product\/princess-leia-crochet-pattern\/#breadcrumb","itemListElement":[{"@type":"ListItem","position":1,"name":"Home","item":"https:\/\/onpoki.com\/"},{"@type":"ListItem","position":2,"name":"Princess Leia Crochet Pattern \u2013 Star Wars Inspired Amigurumi (EN\/ES\/PT)"}]},{"@type":"WebSite","@id":"https:\/\/onpoki.com\/#website","url":"https:\/\/onpoki.com\/","name":"Onpoki","description":"Original crochet patterns and handmade dolls","publisher":{"@id":"https:\/\/onpoki.com\/#organization"},"alternateName":"Onpoki crochet","potentialAction":[{"@type":"SearchAction","target":{"@type":"EntryPoint","urlTemplate":"https:\/\/onpoki.com\/?s={search_term_string}"},"query-input":{"@type":"PropertyValueSpecification","valueRequired":true,"valueName":"search_term_string"}}],"inLanguage":"es-AR"},{"@type":"Organization","@id":"https:\/\/onpoki.com\/#organization","name":"Onpoki crochet","url":"https:\/\/onpoki.com\/","logo":{"@type":"ImageObject","inLanguage":"es-AR","@id":"https:\/\/onpoki.com\/#\/schema\/logo\/image\/","url":"https:\/\/onpoki.com\/wp-content\/uploads\/2025\/11\/onpoki_logo_redondo.png","contentUrl":"https:\/\/onpoki.com\/wp-content\/uploads\/2025\/11\/onpoki_logo_redondo.png","width":511,"height":512,"caption":"Onpoki crochet"},"image":{"@id":"https:\/\/onpoki.com\/#\/schema\/logo\/image\/"},"sameAs":["https:\/\/www.facebook.com\/onpoki\/","https:\/\/www.instagram.com\/onpoki"]}]}},"jetpack_sharing_enabled":true,"_links":{"self":[{"href":"https:\/\/onpoki.com\/es\/wp-json\/wp\/v2\/product\/2179","targetHints":{"allow":["GET"]}}],"collection":[{"href":"https:\/\/onpoki.com\/es\/wp-json\/wp\/v2\/product"}],"about":[{"href":"https:\/\/onpoki.com\/es\/wp-json\/wp\/v2\/types\/product"}],"replies":[{"embeddable":true,"href":"https:\/\/onpoki.com\/es\/wp-json\/wp\/v2\/comments?post=2179"}],"wp:featuredmedia":[{"embeddable":true,"href":"https:\/\/onpoki.com\/es\/wp-json\/wp\/v2\/media\/2180"}],"wp:attachment":[{"href":"https:\/\/onpoki.com\/es\/wp-json\/wp\/v2\/media?parent=2179"}],"wp:term":[{"taxonomy":"product_brand","embeddable":true,"href":"https:\/\/onpoki.com\/es\/wp-json\/wp\/v2\/product_brand?post=2179"},{"taxonomy":"product_cat","embeddable":true,"href":"https:\/\/onpoki.com\/es\/wp-json\/wp\/v2\/product_cat?post=2179"},{"taxonomy":"product_tag","embeddable":true,"href":"https:\/\/onpoki.com\/es\/wp-json\/wp\/v2\/product_tag?post=2179"}],"curies":[{"name":"wp","href":"https:\/\/api.w.org\/{rel}","templated":true}]}}