{"id":2185,"date":"2025-08-12T23:54:12","date_gmt":"2025-08-12T23:54:12","guid":{"rendered":"https:\/\/onpoki.com\/?post_type=product&#038;p=2185"},"modified":"2026-04-20T18:31:48","modified_gmt":"2026-04-20T05:31:48","slug":"luke-skywalker-crochet-pattern","status":"publish","type":"product","link":"https:\/\/onpoki.com\/es\/producto\/luke-skywalker-crochet-pattern\/","title":{"rendered":"Luke Skywalker Patr\u00f3n de Crochet \u2013 Amigurumi inspirado en Guerra de las Galaxias (EN\/ES\/PT)"},"content":{"rendered":"<h4 data-start=\"409\" data-end=\"477\">Patr\u00f3n de Crochet de Luke Skywalker \u2013 Un tributo para fans de Guerra de las Galaxias por Onpoki<\/h4>\n<p data-start=\"479\" data-end=\"756\">Tej\u00e9 a tu propio joven Jedi con este patr\u00f3n de Luke Skywalker en crochet, un tributo hecho a mano a uno de los h\u00e9roes m\u00e1s queridos de la galaxia. Este dise\u00f1o es apto para principiantes pero lleno de personalidad, gui\u00e1ndote en cada paso para que puedas recrear a Luke con todos sus detalles ic\u00f3nicos.<\/p>\n<p data-start=\"758\" data-end=\"1057\">El patr\u00f3n incluye instrucciones escritas claras, 89 im\u00e1genes \u00fatiles y consejos para ensamblar todas las piezas, agregar detalles y usar mi m\u00e9todo para que el amigurumi se mantenga de pie por s\u00ed mismo. Tambi\u00e9n vas a aprender peque\u00f1os trucos para que el pelo quede prolijo y bien formado, incluso si no ten\u00e9s varios tama\u00f1os de aguja.<\/p>\n<p data-start=\"1238\" data-end=\"1456\"><strong data-start=\"1238\" data-end=\"1252\">Lenguajes:<\/strong><br data-start=\"1252\" data-end=\"1255\" \/>\u2013 English (US terms \u2013 includes table with US\/UK terminology differences)<br data-start=\"1327\" data-end=\"1330\" \/>\u2013 Espa\u00f1ol (t\u00e9rminos de Espa\u00f1a \u2013 incluye tabla con diferencias entre Espa\u00f1a y Latinoam\u00e9rica)<br data-start=\"1421\" data-end=\"1424\" \/>\u2013 Portugu\u00eas (termos do Brasil)<\/p>\n<p data-start=\"1458\" data-end=\"1616\"><strong data-start=\"1458\" data-end=\"1474\">Nivel de dificultad:<\/strong><br data-start=\"1474\" data-end=\"1477\" \/>Principiante Nivel 3 \u2013 C\u00f3moda con anillo m\u00e1gico, punto bajo, aumento, disminuci\u00f3n, punto deslizado, medio punto alto y punto alto.<\/p>\n<p data-start=\"1618\" data-end=\"1682\"><strong data-start=\"1618\" data-end=\"1629\">Formato:<\/strong><br data-start=\"1629\" data-end=\"1632\" \/>PDF imprimible \u2013 20 p\u00e1ginas con 99 im\u00e1genes \u00fatiles.<\/p>\n<p data-start=\"1684\" data-end=\"1924\"><strong data-start=\"1684\" data-end=\"1693\">Tama\u00f1o:<\/strong><br data-start=\"1693\" data-end=\"1696\" \/>Aproximadamente 8.5 cm de ancho \u00d7 17 cm de alto (3.34\u2033 \u00d7 6.69\u2033) usando hilo Aran con una aguja de 3.0 mm (US E\/4\u2026 UK-CAN 9). El pelo est\u00e1 hecho con una aguja de 3.5 mm para lograr puntos m\u00e1s sueltos, aunque pod\u00e9s obtener un resultado similar aflojando tu tensi\u00f3n.<\/p>\n<p data-start=\"1926\" data-end=\"2066\"><strong data-start=\"1926\" data-end=\"1942\">Hilo que vas a necesitar:<\/strong><br data-start=\"1942\" data-end=\"1945\" \/>Arena \u2013 35 g<br data-start=\"1956\" data-end=\"1959\" \/>Marr\u00f3n \u2013 10 g<br data-start=\"1971\" data-end=\"1974\" \/>Marr\u00f3n clarito \u2013 5 g<br data-start=\"1991\" data-end=\"1994\" \/>Beige \u2013 10 g<br data-start=\"2006\" data-end=\"2009\" \/>Yellow \u2013 20 g<br data-start=\"2020\" data-end=\"2023\" \/>Crema \u2013 25 g<br data-start=\"2035\" data-end=\"2038\" \/>Gris \u2013 &lt; 5 g<br data-start=\"2049\" data-end=\"2052\" \/>Negro \u2013 &lt; 5 g<\/p>\n<p data-start=\"2068\" data-end=\"2289\"><strong data-start=\"2068\" data-end=\"2077\">Nota:<\/strong><br data-start=\"2077\" data-end=\"2080\" \/>Este es un patr\u00f3n de crochet digital (no un producto terminado). Luke Skywalker es un personaje creado por George Lucas. Este patr\u00f3n es un tributo independiente hecho por una fan y no tiene ninguna afiliaci\u00f3n con la franquicia oficial.<\/p>\n<p data-start=\"2291\" data-end=\"2366\"><strong data-start=\"2291\" data-end=\"2329\">\u00bfPrefer\u00eds comprar en otras plataformas?<\/strong><br data-start=\"2329\" data-end=\"2332\" \/><a href=\"https:\/\/www.etsy.com\/listing\/811730780\/pattern-luke-skywalker-star-wars-tribute\">Etsy \u2013 Onpoki<\/a><br data-start=\"2345\" data-end=\"2348\" \/><a href=\"https:\/\/www.ravelry.com\/patterns\/library\/luke-skywalker-star-wars\">Ravelry \u2013 Onpoki<\/a><\/p>\n<p data-start=\"2368\" data-end=\"2549\"><strong data-start=\"2368\" data-end=\"2407\">Completa tu colecci\u00f3n de La guerra de las galaxias.<\/strong><br data-start=\"2407\" data-end=\"2410\" \/>\ud83e\udde1 <a href=\"https:\/\/onpoki.com\/es\/producto\/han-solo-crochet-pattern\/\">Patr\u00f3n crochet Han Solo<\/a><br data-start=\"2437\" data-end=\"2440\" \/>\ud83d\udc9b <a href=\"https:\/\/onpoki.com\/es\/producto\/princess-leia-crochet-pattern\/\">Patr\u00f3n crochet Princesa Leia<\/a><br data-start=\"2472\" data-end=\"2475\" \/>\ud83d\udc9a <a href=\"https:\/\/onpoki.com\/es\/producto\/chewbacca-crochet-pattern\/\">Patr\u00f3n crochet Chewbacca<\/a><br data-start=\"2503\" data-end=\"2506\" \/>\ud83d\udc99 <a href=\"https:\/\/onpoki.com\/es\/free-patterns\/grogu-baby-yoda-free-pattern\/\">GRATIS Grogu (Bebe Yoda) - Patr\u00f3n crochet<\/a><\/p>","protected":false},"excerpt":{"rendered":"<p>Patr\u00f3n de amigurumi de Luke Skywalker en crochet \u2013 PDF digital con instrucciones paso a paso y 89 im\u00e1genes.<\/p>","protected":false},"featured_media":2186,"comment_status":"open","ping_status":"closed","template":"","meta":{"_kadence_starter_templates_imported_post":false,"_kad_post_transparent":"default","_kad_post_title":"","_kad_post_layout":"default","_kad_post_sidebar_id":"","_kad_post_content_style":"default","_kad_post_vertical_padding":"default","_kad_post_feature":"","_kad_post_feature_position":"","_kad_post_header":false,"_kad_post_footer":false,"_kad_post_classname":""},"product_brand":[],"product_cat":[74],"product_tag":[84,85,76],"class_list":{"0":"post-2185","1":"product","2":"type-product","3":"status-publish","4":"has-post-thumbnail","6":"product_cat-crochet-patterns","7":"product_tag-digital-pattern","8":"product_tag-pdf","9":"product_tag-star-wars","11":"first","12":"instock","13":"sale","14":"downloadable","15":"virtual","16":"purchasable","17":"product-type-simple","18":"entry","19":"content-bg","20":"loop-entry"},"yoast_head":"<!-- This site is optimized with the Yoast SEO plugin v27.4 - https:\/\/yoast.com\/product\/yoast-seo-wordpress\/ -->\n<title>Luke Skywalker Crochet Pattern \u2013 Star Wars Amigurumi<\/title>\n<meta name=\"description\" content=\"Crochet your own Luke Skywalker with this Star Wars-inspired pattern \u2013 20 pages and 99 detailed photos for all skill levels.\" \/>\n<meta name=\"robots\" content=\"index, follow, max-snippet:-1, max-image-preview:large, max-video-preview:-1\" \/>\n<link rel=\"canonical\" href=\"https:\/\/onpoki.com\/es\/producto\/luke-skywalker-crochet-pattern\/\" \/>\n<meta property=\"og:locale\" content=\"es_ES\" \/>\n<meta property=\"og:type\" content=\"article\" \/>\n<meta property=\"og:title\" content=\"Luke Skywalker Crochet Pattern \u2013 Star Wars Amigurumi\" \/>\n<meta property=\"og:description\" content=\"Crochet your own Luke Skywalker with this Star Wars-inspired pattern \u2013 20 pages and 99 detailed photos for all skill levels.\" \/>\n<meta property=\"og:url\" content=\"https:\/\/onpoki.com\/es\/producto\/luke-skywalker-crochet-pattern\/\" \/>\n<meta property=\"og:site_name\" content=\"Onpoki crochet\" \/>\n<meta property=\"article:publisher\" content=\"https:\/\/www.facebook.com\/onpoki\/\" \/>\n<meta property=\"article:modified_time\" content=\"2026-04-20T05:31:48+00:00\" \/>\n<meta property=\"og:image\" content=\"https:\/\/onpoki.com\/wp-content\/uploads\/2025\/08\/primera_foto_pattern-1-1024x1024.jpg\" \/>\n\t<meta property=\"og:image:width\" content=\"1024\" \/>\n\t<meta property=\"og:image:height\" content=\"1024\" \/>\n\t<meta property=\"og:image:type\" content=\"image\/jpeg\" \/>\n<meta name=\"twitter:card\" content=\"summary_large_image\" \/>\n<meta name=\"twitter:label1\" content=\"Tiempo de lectura\" \/>\n\t<meta name=\"twitter:data1\" content=\"2 minutos\" \/>\n<script type=\"application\/ld+json\" class=\"yoast-schema-graph\">{\"@context\":\"https:\\\/\\\/schema.org\",\"@graph\":[{\"@type\":\"WebPage\",\"@id\":\"https:\\\/\\\/onpoki.com\\\/product\\\/luke-skywalker-crochet-pattern\\\/\",\"url\":\"https:\\\/\\\/onpoki.com\\\/product\\\/luke-skywalker-crochet-pattern\\\/\",\"name\":\"Luke Skywalker Crochet Pattern \u2013 Star Wars Amigurumi\",\"isPartOf\":{\"@id\":\"https:\\\/\\\/onpoki.com\\\/#website\"},\"primaryImageOfPage\":{\"@id\":\"https:\\\/\\\/onpoki.com\\\/product\\\/luke-skywalker-crochet-pattern\\\/#primaryimage\"},\"image\":{\"@id\":\"https:\\\/\\\/onpoki.com\\\/product\\\/luke-skywalker-crochet-pattern\\\/#primaryimage\"},\"thumbnailUrl\":\"https:\\\/\\\/onpoki.com\\\/wp-content\\\/uploads\\\/2025\\\/08\\\/primera_foto_pattern-1.jpg\",\"datePublished\":\"2025-08-12T23:54:12+00:00\",\"dateModified\":\"2026-04-20T05:31:48+00:00\",\"description\":\"Crochet your own Luke Skywalker with this Star Wars-inspired pattern \u2013 20 pages and 99 detailed photos for all skill levels.\",\"breadcrumb\":{\"@id\":\"https:\\\/\\\/onpoki.com\\\/product\\\/luke-skywalker-crochet-pattern\\\/#breadcrumb\"},\"inLanguage\":\"es-AR\",\"potentialAction\":[{\"@type\":\"ReadAction\",\"target\":[\"https:\\\/\\\/onpoki.com\\\/product\\\/luke-skywalker-crochet-pattern\\\/\"]}]},{\"@type\":\"ImageObject\",\"inLanguage\":\"es-AR\",\"@id\":\"https:\\\/\\\/onpoki.com\\\/product\\\/luke-skywalker-crochet-pattern\\\/#primaryimage\",\"url\":\"https:\\\/\\\/onpoki.com\\\/wp-content\\\/uploads\\\/2025\\\/08\\\/primera_foto_pattern-1.jpg\",\"contentUrl\":\"https:\\\/\\\/onpoki.com\\\/wp-content\\\/uploads\\\/2025\\\/08\\\/primera_foto_pattern-1.jpg\",\"width\":2494,\"height\":2494},{\"@type\":\"BreadcrumbList\",\"@id\":\"https:\\\/\\\/onpoki.com\\\/product\\\/luke-skywalker-crochet-pattern\\\/#breadcrumb\",\"itemListElement\":[{\"@type\":\"ListItem\",\"position\":1,\"name\":\"Home\",\"item\":\"https:\\\/\\\/onpoki.com\\\/\"},{\"@type\":\"ListItem\",\"position\":2,\"name\":\"Luke Skywalker Crochet Pattern \u2013 Star Wars Inspired Amigurumi (EN\\\/ES\\\/PT)\"}]},{\"@type\":\"WebSite\",\"@id\":\"https:\\\/\\\/onpoki.com\\\/#website\",\"url\":\"https:\\\/\\\/onpoki.com\\\/\",\"name\":\"Onpoki\",\"description\":\"Original crochet patterns and handmade dolls\",\"publisher\":{\"@id\":\"https:\\\/\\\/onpoki.com\\\/#organization\"},\"alternateName\":\"Onpoki crochet\",\"potentialAction\":[{\"@type\":\"SearchAction\",\"target\":{\"@type\":\"EntryPoint\",\"urlTemplate\":\"https:\\\/\\\/onpoki.com\\\/?s={search_term_string}\"},\"query-input\":{\"@type\":\"PropertyValueSpecification\",\"valueRequired\":true,\"valueName\":\"search_term_string\"}}],\"inLanguage\":\"es-AR\"},{\"@type\":\"Organization\",\"@id\":\"https:\\\/\\\/onpoki.com\\\/#organization\",\"name\":\"Onpoki crochet\",\"url\":\"https:\\\/\\\/onpoki.com\\\/\",\"logo\":{\"@type\":\"ImageObject\",\"inLanguage\":\"es-AR\",\"@id\":\"https:\\\/\\\/onpoki.com\\\/#\\\/schema\\\/logo\\\/image\\\/\",\"url\":\"https:\\\/\\\/onpoki.com\\\/wp-content\\\/uploads\\\/2025\\\/11\\\/onpoki_logo_redondo.png\",\"contentUrl\":\"https:\\\/\\\/onpoki.com\\\/wp-content\\\/uploads\\\/2025\\\/11\\\/onpoki_logo_redondo.png\",\"width\":511,\"height\":512,\"caption\":\"Onpoki crochet\"},\"image\":{\"@id\":\"https:\\\/\\\/onpoki.com\\\/#\\\/schema\\\/logo\\\/image\\\/\"},\"sameAs\":[\"https:\\\/\\\/www.facebook.com\\\/onpoki\\\/\",\"https:\\\/\\\/www.instagram.com\\\/onpoki\"]}]}<\/script>\n<!-- \/ Yoast SEO plugin. -->","yoast_head_json":{"title":"Luke Skywalker Crochet Pattern \u2013 Star Wars Amigurumi","description":"Crochet your own Luke Skywalker with this Star Wars-inspired pattern \u2013 20 pages and 99 detailed photos for all skill levels.","robots":{"index":"index","follow":"follow","max-snippet":"max-snippet:-1","max-image-preview":"max-image-preview:large","max-video-preview":"max-video-preview:-1"},"canonical":"https:\/\/onpoki.com\/es\/producto\/luke-skywalker-crochet-pattern\/","og_locale":"es_ES","og_type":"article","og_title":"Luke Skywalker Crochet Pattern \u2013 Star Wars Amigurumi","og_description":"Crochet your own Luke Skywalker with this Star Wars-inspired pattern \u2013 20 pages and 99 detailed photos for all skill levels.","og_url":"https:\/\/onpoki.com\/es\/producto\/luke-skywalker-crochet-pattern\/","og_site_name":"Onpoki crochet","article_publisher":"https:\/\/www.facebook.com\/onpoki\/","article_modified_time":"2026-04-20T05:31:48+00:00","og_image":[{"width":1024,"height":1024,"url":"https:\/\/onpoki.com\/wp-content\/uploads\/2025\/08\/primera_foto_pattern-1-1024x1024.jpg","type":"image\/jpeg"}],"twitter_card":"summary_large_image","twitter_misc":{"Tiempo de lectura":"2 minutos"},"schema":{"@context":"https:\/\/schema.org","@graph":[{"@type":"WebPage","@id":"https:\/\/onpoki.com\/product\/luke-skywalker-crochet-pattern\/","url":"https:\/\/onpoki.com\/product\/luke-skywalker-crochet-pattern\/","name":"Luke Skywalker Crochet Pattern \u2013 Star Wars Amigurumi","isPartOf":{"@id":"https:\/\/onpoki.com\/#website"},"primaryImageOfPage":{"@id":"https:\/\/onpoki.com\/product\/luke-skywalker-crochet-pattern\/#primaryimage"},"image":{"@id":"https:\/\/onpoki.com\/product\/luke-skywalker-crochet-pattern\/#primaryimage"},"thumbnailUrl":"https:\/\/onpoki.com\/wp-content\/uploads\/2025\/08\/primera_foto_pattern-1.jpg","datePublished":"2025-08-12T23:54:12+00:00","dateModified":"2026-04-20T05:31:48+00:00","description":"Crochet your own Luke Skywalker with this Star Wars-inspired pattern \u2013 20 pages and 99 detailed photos for all skill levels.","breadcrumb":{"@id":"https:\/\/onpoki.com\/product\/luke-skywalker-crochet-pattern\/#breadcrumb"},"inLanguage":"es-AR","potentialAction":[{"@type":"ReadAction","target":["https:\/\/onpoki.com\/product\/luke-skywalker-crochet-pattern\/"]}]},{"@type":"ImageObject","inLanguage":"es-AR","@id":"https:\/\/onpoki.com\/product\/luke-skywalker-crochet-pattern\/#primaryimage","url":"https:\/\/onpoki.com\/wp-content\/uploads\/2025\/08\/primera_foto_pattern-1.jpg","contentUrl":"https:\/\/onpoki.com\/wp-content\/uploads\/2025\/08\/primera_foto_pattern-1.jpg","width":2494,"height":2494},{"@type":"BreadcrumbList","@id":"https:\/\/onpoki.com\/product\/luke-skywalker-crochet-pattern\/#breadcrumb","itemListElement":[{"@type":"ListItem","position":1,"name":"Home","item":"https:\/\/onpoki.com\/"},{"@type":"ListItem","position":2,"name":"Luke Skywalker Crochet Pattern \u2013 Star Wars Inspired Amigurumi (EN\/ES\/PT)"}]},{"@type":"WebSite","@id":"https:\/\/onpoki.com\/#website","url":"https:\/\/onpoki.com\/","name":"Onpoki","description":"Original crochet patterns and handmade dolls","publisher":{"@id":"https:\/\/onpoki.com\/#organization"},"alternateName":"Onpoki crochet","potentialAction":[{"@type":"SearchAction","target":{"@type":"EntryPoint","urlTemplate":"https:\/\/onpoki.com\/?s={search_term_string}"},"query-input":{"@type":"PropertyValueSpecification","valueRequired":true,"valueName":"search_term_string"}}],"inLanguage":"es-AR"},{"@type":"Organization","@id":"https:\/\/onpoki.com\/#organization","name":"Onpoki crochet","url":"https:\/\/onpoki.com\/","logo":{"@type":"ImageObject","inLanguage":"es-AR","@id":"https:\/\/onpoki.com\/#\/schema\/logo\/image\/","url":"https:\/\/onpoki.com\/wp-content\/uploads\/2025\/11\/onpoki_logo_redondo.png","contentUrl":"https:\/\/onpoki.com\/wp-content\/uploads\/2025\/11\/onpoki_logo_redondo.png","width":511,"height":512,"caption":"Onpoki crochet"},"image":{"@id":"https:\/\/onpoki.com\/#\/schema\/logo\/image\/"},"sameAs":["https:\/\/www.facebook.com\/onpoki\/","https:\/\/www.instagram.com\/onpoki"]}]}},"jetpack_sharing_enabled":true,"_links":{"self":[{"href":"https:\/\/onpoki.com\/es\/wp-json\/wp\/v2\/product\/2185","targetHints":{"allow":["GET"]}}],"collection":[{"href":"https:\/\/onpoki.com\/es\/wp-json\/wp\/v2\/product"}],"about":[{"href":"https:\/\/onpoki.com\/es\/wp-json\/wp\/v2\/types\/product"}],"replies":[{"embeddable":true,"href":"https:\/\/onpoki.com\/es\/wp-json\/wp\/v2\/comments?post=2185"}],"wp:featuredmedia":[{"embeddable":true,"href":"https:\/\/onpoki.com\/es\/wp-json\/wp\/v2\/media\/2186"}],"wp:attachment":[{"href":"https:\/\/onpoki.com\/es\/wp-json\/wp\/v2\/media?parent=2185"}],"wp:term":[{"taxonomy":"product_brand","embeddable":true,"href":"https:\/\/onpoki.com\/es\/wp-json\/wp\/v2\/product_brand?post=2185"},{"taxonomy":"product_cat","embeddable":true,"href":"https:\/\/onpoki.com\/es\/wp-json\/wp\/v2\/product_cat?post=2185"},{"taxonomy":"product_tag","embeddable":true,"href":"https:\/\/onpoki.com\/es\/wp-json\/wp\/v2\/product_tag?post=2185"}],"curies":[{"name":"wp","href":"https:\/\/api.w.org\/{rel}","templated":true}]}}