{"id":2198,"date":"2025-08-13T00:21:56","date_gmt":"2025-08-13T00:21:56","guid":{"rendered":"https:\/\/onpoki.com\/?post_type=product&#038;p=2198"},"modified":"2026-04-20T18:31:48","modified_gmt":"2026-04-20T05:31:48","slug":"grogu-crochet-pattern-pdf","status":"publish","type":"product","link":"https:\/\/onpoki.com\/es\/producto\/grogu-crochet-pattern-pdf\/","title":{"rendered":"Grogu (Bebe Yoda) \u2013 Patr\u00f3n de crochet de Mandalorian y la Guerra de las Galaxias (PDF) \u2013 English \u2013 Espa\u00f1ol"},"content":{"rendered":"<h5>Grogu (Bebe Yoda) - Un tributo al Mandalorian y a la Guerra de las Galaxias por Onpoki.<\/h5>\n<p>Teje a tu propio peque\u00f1o rebelde verde con este patr\u00f3n de crochet de Grogu (BebeYoda), un homenaje hecho a mano a El Mandalorian y al universo de La guerra de las galaxias. Este PDF premium es simple y apto para principiantes, con instrucciones claras y fotos paso a paso de alta calidad.<\/p>\n<p>Tambi\u00e9n puedes encontrar la versi\u00f3n gratuita de este patr\u00f3n en la secci\u00f3n de <a href=\"https:\/\/onpoki.com\/es\/free-patterns\/\" target=\"_new\" rel=\"noopener\">Patrones gratis<\/a> . Este PDF premium incluye fotos adicionales del proceso, un formato listo para imprimir y consejos extra\u2026 perfecto si prefer\u00eds tejer sin conexi\u00f3n o si quer\u00e9s apoyar mi trabajo con una peque\u00f1a contribuci\u00f3n.<\/p>\n<p><strong>Lenguajes:<\/strong><br \/>\n\u2013 English (US terms \u2013 includes table with US\/UK terminology differences)<br \/>\n\u2013 Espa\u00f1ol (t\u00e9rminos de Espa\u00f1a \u2013 incluye tabla con diferencias entre Espa\u00f1a y Latinoam\u00e9rica)<\/p>\n<p><strong>Nivel de dificultad:<\/strong><br \/>\nNivel principiante \u2013 C\u00f3modo con anillo m\u00e1gico, punto bajo, aumentos, disminuciones y punto enano<\/p>\n<p><strong>Formato:<\/strong><br \/>\nPDF Imprimible - 10 paginas con 42 im\u00e1genes \u00fatiles.<\/p>\n<p><strong>Tama\u00f1o:<\/strong><br \/>\nVaria dependiendo el hilo o el ganchillo que usen.<\/p>\n<p><strong>Hilo que vas a necesitar:<\/strong><br \/>\nUna peque\u00f1a cantidad de hilo color verde, marr\u00f3n y beige.<\/p>\n<p><strong>Nota:<\/strong><br \/>\nEste es un patr\u00f3n de crochet digital (no un mu\u00f1eco terminado). Grogu es un personaje creado por Lucasfilm y Disney. Este patr\u00f3n es un homenaje hecho por fans de manera independiente, sin ninguna afiliaci\u00f3n con la franquicia oficial.<\/p>\n<p><strong>\u00bfPrefer\u00eds comprar en otras plataformas?<\/strong><br \/>\n<a href=\"https:\/\/www.etsy.com\/listing\/4299957231\/crochet-pattern-grogu-baby-yoda-pdf\">Etsy \u2013 Onpoki<\/a><br \/>\n<a href=\"https:\/\/www.ravelry.com\/patterns\/library\/grogu-baby-yoda-tribute\">Ravelry \u2013 Onpoki<\/a><\/p>\n<p><strong>Completa tu colecci\u00f3n de La guerra de las galaxias.<\/strong><br \/>\n\ud83e\udde1 <a href=\"https:\/\/onpoki.com\/es\/producto\/han-solo-crochet-pattern\/\">Patr\u00f3n crochet Han Solo<\/a><br \/>\n\ud83d\udc9b <a href=\"https:\/\/onpoki.com\/es\/producto\/luke-skywalker-crochet-pattern\/\">Patr\u00f3n crochet Luke Skywalker<\/a><br \/>\n\ud83d\udc9a <a href=\"https:\/\/onpoki.com\/es\/producto\/princess-leia-crochet-pattern\/\">Patr\u00f3n crochet Princesa Leia<\/a><br \/>\n\ud83d\udc99 <a href=\"https:\/\/onpoki.com\/es\/producto\/chewbacca-crochet-pattern\/\">Patr\u00f3n crochet Chewbacca<\/a><\/p>","protected":false},"excerpt":{"rendered":"<p>Patr\u00f3n de crochet en PDF premium para Grogu (Baby Yoda) con 42 fotos paso a paso y explicaciones aptas para principiantes.<\/p>","protected":false},"featured_media":2200,"comment_status":"open","ping_status":"closed","template":"","meta":{"_kadence_starter_templates_imported_post":false,"_kad_post_transparent":"default","_kad_post_title":"","_kad_post_layout":"default","_kad_post_sidebar_id":"","_kad_post_content_style":"default","_kad_post_vertical_padding":"default","_kad_post_feature":"","_kad_post_feature_position":"","_kad_post_header":false,"_kad_post_footer":false,"_kad_post_classname":""},"product_brand":[],"product_cat":[74],"product_tag":[84,85,76],"class_list":{"0":"post-2198","1":"product","2":"type-product","3":"status-publish","4":"has-post-thumbnail","6":"product_cat-crochet-patterns","7":"product_tag-digital-pattern","8":"product_tag-pdf","9":"product_tag-star-wars","11":"first","12":"instock","13":"sale","14":"downloadable","15":"virtual","16":"purchasable","17":"product-type-simple","18":"entry","19":"content-bg","20":"loop-entry"},"yoast_head":"<!-- This site is optimized with the Yoast SEO plugin v27.4 - https:\/\/yoast.com\/product\/yoast-seo-wordpress\/ -->\n<title>Grogu (Baby Yoda) Crochet Pattern \u2013 The Mandalorian inspired<\/title>\n<meta name=\"description\" content=\"Crochet your own Grogu (Baby Yoda) with this Star Wars-inspired pattern \u2013 10 pages and 42 photos for beginners.\" \/>\n<meta name=\"robots\" content=\"index, follow, max-snippet:-1, max-image-preview:large, max-video-preview:-1\" \/>\n<link rel=\"canonical\" href=\"https:\/\/onpoki.com\/es\/producto\/grogu-crochet-pattern-pdf\/\" \/>\n<meta property=\"og:locale\" content=\"es_ES\" \/>\n<meta property=\"og:type\" content=\"article\" \/>\n<meta property=\"og:title\" content=\"Grogu (Baby Yoda) Crochet Pattern \u2013 The Mandalorian inspired\" \/>\n<meta property=\"og:description\" content=\"Crochet your own Grogu (Baby Yoda) with this Star Wars-inspired pattern \u2013 10 pages and 42 photos for beginners.\" \/>\n<meta property=\"og:url\" content=\"https:\/\/onpoki.com\/es\/producto\/grogu-crochet-pattern-pdf\/\" \/>\n<meta property=\"og:site_name\" content=\"Onpoki crochet\" \/>\n<meta property=\"article:publisher\" content=\"https:\/\/www.facebook.com\/onpoki\/\" \/>\n<meta property=\"article:modified_time\" content=\"2026-04-20T05:31:48+00:00\" \/>\n<meta property=\"og:image\" content=\"https:\/\/onpoki.com\/wp-content\/uploads\/2025\/08\/grogu_primera_foto_pattern.jpg\" \/>\n\t<meta property=\"og:image:width\" content=\"1728\" \/>\n\t<meta property=\"og:image:height\" content=\"1728\" \/>\n\t<meta property=\"og:image:type\" content=\"image\/jpeg\" \/>\n<meta name=\"twitter:card\" content=\"summary_large_image\" \/>\n<meta name=\"twitter:label1\" content=\"Tiempo de lectura\" \/>\n\t<meta name=\"twitter:data1\" content=\"2 minutos\" \/>\n<script type=\"application\/ld+json\" class=\"yoast-schema-graph\">{\"@context\":\"https:\\\/\\\/schema.org\",\"@graph\":[{\"@type\":\"WebPage\",\"@id\":\"https:\\\/\\\/onpoki.com\\\/product\\\/grogu-crochet-pattern-pdf\\\/\",\"url\":\"https:\\\/\\\/onpoki.com\\\/product\\\/grogu-crochet-pattern-pdf\\\/\",\"name\":\"Grogu (Baby Yoda) Crochet Pattern \u2013 The Mandalorian inspired\",\"isPartOf\":{\"@id\":\"https:\\\/\\\/onpoki.com\\\/#website\"},\"primaryImageOfPage\":{\"@id\":\"https:\\\/\\\/onpoki.com\\\/product\\\/grogu-crochet-pattern-pdf\\\/#primaryimage\"},\"image\":{\"@id\":\"https:\\\/\\\/onpoki.com\\\/product\\\/grogu-crochet-pattern-pdf\\\/#primaryimage\"},\"thumbnailUrl\":\"https:\\\/\\\/onpoki.com\\\/wp-content\\\/uploads\\\/2025\\\/08\\\/grogu_primera_foto_pattern.jpg\",\"datePublished\":\"2025-08-13T00:21:56+00:00\",\"dateModified\":\"2026-04-20T05:31:48+00:00\",\"description\":\"Crochet your own Grogu (Baby Yoda) with this Star Wars-inspired pattern \u2013 10 pages and 42 photos for beginners.\",\"breadcrumb\":{\"@id\":\"https:\\\/\\\/onpoki.com\\\/product\\\/grogu-crochet-pattern-pdf\\\/#breadcrumb\"},\"inLanguage\":\"es-AR\",\"potentialAction\":[{\"@type\":\"ReadAction\",\"target\":[\"https:\\\/\\\/onpoki.com\\\/product\\\/grogu-crochet-pattern-pdf\\\/\"]}]},{\"@type\":\"ImageObject\",\"inLanguage\":\"es-AR\",\"@id\":\"https:\\\/\\\/onpoki.com\\\/product\\\/grogu-crochet-pattern-pdf\\\/#primaryimage\",\"url\":\"https:\\\/\\\/onpoki.com\\\/wp-content\\\/uploads\\\/2025\\\/08\\\/grogu_primera_foto_pattern.jpg\",\"contentUrl\":\"https:\\\/\\\/onpoki.com\\\/wp-content\\\/uploads\\\/2025\\\/08\\\/grogu_primera_foto_pattern.jpg\",\"width\":1728,\"height\":1728},{\"@type\":\"BreadcrumbList\",\"@id\":\"https:\\\/\\\/onpoki.com\\\/product\\\/grogu-crochet-pattern-pdf\\\/#breadcrumb\",\"itemListElement\":[{\"@type\":\"ListItem\",\"position\":1,\"name\":\"Home\",\"item\":\"https:\\\/\\\/onpoki.com\\\/\"},{\"@type\":\"ListItem\",\"position\":2,\"name\":\"Grogu (Baby Yoda) \u2013 Mandalorian &#038; Star Wars Crochet Pattern (PDF) \u2013 English \u2013 Espa\u00f1ol\"}]},{\"@type\":\"WebSite\",\"@id\":\"https:\\\/\\\/onpoki.com\\\/#website\",\"url\":\"https:\\\/\\\/onpoki.com\\\/\",\"name\":\"Onpoki\",\"description\":\"Original crochet patterns and handmade dolls\",\"publisher\":{\"@id\":\"https:\\\/\\\/onpoki.com\\\/#organization\"},\"alternateName\":\"Onpoki crochet\",\"potentialAction\":[{\"@type\":\"SearchAction\",\"target\":{\"@type\":\"EntryPoint\",\"urlTemplate\":\"https:\\\/\\\/onpoki.com\\\/?s={search_term_string}\"},\"query-input\":{\"@type\":\"PropertyValueSpecification\",\"valueRequired\":true,\"valueName\":\"search_term_string\"}}],\"inLanguage\":\"es-AR\"},{\"@type\":\"Organization\",\"@id\":\"https:\\\/\\\/onpoki.com\\\/#organization\",\"name\":\"Onpoki crochet\",\"url\":\"https:\\\/\\\/onpoki.com\\\/\",\"logo\":{\"@type\":\"ImageObject\",\"inLanguage\":\"es-AR\",\"@id\":\"https:\\\/\\\/onpoki.com\\\/#\\\/schema\\\/logo\\\/image\\\/\",\"url\":\"https:\\\/\\\/onpoki.com\\\/wp-content\\\/uploads\\\/2025\\\/11\\\/onpoki_logo_redondo.png\",\"contentUrl\":\"https:\\\/\\\/onpoki.com\\\/wp-content\\\/uploads\\\/2025\\\/11\\\/onpoki_logo_redondo.png\",\"width\":511,\"height\":512,\"caption\":\"Onpoki crochet\"},\"image\":{\"@id\":\"https:\\\/\\\/onpoki.com\\\/#\\\/schema\\\/logo\\\/image\\\/\"},\"sameAs\":[\"https:\\\/\\\/www.facebook.com\\\/onpoki\\\/\",\"https:\\\/\\\/www.instagram.com\\\/onpoki\"]}]}<\/script>\n<!-- \/ Yoast SEO plugin. -->","yoast_head_json":{"title":"Grogu (Baby Yoda) Crochet Pattern \u2013 The Mandalorian inspired","description":"Crochet your own Grogu (Baby Yoda) with this Star Wars-inspired pattern \u2013 10 pages and 42 photos for beginners.","robots":{"index":"index","follow":"follow","max-snippet":"max-snippet:-1","max-image-preview":"max-image-preview:large","max-video-preview":"max-video-preview:-1"},"canonical":"https:\/\/onpoki.com\/es\/producto\/grogu-crochet-pattern-pdf\/","og_locale":"es_ES","og_type":"article","og_title":"Grogu (Baby Yoda) Crochet Pattern \u2013 The Mandalorian inspired","og_description":"Crochet your own Grogu (Baby Yoda) with this Star Wars-inspired pattern \u2013 10 pages and 42 photos for beginners.","og_url":"https:\/\/onpoki.com\/es\/producto\/grogu-crochet-pattern-pdf\/","og_site_name":"Onpoki crochet","article_publisher":"https:\/\/www.facebook.com\/onpoki\/","article_modified_time":"2026-04-20T05:31:48+00:00","og_image":[{"width":1728,"height":1728,"url":"https:\/\/onpoki.com\/wp-content\/uploads\/2025\/08\/grogu_primera_foto_pattern.jpg","type":"image\/jpeg"}],"twitter_card":"summary_large_image","twitter_misc":{"Tiempo de lectura":"2 minutos"},"schema":{"@context":"https:\/\/schema.org","@graph":[{"@type":"WebPage","@id":"https:\/\/onpoki.com\/product\/grogu-crochet-pattern-pdf\/","url":"https:\/\/onpoki.com\/product\/grogu-crochet-pattern-pdf\/","name":"Grogu (Baby Yoda) Crochet Pattern \u2013 The Mandalorian inspired","isPartOf":{"@id":"https:\/\/onpoki.com\/#website"},"primaryImageOfPage":{"@id":"https:\/\/onpoki.com\/product\/grogu-crochet-pattern-pdf\/#primaryimage"},"image":{"@id":"https:\/\/onpoki.com\/product\/grogu-crochet-pattern-pdf\/#primaryimage"},"thumbnailUrl":"https:\/\/onpoki.com\/wp-content\/uploads\/2025\/08\/grogu_primera_foto_pattern.jpg","datePublished":"2025-08-13T00:21:56+00:00","dateModified":"2026-04-20T05:31:48+00:00","description":"Crochet your own Grogu (Baby Yoda) with this Star Wars-inspired pattern \u2013 10 pages and 42 photos for beginners.","breadcrumb":{"@id":"https:\/\/onpoki.com\/product\/grogu-crochet-pattern-pdf\/#breadcrumb"},"inLanguage":"es-AR","potentialAction":[{"@type":"ReadAction","target":["https:\/\/onpoki.com\/product\/grogu-crochet-pattern-pdf\/"]}]},{"@type":"ImageObject","inLanguage":"es-AR","@id":"https:\/\/onpoki.com\/product\/grogu-crochet-pattern-pdf\/#primaryimage","url":"https:\/\/onpoki.com\/wp-content\/uploads\/2025\/08\/grogu_primera_foto_pattern.jpg","contentUrl":"https:\/\/onpoki.com\/wp-content\/uploads\/2025\/08\/grogu_primera_foto_pattern.jpg","width":1728,"height":1728},{"@type":"BreadcrumbList","@id":"https:\/\/onpoki.com\/product\/grogu-crochet-pattern-pdf\/#breadcrumb","itemListElement":[{"@type":"ListItem","position":1,"name":"Home","item":"https:\/\/onpoki.com\/"},{"@type":"ListItem","position":2,"name":"Grogu (Baby Yoda) \u2013 Mandalorian &#038; Star Wars Crochet Pattern (PDF) \u2013 English \u2013 Espa\u00f1ol"}]},{"@type":"WebSite","@id":"https:\/\/onpoki.com\/#website","url":"https:\/\/onpoki.com\/","name":"Onpoki","description":"Original crochet patterns and handmade dolls","publisher":{"@id":"https:\/\/onpoki.com\/#organization"},"alternateName":"Onpoki crochet","potentialAction":[{"@type":"SearchAction","target":{"@type":"EntryPoint","urlTemplate":"https:\/\/onpoki.com\/?s={search_term_string}"},"query-input":{"@type":"PropertyValueSpecification","valueRequired":true,"valueName":"search_term_string"}}],"inLanguage":"es-AR"},{"@type":"Organization","@id":"https:\/\/onpoki.com\/#organization","name":"Onpoki crochet","url":"https:\/\/onpoki.com\/","logo":{"@type":"ImageObject","inLanguage":"es-AR","@id":"https:\/\/onpoki.com\/#\/schema\/logo\/image\/","url":"https:\/\/onpoki.com\/wp-content\/uploads\/2025\/11\/onpoki_logo_redondo.png","contentUrl":"https:\/\/onpoki.com\/wp-content\/uploads\/2025\/11\/onpoki_logo_redondo.png","width":511,"height":512,"caption":"Onpoki crochet"},"image":{"@id":"https:\/\/onpoki.com\/#\/schema\/logo\/image\/"},"sameAs":["https:\/\/www.facebook.com\/onpoki\/","https:\/\/www.instagram.com\/onpoki"]}]}},"jetpack_sharing_enabled":true,"_links":{"self":[{"href":"https:\/\/onpoki.com\/es\/wp-json\/wp\/v2\/product\/2198","targetHints":{"allow":["GET"]}}],"collection":[{"href":"https:\/\/onpoki.com\/es\/wp-json\/wp\/v2\/product"}],"about":[{"href":"https:\/\/onpoki.com\/es\/wp-json\/wp\/v2\/types\/product"}],"replies":[{"embeddable":true,"href":"https:\/\/onpoki.com\/es\/wp-json\/wp\/v2\/comments?post=2198"}],"wp:featuredmedia":[{"embeddable":true,"href":"https:\/\/onpoki.com\/es\/wp-json\/wp\/v2\/media\/2200"}],"wp:attachment":[{"href":"https:\/\/onpoki.com\/es\/wp-json\/wp\/v2\/media?parent=2198"}],"wp:term":[{"taxonomy":"product_brand","embeddable":true,"href":"https:\/\/onpoki.com\/es\/wp-json\/wp\/v2\/product_brand?post=2198"},{"taxonomy":"product_cat","embeddable":true,"href":"https:\/\/onpoki.com\/es\/wp-json\/wp\/v2\/product_cat?post=2198"},{"taxonomy":"product_tag","embeddable":true,"href":"https:\/\/onpoki.com\/es\/wp-json\/wp\/v2\/product_tag?post=2198"}],"curies":[{"name":"wp","href":"https:\/\/api.w.org\/{rel}","templated":true}]}}