{"id":2210,"date":"2025-08-13T22:51:56","date_gmt":"2025-08-13T22:51:56","guid":{"rendered":"https:\/\/onpoki.com\/?post_type=product&#038;p=2210"},"modified":"2025-12-02T10:02:32","modified_gmt":"2025-12-01T21:02:32","slug":"star-wars-rebels-crochet-pattern-pack","status":"publish","type":"product","link":"https:\/\/onpoki.com\/es\/producto\/star-wars-rebels-crochet-pattern-pack\/","title":{"rendered":"Rebeldes de la Guerra de las Galaxias \u2013 Pack de patrones de crochet de Han Solo, Chewbacca, Leia y Luke (PDF) \u2013 English \u2013 Espa\u00f1ol"},"content":{"rendered":"<h5>Pack de Patrones Rebels de Guerra de las Galaxias \u2013 Un tributo a cuatro h\u00e9roes legendarios por Onpoki<\/h5>\n<p>Celebr\u00e1 el esp\u00edritu de la rebeli\u00f3n con este pack de patrones de crochet inspirado en Guerra de las Galaxias. Con Han Solo, Chewbacca, la Princesa Leia y Luke Skywalker, este conjunto re\u00fane a cuatro de los rebeldes m\u00e1s ic\u00f3nicos de la galaxia.<\/p>\n<p>El pack incluye cuatro patrones completos de amigurumis con instrucciones detalladas paso a paso y muchas fotos. Es perfecto para crocheteras de todos los niveles, ya sea que los hagas para vos o como el regalo ideal para una fan de Guerra de las Galaxias.<\/p>\n<p><strong>En conjunto, los cuatro patrones suman un total de 84 p\u00e1ginas y 463 fotos paso a paso<\/strong>, gui\u00e1ndote por cada detalle de la creaci\u00f3n de Han, Chewie, Leia y Luke.<\/p>\n<p><strong>\u00a1Ahorr\u00e1 comprando el pack!<\/strong><br \/>\nDisfrut\u00e1 un precio especial por esta colecci\u00f3n completa de Rebeldes de Guerra de las Galaxias.<\/p>\n<p><strong>Lenguajes:<\/strong><br \/>\n\u2013 English (US terms \u2013 includes table with US\/UK terminology differences)<br \/>\n\u2013 Espa\u00f1ol (t\u00e9rminos de Espa\u00f1a \u2013 incluye tabla con diferencias entre Espa\u00f1a y Latinoam\u00e9rica)<\/p>\n<p><strong>Nivel de dificultad:<\/strong><br \/>\nPrincipiante a Intermedio \u2013 C\u00f3moda con los puntos b\u00e1sicos de amigurumi y un armado sencillo.<\/p>\n<p><strong>Formato:<\/strong><br \/>\nPDF imprimible \u2013 4 patrones completos con instrucciones detalladas y gu\u00edas con fotos.<\/p>\n<p><strong>Tama\u00f1o:<\/strong><br \/>\nCada personaje mide aproximadamente 16\u201317 cm de alto usando hilo Aran y agujas de 3.0\u20133.5 mm.<\/p>\n<p><strong>Hilo que vas a necesitar:<\/strong><br \/>\nVar\u00eda seg\u00fan el personaje\u2026 consult\u00e1 los listados individuales de cada patr\u00f3n para ver las cantidades exactas.<\/p>\n<p><strong>Nota:<\/strong><br \/>\nEste es un pack de patrones de crochet digitales (no son productos terminados). Los personajes son tributos hechos por una fan y no tienen ninguna afiliaci\u00f3n con la franquicia oficial.<\/p>\n<p><strong>\u00bfPrefer\u00eds comprar en otras plataformas?<\/strong><br \/>\n<a href=\"https:\/\/www.etsy.com\/listing\/4296699410\/crochet-pattern-star-wars-rebels-pattern\">Etsy \u2013 Onpoki<\/a><\/p>\n<p><strong>\u00bfPrefer\u00eds comprar los patrones por separado?<\/strong><br \/>\n\ud83e\udde1 <a href=\"https:\/\/www.etsy.com\/listing\/1900340893\" target=\"_new\" rel=\"noopener\">Patr\u00f3n crochet Han Solo<\/a><br \/>\n\ud83d\udc9b <a href=\"https:\/\/www.etsy.com\/listing\/583412703\" target=\"_new\" rel=\"noopener\">Patr\u00f3n crochet Chewbacca<\/a><br \/>\n\ud83d\udc9a <a href=\"https:\/\/www.etsy.com\/listing\/735699478\" target=\"_new\" rel=\"noopener\">Patr\u00f3n crochet Princesa Leia<\/a><br \/>\n\ud83d\udc99 <a href=\"https:\/\/www.etsy.com\/listing\/811730780\" target=\"_new\" rel=\"noopener\">Patr\u00f3n crochet Luke Skywalker<\/a><\/p>\n<p><strong>Completa tu colecci\u00f3n de La guerra de las galaxias.<\/strong><br \/>\n\ud83d\udc9a <a href=\"https:\/\/onpoki.com\/es\/free-patterns\/grogu-baby-yoda-free-pattern\/\">GRATIS Grogu (Bebe Yoda) - Patr\u00f3n crochet<\/a><\/p>","protected":false},"excerpt":{"rendered":"<p>Pack de patrones de crochet con Han Solo, Chewbacca, la Princesa Leia y Luke Skywalker. Incluye 4 patrones detallados de amigurumis inspirados en Guerra de las Galaxias.<\/p>","protected":false},"featured_media":2214,"comment_status":"open","ping_status":"closed","template":"","meta":{"_kadence_starter_templates_imported_post":false,"_kad_post_transparent":"default","_kad_post_title":"","_kad_post_layout":"default","_kad_post_sidebar_id":"","_kad_post_content_style":"default","_kad_post_vertical_padding":"default","_kad_post_feature":"","_kad_post_feature_position":"","_kad_post_header":false,"_kad_post_footer":false,"_kad_post_classname":""},"product_brand":[],"product_cat":[74],"product_tag":[84,85,76],"class_list":{"0":"post-2210","1":"product","2":"type-product","3":"status-publish","4":"has-post-thumbnail","6":"product_cat-crochet-patterns","7":"product_tag-digital-pattern","8":"product_tag-pdf","9":"product_tag-star-wars","11":"first","12":"instock","13":"sale","14":"downloadable","15":"virtual","16":"purchasable","17":"product-type-simple","18":"entry","19":"content-bg","20":"loop-entry"},"yoast_head":"<!-- This site is optimized with the Yoast SEO plugin v26.9 - https:\/\/yoast.com\/product\/yoast-seo-wordpress\/ -->\n<title>Star Wars Rebels Crochet Pattern Pack \u2013 Han, Chewie, Leia, Luke<\/title>\n<meta name=\"description\" content=\"Crochet Han, Chewbacca, Leia &amp; Luke with this Star Wars Rebels pattern pack \u2013 84 pages and 463 photos included.\" \/>\n<meta name=\"robots\" content=\"index, follow, max-snippet:-1, max-image-preview:large, max-video-preview:-1\" \/>\n<link rel=\"canonical\" href=\"https:\/\/onpoki.com\/es\/producto\/star-wars-rebels-crochet-pattern-pack\/\" \/>\n<meta property=\"og:locale\" content=\"es_ES\" \/>\n<meta property=\"og:type\" content=\"article\" \/>\n<meta property=\"og:title\" content=\"Star Wars Rebels Crochet Pattern Pack \u2013 Han, Chewie, Leia, Luke\" \/>\n<meta property=\"og:description\" content=\"Crochet Han, Chewbacca, Leia &amp; Luke with this Star Wars Rebels pattern pack \u2013 84 pages and 463 photos included.\" \/>\n<meta property=\"og:url\" content=\"https:\/\/onpoki.com\/es\/producto\/star-wars-rebels-crochet-pattern-pack\/\" \/>\n<meta property=\"og:site_name\" content=\"Onpoki crochet\" \/>\n<meta property=\"article:publisher\" content=\"https:\/\/www.facebook.com\/onpoki\/\" \/>\n<meta property=\"article:modified_time\" content=\"2025-12-01T21:02:32+00:00\" \/>\n<meta property=\"og:image\" content=\"https:\/\/onpoki.com\/wp-content\/uploads\/2025\/08\/the_rebels2-1024x1024.jpg\" \/>\n\t<meta property=\"og:image:width\" content=\"1024\" \/>\n\t<meta property=\"og:image:height\" content=\"1024\" \/>\n\t<meta property=\"og:image:type\" content=\"image\/jpeg\" \/>\n<meta name=\"twitter:card\" content=\"summary_large_image\" \/>\n<meta name=\"twitter:label1\" content=\"Tiempo de lectura\" \/>\n\t<meta name=\"twitter:data1\" content=\"2 minutos\" \/>\n<script type=\"application\/ld+json\" class=\"yoast-schema-graph\">{\"@context\":\"https:\/\/schema.org\",\"@graph\":[{\"@type\":\"WebPage\",\"@id\":\"https:\/\/onpoki.com\/product\/star-wars-rebels-crochet-pattern-pack\/\",\"url\":\"https:\/\/onpoki.com\/product\/star-wars-rebels-crochet-pattern-pack\/\",\"name\":\"Star Wars Rebels Crochet Pattern Pack \u2013 Han, Chewie, Leia, Luke\",\"isPartOf\":{\"@id\":\"https:\/\/onpoki.com\/#website\"},\"primaryImageOfPage\":{\"@id\":\"https:\/\/onpoki.com\/product\/star-wars-rebels-crochet-pattern-pack\/#primaryimage\"},\"image\":{\"@id\":\"https:\/\/onpoki.com\/product\/star-wars-rebels-crochet-pattern-pack\/#primaryimage\"},\"thumbnailUrl\":\"https:\/\/onpoki.com\/wp-content\/uploads\/2025\/08\/the_rebels2.jpg\",\"datePublished\":\"2025-08-13T22:51:56+00:00\",\"dateModified\":\"2025-12-01T21:02:32+00:00\",\"description\":\"Crochet Han, Chewbacca, Leia & Luke with this Star Wars Rebels pattern pack \u2013 84 pages and 463 photos included.\",\"breadcrumb\":{\"@id\":\"https:\/\/onpoki.com\/product\/star-wars-rebels-crochet-pattern-pack\/#breadcrumb\"},\"inLanguage\":\"es-AR\",\"potentialAction\":[{\"@type\":\"ReadAction\",\"target\":[\"https:\/\/onpoki.com\/product\/star-wars-rebels-crochet-pattern-pack\/\"]}]},{\"@type\":\"ImageObject\",\"inLanguage\":\"es-AR\",\"@id\":\"https:\/\/onpoki.com\/product\/star-wars-rebels-crochet-pattern-pack\/#primaryimage\",\"url\":\"https:\/\/onpoki.com\/wp-content\/uploads\/2025\/08\/the_rebels2.jpg\",\"contentUrl\":\"https:\/\/onpoki.com\/wp-content\/uploads\/2025\/08\/the_rebels2.jpg\",\"width\":2494,\"height\":2494},{\"@type\":\"BreadcrumbList\",\"@id\":\"https:\/\/onpoki.com\/product\/star-wars-rebels-crochet-pattern-pack\/#breadcrumb\",\"itemListElement\":[{\"@type\":\"ListItem\",\"position\":1,\"name\":\"Home\",\"item\":\"https:\/\/onpoki.com\/\"},{\"@type\":\"ListItem\",\"position\":2,\"name\":\"Star Wars Rebels \u2013 Han Solo, Chewbacca, Leia &#038; Luke Crochet Pattern Pack (PDF) \u2013 English \u2013 Espa\u00f1ol\"}]},{\"@type\":\"WebSite\",\"@id\":\"https:\/\/onpoki.com\/#website\",\"url\":\"https:\/\/onpoki.com\/\",\"name\":\"Onpoki\",\"description\":\"Original crochet patterns and handmade dolls\",\"publisher\":{\"@id\":\"https:\/\/onpoki.com\/#organization\"},\"alternateName\":\"Onpoki crochet\",\"potentialAction\":[{\"@type\":\"SearchAction\",\"target\":{\"@type\":\"EntryPoint\",\"urlTemplate\":\"https:\/\/onpoki.com\/?s={search_term_string}\"},\"query-input\":{\"@type\":\"PropertyValueSpecification\",\"valueRequired\":true,\"valueName\":\"search_term_string\"}}],\"inLanguage\":\"es-AR\"},{\"@type\":\"Organization\",\"@id\":\"https:\/\/onpoki.com\/#organization\",\"name\":\"Onpoki crochet\",\"url\":\"https:\/\/onpoki.com\/\",\"logo\":{\"@type\":\"ImageObject\",\"inLanguage\":\"es-AR\",\"@id\":\"https:\/\/onpoki.com\/#\/schema\/logo\/image\/\",\"url\":\"https:\/\/onpoki.com\/wp-content\/uploads\/2025\/11\/onpoki_logo_redondo.png\",\"contentUrl\":\"https:\/\/onpoki.com\/wp-content\/uploads\/2025\/11\/onpoki_logo_redondo.png\",\"width\":511,\"height\":512,\"caption\":\"Onpoki crochet\"},\"image\":{\"@id\":\"https:\/\/onpoki.com\/#\/schema\/logo\/image\/\"},\"sameAs\":[\"https:\/\/www.facebook.com\/onpoki\/\",\"https:\/\/www.instagram.com\/onpoki\"]}]}<\/script>\n<!-- \/ Yoast SEO plugin. -->","yoast_head_json":{"title":"Star Wars Rebels Crochet Pattern Pack \u2013 Han, Chewie, Leia, Luke","description":"Crochet Han, Chewbacca, Leia & Luke with this Star Wars Rebels pattern pack \u2013 84 pages and 463 photos included.","robots":{"index":"index","follow":"follow","max-snippet":"max-snippet:-1","max-image-preview":"max-image-preview:large","max-video-preview":"max-video-preview:-1"},"canonical":"https:\/\/onpoki.com\/es\/producto\/star-wars-rebels-crochet-pattern-pack\/","og_locale":"es_ES","og_type":"article","og_title":"Star Wars Rebels Crochet Pattern Pack \u2013 Han, Chewie, Leia, Luke","og_description":"Crochet Han, Chewbacca, Leia & Luke with this Star Wars Rebels pattern pack \u2013 84 pages and 463 photos included.","og_url":"https:\/\/onpoki.com\/es\/producto\/star-wars-rebels-crochet-pattern-pack\/","og_site_name":"Onpoki crochet","article_publisher":"https:\/\/www.facebook.com\/onpoki\/","article_modified_time":"2025-12-01T21:02:32+00:00","og_image":[{"width":1024,"height":1024,"url":"https:\/\/onpoki.com\/wp-content\/uploads\/2025\/08\/the_rebels2-1024x1024.jpg","type":"image\/jpeg"}],"twitter_card":"summary_large_image","twitter_misc":{"Tiempo de lectura":"2 minutos"},"schema":{"@context":"https:\/\/schema.org","@graph":[{"@type":"WebPage","@id":"https:\/\/onpoki.com\/product\/star-wars-rebels-crochet-pattern-pack\/","url":"https:\/\/onpoki.com\/product\/star-wars-rebels-crochet-pattern-pack\/","name":"Star Wars Rebels Crochet Pattern Pack \u2013 Han, Chewie, Leia, Luke","isPartOf":{"@id":"https:\/\/onpoki.com\/#website"},"primaryImageOfPage":{"@id":"https:\/\/onpoki.com\/product\/star-wars-rebels-crochet-pattern-pack\/#primaryimage"},"image":{"@id":"https:\/\/onpoki.com\/product\/star-wars-rebels-crochet-pattern-pack\/#primaryimage"},"thumbnailUrl":"https:\/\/onpoki.com\/wp-content\/uploads\/2025\/08\/the_rebels2.jpg","datePublished":"2025-08-13T22:51:56+00:00","dateModified":"2025-12-01T21:02:32+00:00","description":"Crochet Han, Chewbacca, Leia & Luke with this Star Wars Rebels pattern pack \u2013 84 pages and 463 photos included.","breadcrumb":{"@id":"https:\/\/onpoki.com\/product\/star-wars-rebels-crochet-pattern-pack\/#breadcrumb"},"inLanguage":"es-AR","potentialAction":[{"@type":"ReadAction","target":["https:\/\/onpoki.com\/product\/star-wars-rebels-crochet-pattern-pack\/"]}]},{"@type":"ImageObject","inLanguage":"es-AR","@id":"https:\/\/onpoki.com\/product\/star-wars-rebels-crochet-pattern-pack\/#primaryimage","url":"https:\/\/onpoki.com\/wp-content\/uploads\/2025\/08\/the_rebels2.jpg","contentUrl":"https:\/\/onpoki.com\/wp-content\/uploads\/2025\/08\/the_rebels2.jpg","width":2494,"height":2494},{"@type":"BreadcrumbList","@id":"https:\/\/onpoki.com\/product\/star-wars-rebels-crochet-pattern-pack\/#breadcrumb","itemListElement":[{"@type":"ListItem","position":1,"name":"Home","item":"https:\/\/onpoki.com\/"},{"@type":"ListItem","position":2,"name":"Star Wars Rebels \u2013 Han Solo, Chewbacca, Leia &#038; Luke Crochet Pattern Pack (PDF) \u2013 English \u2013 Espa\u00f1ol"}]},{"@type":"WebSite","@id":"https:\/\/onpoki.com\/#website","url":"https:\/\/onpoki.com\/","name":"Onpoki","description":"Original crochet patterns and handmade dolls","publisher":{"@id":"https:\/\/onpoki.com\/#organization"},"alternateName":"Onpoki crochet","potentialAction":[{"@type":"SearchAction","target":{"@type":"EntryPoint","urlTemplate":"https:\/\/onpoki.com\/?s={search_term_string}"},"query-input":{"@type":"PropertyValueSpecification","valueRequired":true,"valueName":"search_term_string"}}],"inLanguage":"es-AR"},{"@type":"Organization","@id":"https:\/\/onpoki.com\/#organization","name":"Onpoki crochet","url":"https:\/\/onpoki.com\/","logo":{"@type":"ImageObject","inLanguage":"es-AR","@id":"https:\/\/onpoki.com\/#\/schema\/logo\/image\/","url":"https:\/\/onpoki.com\/wp-content\/uploads\/2025\/11\/onpoki_logo_redondo.png","contentUrl":"https:\/\/onpoki.com\/wp-content\/uploads\/2025\/11\/onpoki_logo_redondo.png","width":511,"height":512,"caption":"Onpoki crochet"},"image":{"@id":"https:\/\/onpoki.com\/#\/schema\/logo\/image\/"},"sameAs":["https:\/\/www.facebook.com\/onpoki\/","https:\/\/www.instagram.com\/onpoki"]}]}},"jetpack_sharing_enabled":true,"_links":{"self":[{"href":"https:\/\/onpoki.com\/es\/wp-json\/wp\/v2\/product\/2210","targetHints":{"allow":["GET"]}}],"collection":[{"href":"https:\/\/onpoki.com\/es\/wp-json\/wp\/v2\/product"}],"about":[{"href":"https:\/\/onpoki.com\/es\/wp-json\/wp\/v2\/types\/product"}],"replies":[{"embeddable":true,"href":"https:\/\/onpoki.com\/es\/wp-json\/wp\/v2\/comments?post=2210"}],"wp:featuredmedia":[{"embeddable":true,"href":"https:\/\/onpoki.com\/es\/wp-json\/wp\/v2\/media\/2214"}],"wp:attachment":[{"href":"https:\/\/onpoki.com\/es\/wp-json\/wp\/v2\/media?parent=2210"}],"wp:term":[{"taxonomy":"product_brand","embeddable":true,"href":"https:\/\/onpoki.com\/es\/wp-json\/wp\/v2\/product_brand?post=2210"},{"taxonomy":"product_cat","embeddable":true,"href":"https:\/\/onpoki.com\/es\/wp-json\/wp\/v2\/product_cat?post=2210"},{"taxonomy":"product_tag","embeddable":true,"href":"https:\/\/onpoki.com\/es\/wp-json\/wp\/v2\/product_tag?post=2210"}],"curies":[{"name":"wp","href":"https:\/\/api.w.org\/{rel}","templated":true}]}}