{"id":2220,"date":"2025-08-13T23:18:21","date_gmt":"2025-08-13T23:18:21","guid":{"rendered":"https:\/\/onpoki.com\/?post_type=product&#038;p=2220"},"modified":"2025-12-02T10:00:31","modified_gmt":"2025-12-01T21:00:31","slug":"princess-leia-luke-skywalker-crochet-pattern-pack","status":"publish","type":"product","link":"https:\/\/onpoki.com\/es\/producto\/princess-leia-luke-skywalker-crochet-pattern-pack\/","title":{"rendered":"Princesa Leia y Luke Skywalker \u2013 Pack de Patrones de Crochet de Hermanos de Guerra de las Galaxias (PDF) \u2013 English \u2013 Espa\u00f1ol"},"content":{"rendered":"<h4>Pack de Patrones de la Princesa Leia y Luke Skywalker \u2013 Un tributo a los hermanos de Guerra de las Galaxias por Onpoki<\/h4>\n<p>Celebr\u00e1 la poderosa conexi\u00f3n entre la Princesa Leia y Luke Skywalker con este pack de patrones de crochet inspirado en Guerra de las Galaxias. Su historia trata sobre familia, fortaleza y esperanza incluso frente a la oscuridad.<\/p>\n<p>Este pack incluye dos patrones completos de amigurumis con instrucciones detalladas paso a paso y muchas fotos. Es perfecto para crocheteras de todos los niveles, ya sea que los tejas para vos o como un regalo especial para otra fan de Guerra de las Galaxias.<\/p>\n<p><strong>En conjunto, ambos patrones suman un total de 40 p\u00e1ginas y 208 fotos paso a paso, gui\u00e1ndote por cada detalle de la creaci\u00f3n de Leia y Luke.<\/strong><\/p>\n<p><strong>Lenguajes:<\/strong><br \/>\n\u2013 English (US terms \u2013 includes table with US\/UK terminology differences)<br \/>\n\u2013 Espa\u00f1ol (t\u00e9rminos de Espa\u00f1a \u2013 incluye tabla con diferencias entre Espa\u00f1a y Latinoam\u00e9rica)<\/p>\n<p><strong>Nivel de dificultad:<\/strong><br \/>\nPrincipiante a Intermedio \u2013 C\u00f3moda con los puntos b\u00e1sicos de amigurumi y un armado sencillo.<\/p>\n<p><strong>Formato:<\/strong><br \/>\nPDF imprimible \u2013 2 patrones completos con instrucciones detalladas y gu\u00edas con fotos.<\/p>\n<p><strong>Tama\u00f1o:<\/strong><br \/>\nCada personaje mide aproximadamente 16\u201317 cm de alto usando hilo Aran y agujas de 3.0\u20133.5 mm.<\/p>\n<p><strong>Hilo que vas a necesitar:<\/strong><br \/>\nVar\u00eda seg\u00fan el personaje\u2026 consult\u00e1 los listados individuales de cada patr\u00f3n para ver las cantidades exactas.<\/p>\n<p><strong>Nota:<\/strong><br \/>\nEste es un pack de patrones de crochet digitales (no son productos terminados). Los personajes son tributos hechos por una fan y no tienen ninguna afiliaci\u00f3n con la franquicia oficial.<\/p>\n<p><strong>\u00bfPrefer\u00eds comprar en otras plataformas?<\/strong><br \/>\n<a href=\"https:\/\/www.etsy.com\/shop\/onpoki\">Etsy \u2013 Onpoki<\/a><\/p>\n<p><strong>\u00bfPrefer\u00eds comprar los patrones por separado?<\/strong><br \/>\n\ud83d\udc9b <a href=\"https:\/\/www.etsy.com\/listing\/735699478\/\" target=\"_new\" rel=\"noopener\">Patr\u00f3n crochet Princesa Leia<\/a><br \/>\n\ud83d\udc99 <a href=\"https:\/\/www.etsy.com\/listing\/1964147537\/\" target=\"_new\" rel=\"noopener\">Patr\u00f3n crochet Luke Skywalker<\/a><\/p>\n<p><strong>Completa tu colecci\u00f3n de La guerra de las galaxias.<\/strong><br \/>\n<a href=\"https:\/\/onpoki.com\/es\/producto\/han-solo-crochet-pattern\/\"><img decoding=\"async\" class=\"emoji\" role=\"img\" draggable=\"false\" src=\"https:\/\/s.w.org\/images\/core\/emoji\/16.0.1\/svg\/1fa77.svg\" alt=\"\ud83e\ude77\" \/> Patr\u00f3n crochet Han Solo<\/a><br \/>\n\ud83e\udde1 <a href=\"https:\/\/onpoki.com\/es\/producto\/chewbacca-crochet-pattern\/\">Patr\u00f3n crochet Chewbacca<\/a><br \/>\n\ud83d\udc9a <a href=\"https:\/\/onpoki.com\/es\/free-patterns\/grogu-baby-yoda-free-pattern\/\">GRATIS Grogu (Bebe Yoda) - Patr\u00f3n crochet<\/a><\/p>","protected":false},"excerpt":{"rendered":"<p>Pack de patrones de crochet con la Princesa Leia y Luke Skywalker \u2013 2 patrones de amigurumis inspirados en Guerra de las Galaxias con fotos detalladas e instrucciones claras.<\/p>","protected":false},"featured_media":2221,"comment_status":"open","ping_status":"closed","template":"","meta":{"_kadence_starter_templates_imported_post":false,"_kad_post_transparent":"default","_kad_post_title":"","_kad_post_layout":"default","_kad_post_sidebar_id":"","_kad_post_content_style":"default","_kad_post_vertical_padding":"default","_kad_post_feature":"","_kad_post_feature_position":"","_kad_post_header":false,"_kad_post_footer":false,"_kad_post_classname":""},"product_brand":[],"product_cat":[74],"product_tag":[84,85,76],"class_list":{"0":"post-2220","1":"product","2":"type-product","3":"status-publish","4":"has-post-thumbnail","6":"product_cat-crochet-patterns","7":"product_tag-digital-pattern","8":"product_tag-pdf","9":"product_tag-star-wars","11":"first","12":"instock","13":"sale","14":"downloadable","15":"virtual","16":"purchasable","17":"product-type-simple","18":"entry","19":"content-bg","20":"loop-entry"},"yoast_head":"<!-- This site is optimized with the Yoast SEO plugin v26.9 - https:\/\/yoast.com\/product\/yoast-seo-wordpress\/ -->\n<title>Princess Leia &amp; Luke Skywalker Crochet Pattern Pack<\/title>\n<meta name=\"description\" content=\"Crochet Princess Leia &amp; Luke Skywalker with this Star Wars siblings pattern pack \u2013 40 pages and 208 photos included.\" \/>\n<meta name=\"robots\" content=\"index, follow, max-snippet:-1, max-image-preview:large, max-video-preview:-1\" \/>\n<link rel=\"canonical\" href=\"https:\/\/onpoki.com\/es\/producto\/princess-leia-luke-skywalker-crochet-pattern-pack\/\" \/>\n<meta property=\"og:locale\" content=\"es_ES\" \/>\n<meta property=\"og:type\" content=\"article\" \/>\n<meta property=\"og:title\" content=\"Princess Leia &amp; Luke Skywalker Crochet Pattern Pack\" \/>\n<meta property=\"og:description\" content=\"Crochet Princess Leia &amp; Luke Skywalker with this Star Wars siblings pattern pack \u2013 40 pages and 208 photos included.\" \/>\n<meta property=\"og:url\" content=\"https:\/\/onpoki.com\/es\/producto\/princess-leia-luke-skywalker-crochet-pattern-pack\/\" \/>\n<meta property=\"og:site_name\" content=\"Onpoki crochet\" \/>\n<meta property=\"article:publisher\" content=\"https:\/\/www.facebook.com\/onpoki\/\" \/>\n<meta property=\"article:modified_time\" content=\"2025-12-01T21:00:31+00:00\" \/>\n<meta property=\"og:image\" content=\"https:\/\/onpoki.com\/wp-content\/uploads\/2025\/08\/leia_luke-1024x1024.jpg\" \/>\n\t<meta property=\"og:image:width\" content=\"1024\" \/>\n\t<meta property=\"og:image:height\" content=\"1024\" \/>\n\t<meta property=\"og:image:type\" content=\"image\/jpeg\" \/>\n<meta name=\"twitter:card\" content=\"summary_large_image\" \/>\n<meta name=\"twitter:label1\" content=\"Tiempo de lectura\" \/>\n\t<meta name=\"twitter:data1\" content=\"2 minutos\" \/>\n<script type=\"application\/ld+json\" class=\"yoast-schema-graph\">{\"@context\":\"https:\/\/schema.org\",\"@graph\":[{\"@type\":\"WebPage\",\"@id\":\"https:\/\/onpoki.com\/product\/princess-leia-luke-skywalker-crochet-pattern-pack\/\",\"url\":\"https:\/\/onpoki.com\/product\/princess-leia-luke-skywalker-crochet-pattern-pack\/\",\"name\":\"Princess Leia & Luke Skywalker Crochet Pattern Pack\",\"isPartOf\":{\"@id\":\"https:\/\/onpoki.com\/#website\"},\"primaryImageOfPage\":{\"@id\":\"https:\/\/onpoki.com\/product\/princess-leia-luke-skywalker-crochet-pattern-pack\/#primaryimage\"},\"image\":{\"@id\":\"https:\/\/onpoki.com\/product\/princess-leia-luke-skywalker-crochet-pattern-pack\/#primaryimage\"},\"thumbnailUrl\":\"https:\/\/onpoki.com\/wp-content\/uploads\/2025\/08\/leia_luke.jpg\",\"datePublished\":\"2025-08-13T23:18:21+00:00\",\"dateModified\":\"2025-12-01T21:00:31+00:00\",\"description\":\"Crochet Princess Leia & Luke Skywalker with this Star Wars siblings pattern pack \u2013 40 pages and 208 photos included.\",\"breadcrumb\":{\"@id\":\"https:\/\/onpoki.com\/product\/princess-leia-luke-skywalker-crochet-pattern-pack\/#breadcrumb\"},\"inLanguage\":\"es-AR\",\"potentialAction\":[{\"@type\":\"ReadAction\",\"target\":[\"https:\/\/onpoki.com\/product\/princess-leia-luke-skywalker-crochet-pattern-pack\/\"]}]},{\"@type\":\"ImageObject\",\"inLanguage\":\"es-AR\",\"@id\":\"https:\/\/onpoki.com\/product\/princess-leia-luke-skywalker-crochet-pattern-pack\/#primaryimage\",\"url\":\"https:\/\/onpoki.com\/wp-content\/uploads\/2025\/08\/leia_luke.jpg\",\"contentUrl\":\"https:\/\/onpoki.com\/wp-content\/uploads\/2025\/08\/leia_luke.jpg\",\"width\":2494,\"height\":2494},{\"@type\":\"BreadcrumbList\",\"@id\":\"https:\/\/onpoki.com\/product\/princess-leia-luke-skywalker-crochet-pattern-pack\/#breadcrumb\",\"itemListElement\":[{\"@type\":\"ListItem\",\"position\":1,\"name\":\"Home\",\"item\":\"https:\/\/onpoki.com\/\"},{\"@type\":\"ListItem\",\"position\":2,\"name\":\"Princess Leia &#038; Luke Skywalker \u2013 Star Wars Siblings Crochet Pattern Pack (PDF) \u2013 English \u2013 Espa\u00f1ol\"}]},{\"@type\":\"WebSite\",\"@id\":\"https:\/\/onpoki.com\/#website\",\"url\":\"https:\/\/onpoki.com\/\",\"name\":\"Onpoki\",\"description\":\"Original crochet patterns and handmade dolls\",\"publisher\":{\"@id\":\"https:\/\/onpoki.com\/#organization\"},\"alternateName\":\"Onpoki crochet\",\"potentialAction\":[{\"@type\":\"SearchAction\",\"target\":{\"@type\":\"EntryPoint\",\"urlTemplate\":\"https:\/\/onpoki.com\/?s={search_term_string}\"},\"query-input\":{\"@type\":\"PropertyValueSpecification\",\"valueRequired\":true,\"valueName\":\"search_term_string\"}}],\"inLanguage\":\"es-AR\"},{\"@type\":\"Organization\",\"@id\":\"https:\/\/onpoki.com\/#organization\",\"name\":\"Onpoki crochet\",\"url\":\"https:\/\/onpoki.com\/\",\"logo\":{\"@type\":\"ImageObject\",\"inLanguage\":\"es-AR\",\"@id\":\"https:\/\/onpoki.com\/#\/schema\/logo\/image\/\",\"url\":\"https:\/\/onpoki.com\/wp-content\/uploads\/2025\/11\/onpoki_logo_redondo.png\",\"contentUrl\":\"https:\/\/onpoki.com\/wp-content\/uploads\/2025\/11\/onpoki_logo_redondo.png\",\"width\":511,\"height\":512,\"caption\":\"Onpoki crochet\"},\"image\":{\"@id\":\"https:\/\/onpoki.com\/#\/schema\/logo\/image\/\"},\"sameAs\":[\"https:\/\/www.facebook.com\/onpoki\/\",\"https:\/\/www.instagram.com\/onpoki\"]}]}<\/script>\n<!-- \/ Yoast SEO plugin. -->","yoast_head_json":{"title":"Princess Leia & Luke Skywalker Crochet Pattern Pack","description":"Crochet Princess Leia & Luke Skywalker with this Star Wars siblings pattern pack \u2013 40 pages and 208 photos included.","robots":{"index":"index","follow":"follow","max-snippet":"max-snippet:-1","max-image-preview":"max-image-preview:large","max-video-preview":"max-video-preview:-1"},"canonical":"https:\/\/onpoki.com\/es\/producto\/princess-leia-luke-skywalker-crochet-pattern-pack\/","og_locale":"es_ES","og_type":"article","og_title":"Princess Leia & Luke Skywalker Crochet Pattern Pack","og_description":"Crochet Princess Leia & Luke Skywalker with this Star Wars siblings pattern pack \u2013 40 pages and 208 photos included.","og_url":"https:\/\/onpoki.com\/es\/producto\/princess-leia-luke-skywalker-crochet-pattern-pack\/","og_site_name":"Onpoki crochet","article_publisher":"https:\/\/www.facebook.com\/onpoki\/","article_modified_time":"2025-12-01T21:00:31+00:00","og_image":[{"width":1024,"height":1024,"url":"https:\/\/onpoki.com\/wp-content\/uploads\/2025\/08\/leia_luke-1024x1024.jpg","type":"image\/jpeg"}],"twitter_card":"summary_large_image","twitter_misc":{"Tiempo de lectura":"2 minutos"},"schema":{"@context":"https:\/\/schema.org","@graph":[{"@type":"WebPage","@id":"https:\/\/onpoki.com\/product\/princess-leia-luke-skywalker-crochet-pattern-pack\/","url":"https:\/\/onpoki.com\/product\/princess-leia-luke-skywalker-crochet-pattern-pack\/","name":"Princess Leia & Luke Skywalker Crochet Pattern Pack","isPartOf":{"@id":"https:\/\/onpoki.com\/#website"},"primaryImageOfPage":{"@id":"https:\/\/onpoki.com\/product\/princess-leia-luke-skywalker-crochet-pattern-pack\/#primaryimage"},"image":{"@id":"https:\/\/onpoki.com\/product\/princess-leia-luke-skywalker-crochet-pattern-pack\/#primaryimage"},"thumbnailUrl":"https:\/\/onpoki.com\/wp-content\/uploads\/2025\/08\/leia_luke.jpg","datePublished":"2025-08-13T23:18:21+00:00","dateModified":"2025-12-01T21:00:31+00:00","description":"Crochet Princess Leia & Luke Skywalker with this Star Wars siblings pattern pack \u2013 40 pages and 208 photos included.","breadcrumb":{"@id":"https:\/\/onpoki.com\/product\/princess-leia-luke-skywalker-crochet-pattern-pack\/#breadcrumb"},"inLanguage":"es-AR","potentialAction":[{"@type":"ReadAction","target":["https:\/\/onpoki.com\/product\/princess-leia-luke-skywalker-crochet-pattern-pack\/"]}]},{"@type":"ImageObject","inLanguage":"es-AR","@id":"https:\/\/onpoki.com\/product\/princess-leia-luke-skywalker-crochet-pattern-pack\/#primaryimage","url":"https:\/\/onpoki.com\/wp-content\/uploads\/2025\/08\/leia_luke.jpg","contentUrl":"https:\/\/onpoki.com\/wp-content\/uploads\/2025\/08\/leia_luke.jpg","width":2494,"height":2494},{"@type":"BreadcrumbList","@id":"https:\/\/onpoki.com\/product\/princess-leia-luke-skywalker-crochet-pattern-pack\/#breadcrumb","itemListElement":[{"@type":"ListItem","position":1,"name":"Home","item":"https:\/\/onpoki.com\/"},{"@type":"ListItem","position":2,"name":"Princess Leia &#038; Luke Skywalker \u2013 Star Wars Siblings Crochet Pattern Pack (PDF) \u2013 English \u2013 Espa\u00f1ol"}]},{"@type":"WebSite","@id":"https:\/\/onpoki.com\/#website","url":"https:\/\/onpoki.com\/","name":"Onpoki","description":"Original crochet patterns and handmade dolls","publisher":{"@id":"https:\/\/onpoki.com\/#organization"},"alternateName":"Onpoki crochet","potentialAction":[{"@type":"SearchAction","target":{"@type":"EntryPoint","urlTemplate":"https:\/\/onpoki.com\/?s={search_term_string}"},"query-input":{"@type":"PropertyValueSpecification","valueRequired":true,"valueName":"search_term_string"}}],"inLanguage":"es-AR"},{"@type":"Organization","@id":"https:\/\/onpoki.com\/#organization","name":"Onpoki crochet","url":"https:\/\/onpoki.com\/","logo":{"@type":"ImageObject","inLanguage":"es-AR","@id":"https:\/\/onpoki.com\/#\/schema\/logo\/image\/","url":"https:\/\/onpoki.com\/wp-content\/uploads\/2025\/11\/onpoki_logo_redondo.png","contentUrl":"https:\/\/onpoki.com\/wp-content\/uploads\/2025\/11\/onpoki_logo_redondo.png","width":511,"height":512,"caption":"Onpoki crochet"},"image":{"@id":"https:\/\/onpoki.com\/#\/schema\/logo\/image\/"},"sameAs":["https:\/\/www.facebook.com\/onpoki\/","https:\/\/www.instagram.com\/onpoki"]}]}},"jetpack_sharing_enabled":true,"_links":{"self":[{"href":"https:\/\/onpoki.com\/es\/wp-json\/wp\/v2\/product\/2220","targetHints":{"allow":["GET"]}}],"collection":[{"href":"https:\/\/onpoki.com\/es\/wp-json\/wp\/v2\/product"}],"about":[{"href":"https:\/\/onpoki.com\/es\/wp-json\/wp\/v2\/types\/product"}],"replies":[{"embeddable":true,"href":"https:\/\/onpoki.com\/es\/wp-json\/wp\/v2\/comments?post=2220"}],"wp:featuredmedia":[{"embeddable":true,"href":"https:\/\/onpoki.com\/es\/wp-json\/wp\/v2\/media\/2221"}],"wp:attachment":[{"href":"https:\/\/onpoki.com\/es\/wp-json\/wp\/v2\/media?parent=2220"}],"wp:term":[{"taxonomy":"product_brand","embeddable":true,"href":"https:\/\/onpoki.com\/es\/wp-json\/wp\/v2\/product_brand?post=2220"},{"taxonomy":"product_cat","embeddable":true,"href":"https:\/\/onpoki.com\/es\/wp-json\/wp\/v2\/product_cat?post=2220"},{"taxonomy":"product_tag","embeddable":true,"href":"https:\/\/onpoki.com\/es\/wp-json\/wp\/v2\/product_tag?post=2220"}],"curies":[{"name":"wp","href":"https:\/\/api.w.org\/{rel}","templated":true}]}}