{"id":2265,"date":"2025-08-19T00:01:22","date_gmt":"2025-08-19T00:01:22","guid":{"rendered":"https:\/\/onpoki.com\/?post_type=product&#038;p=2265"},"modified":"2026-04-20T18:31:48","modified_gmt":"2026-04-20T05:31:48","slug":"autumn-leaf-crochet-pattern","status":"publish","type":"product","link":"https:\/\/onpoki.com\/es\/producto\/autumn-leaf-crochet-pattern\/","title":{"rendered":"Hoja de Oto\u00f1o \u2013 Patr\u00f3n de crochet (PDF) \u2013 English \u2013 Espa\u00f1ol"},"content":{"rendered":"<p><strong>POR FAVOR TENER EN CUENTA:<\/strong> : Est\u00e1s comprando un <strong>archivo digital<\/strong> (<strong>patr\u00f3n en PDF<\/strong>), no el mu\u00f1eco f\u00edsico.<\/p>\n<p><strong>HOJA OTO\u00d1AL - PATR\u00d3N DE CROCHET (PDF) - ENGLISH - ESPA\u00d1OL<\/strong><\/p>\n<p>Estoy muy orgullosa de esta peque\u00f1a hoja oto\u00f1al. Si ya probaste alguno de mis otros patrones, sab\u00e9s que me encantan los proyectos r\u00e1pidos y f\u00e1ciles\u2026 y este es exactamente as\u00ed.<\/p>\n<p>Pod\u00e9s hacerla oto\u00f1al con tonos c\u00e1lidos, o adaptarla para primavera y verano en verdes. Esta hoja vers\u00e1til es simple, divertida y perfecta como decoraci\u00f3n, aplique, guirnalda, posavasos o como parte de un proyecto m\u00e1s grande.<\/p>\n<p>Este patr\u00f3n tambi\u00e9n est\u00e1 disponible de forma gratuita en la secci\u00f3n de <a href=\"https:\/\/onpoki.com\/es\/free-patterns\/\" target=\"_blank\" rel=\"noopener\">Patrones gratis<\/a> de mi sitio web. Si quer\u00e9s apoyar mi trabajo (o prefer\u00eds la comodidad de un PDF), pod\u00e9s comprar esta versi\u00f3n por un precio simb\u00f3lico.<\/p>\n<p><strong>Lenguajes:<\/strong><br \/>\n\u2013 English (US terms \u2013 includes a conversion table with UK terminology)<br \/>\n\u2013 Espa\u00f1ol (t\u00e9rminos de Espa\u00f1a \u2013 incluye tabla con diferencias entre Espa\u00f1a y Latinoam\u00e9rica)<\/p>\n<p><strong>Nivel de dificultad:<\/strong><br \/>\nNivel principiante - Conocimiento de puntos b\u00e1sicos de crochet (anillo m\u00e1gico, punto bajo, cadena, punto enano, medio punto alto, punto alto, punto alto doble y punto alto triple). Incluye instrucciones para el punto Piqu\u00e9.<\/p>\n<p><strong>Formato:<\/strong><br \/>\nPDF para imprimir \u2013 5 p\u00e1ginas con 17 im\u00e1genes \u00fatiles.<\/p>\n<p><strong>Tama\u00f1o:<\/strong><br \/>\nAprox. 5 cm \u00d7 5 cm (2\u2033 \u00d7 2\u2033) usando hilo DK y una aguja de 2.5 mm (US C\/2 \u2013 UK-CAN 12). El tama\u00f1o var\u00eda seg\u00fan el hilo y la aguja.<\/p>\n<p><strong>Nota:<\/strong><br \/>\nEste es un patr\u00f3n digital de crochet (no un producto terminado). Pueden vender los mu\u00f1ecos terminados hechos a partir de este patr\u00f3n, siempre que sean elaborados a mano por vos y se acredite el dise\u00f1o al autor: Patr\u00f3n de Onpoki.<\/p>\n<p><strong>\u00bfPrefer\u00eds comprar en otras plataformas?<\/strong><br \/>\n<a href=\"https:\/\/www.etsy.com\/listing\/1251595924\/pattern-autumn-leaf-crochet-digital\">Etsy \u2013 Onpoki<\/a><br \/>\n<a href=\"https:\/\/www.ravelry.com\/patterns\/library\/autumn-leaf-8\">Ravelry \u2013 Onpoki<\/a><\/p>\n<p><strong data-start=\"2229\" data-end=\"2265\">Complet\u00e1 tu colecci\u00f3n Onpoki:<\/strong><br data-start=\"2265\" data-end=\"2268\" \/>\ud83e\udde1 <a href=\"https:\/\/onpoki.com\/es\/producto\/juni-christmas-tree-crochet-pattern\/\">Juni el Pino de Navidad \u2013 patr\u00f3n de crochet<\/a><br data-start=\"2315\" data-end=\"2318\" \/>\ud83d\udc9b <a href=\"https:\/\/onpoki.com\/es\/free-patterns\/augusto-the-ghost-free-pattern\/\">GRATIS Augusto el fantasma del Amor - Patr\u00f3n crochet<\/a><br data-start=\"2359\" data-end=\"2362\" \/>\ud83d\udc9a <a href=\"https:\/\/onpoki.com\/es\/free-patterns\/grogu-baby-yoda-free-pattern\/\">GRATIS Grogu (Bebe Yoda) - Patr\u00f3n crochet<\/a><\/p>","protected":false},"excerpt":{"rendered":"<p>Patr\u00f3n de crochet para una hoja oto\u00f1al decorativas - Incluye 17 fotos paso a paso e instrucciones aptas para principiantes en formato PDF.<\/p>","protected":false},"featured_media":2268,"comment_status":"open","ping_status":"closed","template":"","meta":{"_kadence_starter_templates_imported_post":false,"_kad_post_transparent":"default","_kad_post_title":"","_kad_post_layout":"default","_kad_post_sidebar_id":"","_kad_post_content_style":"default","_kad_post_vertical_padding":"default","_kad_post_feature":"","_kad_post_feature_position":"","_kad_post_header":false,"_kad_post_footer":false,"_kad_post_classname":""},"product_brand":[],"product_cat":[74],"product_tag":[84,85],"class_list":{"0":"post-2265","1":"product","2":"type-product","3":"status-publish","4":"has-post-thumbnail","6":"product_cat-crochet-patterns","7":"product_tag-digital-pattern","8":"product_tag-pdf","10":"first","11":"instock","12":"sale","13":"downloadable","14":"virtual","15":"purchasable","16":"product-type-simple","17":"entry","18":"content-bg","19":"loop-entry"},"yoast_head":"<!-- This site is optimized with the Yoast SEO plugin v27.5 - https:\/\/yoast.com\/product\/yoast-seo-wordpress\/ -->\n<title>Autumn Leaf \u2013 Crochet Pattern (PDF) \u2013 English &amp; Spanish<\/title>\n<meta name=\"description\" content=\"Crochet your own decorative autumn leaf with this easy pattern by Onpoki. Includes step-by-step photos in English and Spanish.\" \/>\n<meta name=\"robots\" content=\"index, follow, max-snippet:-1, max-image-preview:large, max-video-preview:-1\" \/>\n<link rel=\"canonical\" href=\"https:\/\/onpoki.com\/es\/producto\/autumn-leaf-crochet-pattern\/\" \/>\n<meta property=\"og:locale\" content=\"es_ES\" \/>\n<meta property=\"og:type\" content=\"article\" \/>\n<meta property=\"og:title\" content=\"Autumn Leaf \u2013 Crochet Pattern (PDF) \u2013 English &amp; Spanish\" \/>\n<meta property=\"og:description\" content=\"Crochet your own decorative autumn leaf with this easy pattern by Onpoki. Includes step-by-step photos in English and Spanish.\" \/>\n<meta property=\"og:url\" content=\"https:\/\/onpoki.com\/es\/producto\/autumn-leaf-crochet-pattern\/\" \/>\n<meta property=\"og:site_name\" content=\"Onpoki crochet\" \/>\n<meta property=\"article:publisher\" content=\"https:\/\/www.facebook.com\/onpoki\/\" \/>\n<meta property=\"article:modified_time\" content=\"2026-04-20T05:31:48+00:00\" \/>\n<meta property=\"og:image\" content=\"https:\/\/onpoki.com\/wp-content\/uploads\/2025\/08\/LEAF-PATTERN-ETSY.jpg\" \/>\n\t<meta property=\"og:image:width\" content=\"2000\" \/>\n\t<meta property=\"og:image:height\" content=\"2000\" \/>\n\t<meta property=\"og:image:type\" content=\"image\/jpeg\" \/>\n<meta name=\"twitter:card\" content=\"summary_large_image\" \/>\n<meta name=\"twitter:label1\" content=\"Tiempo de lectura\" \/>\n\t<meta name=\"twitter:data1\" content=\"2 minutos\" \/>\n<script type=\"application\/ld+json\" class=\"yoast-schema-graph\">{\"@context\":\"https:\\\/\\\/schema.org\",\"@graph\":[{\"@type\":\"WebPage\",\"@id\":\"https:\\\/\\\/onpoki.com\\\/product\\\/autumn-leaf-crochet-pattern\\\/\",\"url\":\"https:\\\/\\\/onpoki.com\\\/product\\\/autumn-leaf-crochet-pattern\\\/\",\"name\":\"Autumn Leaf \u2013 Crochet Pattern (PDF) \u2013 English & Spanish\",\"isPartOf\":{\"@id\":\"https:\\\/\\\/onpoki.com\\\/#website\"},\"primaryImageOfPage\":{\"@id\":\"https:\\\/\\\/onpoki.com\\\/product\\\/autumn-leaf-crochet-pattern\\\/#primaryimage\"},\"image\":{\"@id\":\"https:\\\/\\\/onpoki.com\\\/product\\\/autumn-leaf-crochet-pattern\\\/#primaryimage\"},\"thumbnailUrl\":\"https:\\\/\\\/onpoki.com\\\/wp-content\\\/uploads\\\/2025\\\/08\\\/LEAF-PATTERN-ETSY.jpg\",\"datePublished\":\"2025-08-19T00:01:22+00:00\",\"dateModified\":\"2026-04-20T05:31:48+00:00\",\"description\":\"Crochet your own decorative autumn leaf with this easy pattern by Onpoki. Includes step-by-step photos in English and Spanish.\",\"breadcrumb\":{\"@id\":\"https:\\\/\\\/onpoki.com\\\/product\\\/autumn-leaf-crochet-pattern\\\/#breadcrumb\"},\"inLanguage\":\"es-AR\",\"potentialAction\":[{\"@type\":\"ReadAction\",\"target\":[\"https:\\\/\\\/onpoki.com\\\/product\\\/autumn-leaf-crochet-pattern\\\/\"]}]},{\"@type\":\"ImageObject\",\"inLanguage\":\"es-AR\",\"@id\":\"https:\\\/\\\/onpoki.com\\\/product\\\/autumn-leaf-crochet-pattern\\\/#primaryimage\",\"url\":\"https:\\\/\\\/onpoki.com\\\/wp-content\\\/uploads\\\/2025\\\/08\\\/LEAF-PATTERN-ETSY.jpg\",\"contentUrl\":\"https:\\\/\\\/onpoki.com\\\/wp-content\\\/uploads\\\/2025\\\/08\\\/LEAF-PATTERN-ETSY.jpg\",\"width\":2000,\"height\":2000},{\"@type\":\"BreadcrumbList\",\"@id\":\"https:\\\/\\\/onpoki.com\\\/product\\\/autumn-leaf-crochet-pattern\\\/#breadcrumb\",\"itemListElement\":[{\"@type\":\"ListItem\",\"position\":1,\"name\":\"Home\",\"item\":\"https:\\\/\\\/onpoki.com\\\/\"},{\"@type\":\"ListItem\",\"position\":2,\"name\":\"Autumn Leaf \u2013 Crochet Pattern (PDF) \u2013 English \u2013 Espa\u00f1ol\"}]},{\"@type\":\"WebSite\",\"@id\":\"https:\\\/\\\/onpoki.com\\\/#website\",\"url\":\"https:\\\/\\\/onpoki.com\\\/\",\"name\":\"Onpoki\",\"description\":\"Original crochet patterns and handmade dolls\",\"publisher\":{\"@id\":\"https:\\\/\\\/onpoki.com\\\/#organization\"},\"alternateName\":\"Onpoki crochet\",\"potentialAction\":[{\"@type\":\"SearchAction\",\"target\":{\"@type\":\"EntryPoint\",\"urlTemplate\":\"https:\\\/\\\/onpoki.com\\\/?s={search_term_string}\"},\"query-input\":{\"@type\":\"PropertyValueSpecification\",\"valueRequired\":true,\"valueName\":\"search_term_string\"}}],\"inLanguage\":\"es-AR\"},{\"@type\":\"Organization\",\"@id\":\"https:\\\/\\\/onpoki.com\\\/#organization\",\"name\":\"Onpoki crochet\",\"url\":\"https:\\\/\\\/onpoki.com\\\/\",\"logo\":{\"@type\":\"ImageObject\",\"inLanguage\":\"es-AR\",\"@id\":\"https:\\\/\\\/onpoki.com\\\/#\\\/schema\\\/logo\\\/image\\\/\",\"url\":\"https:\\\/\\\/onpoki.com\\\/wp-content\\\/uploads\\\/2025\\\/11\\\/onpoki_logo_redondo.png\",\"contentUrl\":\"https:\\\/\\\/onpoki.com\\\/wp-content\\\/uploads\\\/2025\\\/11\\\/onpoki_logo_redondo.png\",\"width\":511,\"height\":512,\"caption\":\"Onpoki crochet\"},\"image\":{\"@id\":\"https:\\\/\\\/onpoki.com\\\/#\\\/schema\\\/logo\\\/image\\\/\"},\"sameAs\":[\"https:\\\/\\\/www.facebook.com\\\/onpoki\\\/\",\"https:\\\/\\\/www.instagram.com\\\/onpoki\"]}]}<\/script>\n<!-- \/ Yoast SEO plugin. -->","yoast_head_json":{"title":"Autumn Leaf \u2013 Crochet Pattern (PDF) \u2013 English & Spanish","description":"Crochet your own decorative autumn leaf with this easy pattern by Onpoki. Includes step-by-step photos in English and Spanish.","robots":{"index":"index","follow":"follow","max-snippet":"max-snippet:-1","max-image-preview":"max-image-preview:large","max-video-preview":"max-video-preview:-1"},"canonical":"https:\/\/onpoki.com\/es\/producto\/autumn-leaf-crochet-pattern\/","og_locale":"es_ES","og_type":"article","og_title":"Autumn Leaf \u2013 Crochet Pattern (PDF) \u2013 English & Spanish","og_description":"Crochet your own decorative autumn leaf with this easy pattern by Onpoki. Includes step-by-step photos in English and Spanish.","og_url":"https:\/\/onpoki.com\/es\/producto\/autumn-leaf-crochet-pattern\/","og_site_name":"Onpoki crochet","article_publisher":"https:\/\/www.facebook.com\/onpoki\/","article_modified_time":"2026-04-20T05:31:48+00:00","og_image":[{"width":2000,"height":2000,"url":"https:\/\/onpoki.com\/wp-content\/uploads\/2025\/08\/LEAF-PATTERN-ETSY.jpg","type":"image\/jpeg"}],"twitter_card":"summary_large_image","twitter_misc":{"Tiempo de lectura":"2 minutos"},"schema":{"@context":"https:\/\/schema.org","@graph":[{"@type":"WebPage","@id":"https:\/\/onpoki.com\/product\/autumn-leaf-crochet-pattern\/","url":"https:\/\/onpoki.com\/product\/autumn-leaf-crochet-pattern\/","name":"Autumn Leaf \u2013 Crochet Pattern (PDF) \u2013 English & Spanish","isPartOf":{"@id":"https:\/\/onpoki.com\/#website"},"primaryImageOfPage":{"@id":"https:\/\/onpoki.com\/product\/autumn-leaf-crochet-pattern\/#primaryimage"},"image":{"@id":"https:\/\/onpoki.com\/product\/autumn-leaf-crochet-pattern\/#primaryimage"},"thumbnailUrl":"https:\/\/onpoki.com\/wp-content\/uploads\/2025\/08\/LEAF-PATTERN-ETSY.jpg","datePublished":"2025-08-19T00:01:22+00:00","dateModified":"2026-04-20T05:31:48+00:00","description":"Crochet your own decorative autumn leaf with this easy pattern by Onpoki. Includes step-by-step photos in English and Spanish.","breadcrumb":{"@id":"https:\/\/onpoki.com\/product\/autumn-leaf-crochet-pattern\/#breadcrumb"},"inLanguage":"es-AR","potentialAction":[{"@type":"ReadAction","target":["https:\/\/onpoki.com\/product\/autumn-leaf-crochet-pattern\/"]}]},{"@type":"ImageObject","inLanguage":"es-AR","@id":"https:\/\/onpoki.com\/product\/autumn-leaf-crochet-pattern\/#primaryimage","url":"https:\/\/onpoki.com\/wp-content\/uploads\/2025\/08\/LEAF-PATTERN-ETSY.jpg","contentUrl":"https:\/\/onpoki.com\/wp-content\/uploads\/2025\/08\/LEAF-PATTERN-ETSY.jpg","width":2000,"height":2000},{"@type":"BreadcrumbList","@id":"https:\/\/onpoki.com\/product\/autumn-leaf-crochet-pattern\/#breadcrumb","itemListElement":[{"@type":"ListItem","position":1,"name":"Home","item":"https:\/\/onpoki.com\/"},{"@type":"ListItem","position":2,"name":"Autumn Leaf \u2013 Crochet Pattern (PDF) \u2013 English \u2013 Espa\u00f1ol"}]},{"@type":"WebSite","@id":"https:\/\/onpoki.com\/#website","url":"https:\/\/onpoki.com\/","name":"Onpoki","description":"Original crochet patterns and handmade dolls","publisher":{"@id":"https:\/\/onpoki.com\/#organization"},"alternateName":"Onpoki crochet","potentialAction":[{"@type":"SearchAction","target":{"@type":"EntryPoint","urlTemplate":"https:\/\/onpoki.com\/?s={search_term_string}"},"query-input":{"@type":"PropertyValueSpecification","valueRequired":true,"valueName":"search_term_string"}}],"inLanguage":"es-AR"},{"@type":"Organization","@id":"https:\/\/onpoki.com\/#organization","name":"Onpoki crochet","url":"https:\/\/onpoki.com\/","logo":{"@type":"ImageObject","inLanguage":"es-AR","@id":"https:\/\/onpoki.com\/#\/schema\/logo\/image\/","url":"https:\/\/onpoki.com\/wp-content\/uploads\/2025\/11\/onpoki_logo_redondo.png","contentUrl":"https:\/\/onpoki.com\/wp-content\/uploads\/2025\/11\/onpoki_logo_redondo.png","width":511,"height":512,"caption":"Onpoki crochet"},"image":{"@id":"https:\/\/onpoki.com\/#\/schema\/logo\/image\/"},"sameAs":["https:\/\/www.facebook.com\/onpoki\/","https:\/\/www.instagram.com\/onpoki"]}]}},"jetpack_sharing_enabled":true,"_links":{"self":[{"href":"https:\/\/onpoki.com\/es\/wp-json\/wp\/v2\/product\/2265","targetHints":{"allow":["GET"]}}],"collection":[{"href":"https:\/\/onpoki.com\/es\/wp-json\/wp\/v2\/product"}],"about":[{"href":"https:\/\/onpoki.com\/es\/wp-json\/wp\/v2\/types\/product"}],"replies":[{"embeddable":true,"href":"https:\/\/onpoki.com\/es\/wp-json\/wp\/v2\/comments?post=2265"}],"wp:featuredmedia":[{"embeddable":true,"href":"https:\/\/onpoki.com\/es\/wp-json\/wp\/v2\/media\/2268"}],"wp:attachment":[{"href":"https:\/\/onpoki.com\/es\/wp-json\/wp\/v2\/media?parent=2265"}],"wp:term":[{"taxonomy":"product_brand","embeddable":true,"href":"https:\/\/onpoki.com\/es\/wp-json\/wp\/v2\/product_brand?post=2265"},{"taxonomy":"product_cat","embeddable":true,"href":"https:\/\/onpoki.com\/es\/wp-json\/wp\/v2\/product_cat?post=2265"},{"taxonomy":"product_tag","embeddable":true,"href":"https:\/\/onpoki.com\/es\/wp-json\/wp\/v2\/product_tag?post=2265"}],"curies":[{"name":"wp","href":"https:\/\/api.w.org\/{rel}","templated":true}]}}