{"id":2272,"date":"2025-08-19T22:26:49","date_gmt":"2025-08-19T22:26:49","guid":{"rendered":"https:\/\/onpoki.com\/?post_type=product&#038;p=2272"},"modified":"2026-04-20T18:31:48","modified_gmt":"2026-04-20T05:31:48","slug":"augusto-love-ghost-crochet-pattern","status":"publish","type":"product","link":"https:\/\/onpoki.com\/es\/producto\/augusto-love-ghost-crochet-pattern\/","title":{"rendered":"Augusto el Fantasma del Amor \u2013 Patr\u00f3n de crochet (PDF) \u2013 English \u2013 Espa\u00f1ol"},"content":{"rendered":"<p><strong>POR FAVOR TENER EN CUENTA:<\/strong> : Est\u00e1s comprando un <strong>archivo digital<\/strong> (<strong>patr\u00f3n en PDF<\/strong>), no el mu\u00f1eco f\u00edsico.<\/p>\n<p><strong>AUGUSTO EL FANTASMA DEL AMOR \u2013 PATR\u00d3N DE CROCHET (PDF) \u2013 ENGLISH \u2013 ESPA\u00d1OL<\/strong><\/p>\n<p>\u00a1El patr\u00f3n de Augusto esta finalmente aqu\u00ed! Tambi\u00e9n pueden encontrar este patr\u00f3n en la secci\u00f3n de <a href=\"https:\/\/onpoki.com\/es\/free-patterns\/\" target=\"_blank\" rel=\"noopener\">Patrones gratis<\/a> de mi sitio web. Si quer\u00e9s apoyar mi trabajo (o prefer\u00eds la comodidad de un PDF), pod\u00e9s comprar esta versi\u00f3n por un precio simb\u00f3lico.<\/p>\n<p>Este peque\u00f1o y adorable fantasma viene sosteniendo un coraz\u00f3n rojo\u2026 perfecto como regalo, decoraci\u00f3n o proyecto de temporada para Halloween o San Valent\u00edn.<\/p>\n<p>El PDF incluye instrucciones escritas paso a paso y 32 fotos \u00fatiles que te gu\u00edan por el armado y los detalles, adem\u00e1s de una tabla con la terminolog\u00eda de crochet de Espa\u00f1a y de Am\u00e9rica Latina.<\/p>\n<p><strong>Lenguajes:<\/strong><br \/>\n\u2013 English (US terms \u2013 includes table with US\/UK terminology differences)<br \/>\n\u2013 Espa\u00f1ol (t\u00e9rminos de Espa\u00f1a \u2013 incluye tabla con diferencias entre Espa\u00f1a y Latinoam\u00e9rica)<\/p>\n<p><strong>Nivel de dificultad:<\/strong><br \/>\nPrincipiante \u2013 Conocimiento de los puntos b\u00e1sicos de amigurumi (anillo m\u00e1gico, punto bajo, aumento, disminuci\u00f3n, punto deslizado, medio punto alto, punto alto).<\/p>\n<p><strong>Formato:<\/strong><br \/>\nPDF imprimible \u2013 10 p\u00e1ginas con 32 im\u00e1genes \u00fatiles.<\/p>\n<p><strong>Tama\u00f1o:<\/strong><br \/>\nAproximadamente 5 cm de ancho \u00d7 10 cm de alto (2\u2033 \u00d7 4\u2033) usando hilo Aran y una aguja de 3.0 mm. El tama\u00f1o puede variar seg\u00fan el hilo y la aguja utilizados.<\/p>\n<p><strong>Hilo que vas a necesitar:<\/strong><br \/>\nBlanco (Aran) \u2013 23 g<br \/>\nRosa (Aran) \u2013 peque\u00f1a cantidad (rubor)<br \/>\nNegro (bordado) \u2013 m\u00ednimo (boca)<br \/>\nRojo (DK) \u2013 1 g (coraz\u00f3n)<\/p>\n<p><strong>Nota:<\/strong><br \/>\nEste es un patr\u00f3n digital de crochet (no un producto terminado). Pueden vender los mu\u00f1ecos terminados hechos a partir de este patr\u00f3n, siempre que sean elaborados a mano por vos y se acredite el dise\u00f1o al autor: Patr\u00f3n de Onpoki.<\/p>\n<p><strong>\u00bfPrefer\u00eds comprar en otras plataformas?<\/strong><br \/>\n<a href=\"https:\/\/www.etsy.com\/listing\/889045380\/pattern-augusto-the-love-ghost-crochet\">Etsy \u2013 Onpoki<\/a><br \/>\n<a href=\"https:\/\/www.ravelry.com\/patterns\/library\/augusto-the-love-ghost\">Ravelry \u2013 Onpoki<\/a><\/p>\n<p><strong>Complet\u00e1 tu colecci\u00f3n Onpoki:<\/strong><br \/>\n\ud83e\udde1 <a href=\"https:\/\/onpoki.com\/es\/producto\/morgan-the-rabbit-crochet-pattern\/\">Morgan el conejo - Patr\u00f3n crochet<\/a><br \/>\n\ud83d\udc9b <a href=\"https:\/\/onpoki.com\/es\/producto\/autumn-leaf-crochet-pattern\/\">Hoja de oto\u00f1o - Patr\u00f3n crochet<\/a><br \/>\n\ud83d\udc9a <a href=\"https:\/\/onpoki.com\/es\/free-patterns\/grogu-baby-yoda-free-pattern\/\">GRATIS Grogu (Bebe Yoda) - Patr\u00f3n crochet<\/a><\/p>","protected":false},"excerpt":{"rendered":"<p>Patr\u00f3n de crochet para Augusto el Fantasma del Amor \u2013 incluye detalle de coraz\u00f3n, 32 fotos paso a paso y un PDF con instrucciones aptas para principiantes.<\/p>","protected":false},"featured_media":2277,"comment_status":"open","ping_status":"closed","template":"","meta":{"_kadence_starter_templates_imported_post":false,"_kad_post_transparent":"default","_kad_post_title":"","_kad_post_layout":"default","_kad_post_sidebar_id":"","_kad_post_content_style":"default","_kad_post_vertical_padding":"default","_kad_post_feature":"","_kad_post_feature_position":"","_kad_post_header":false,"_kad_post_footer":false,"_kad_post_classname":""},"product_brand":[],"product_cat":[74],"product_tag":[84,85],"class_list":{"0":"post-2272","1":"product","2":"type-product","3":"status-publish","4":"has-post-thumbnail","6":"product_cat-crochet-patterns","7":"product_tag-digital-pattern","8":"product_tag-pdf","10":"first","11":"instock","12":"sale","13":"downloadable","14":"virtual","15":"purchasable","16":"product-type-simple","17":"entry","18":"content-bg","19":"loop-entry"},"yoast_head":"<!-- This site is optimized with the Yoast SEO plugin v27.5 - https:\/\/yoast.com\/product\/yoast-seo-wordpress\/ -->\n<title>Augusto the Love Ghost \u2013 Crochet Pattern \u2013 English &amp; Spanish<\/title>\n<meta name=\"description\" content=\"Crochet your own cute little ghost holding a heart with the Augusto pattern by Onpoki. Includes step-by-step photos in English and Spanish.\" \/>\n<meta name=\"robots\" content=\"index, follow, max-snippet:-1, max-image-preview:large, max-video-preview:-1\" \/>\n<link rel=\"canonical\" href=\"https:\/\/onpoki.com\/es\/producto\/augusto-love-ghost-crochet-pattern\/\" \/>\n<meta property=\"og:locale\" content=\"es_ES\" \/>\n<meta property=\"og:type\" content=\"article\" \/>\n<meta property=\"og:title\" content=\"Augusto the Love Ghost \u2013 Crochet Pattern \u2013 English &amp; Spanish\" \/>\n<meta property=\"og:description\" content=\"Crochet your own cute little ghost holding a heart with the Augusto pattern by Onpoki. Includes step-by-step photos in English and Spanish.\" \/>\n<meta property=\"og:url\" content=\"https:\/\/onpoki.com\/es\/producto\/augusto-love-ghost-crochet-pattern\/\" \/>\n<meta property=\"og:site_name\" content=\"Onpoki crochet\" \/>\n<meta property=\"article:publisher\" content=\"https:\/\/www.facebook.com\/onpoki\/\" \/>\n<meta property=\"article:modified_time\" content=\"2026-04-20T05:31:48+00:00\" \/>\n<meta property=\"og:image\" content=\"https:\/\/onpoki.com\/wp-content\/uploads\/2025\/08\/augusto-principal-PATTERN.jpg\" \/>\n\t<meta property=\"og:image:width\" content=\"2455\" \/>\n\t<meta property=\"og:image:height\" content=\"2455\" \/>\n\t<meta property=\"og:image:type\" content=\"image\/jpeg\" \/>\n<meta name=\"twitter:card\" content=\"summary_large_image\" \/>\n<meta name=\"twitter:label1\" content=\"Tiempo de lectura\" \/>\n\t<meta name=\"twitter:data1\" content=\"2 minutos\" \/>\n<script type=\"application\/ld+json\" class=\"yoast-schema-graph\">{\"@context\":\"https:\\\/\\\/schema.org\",\"@graph\":[{\"@type\":\"WebPage\",\"@id\":\"https:\\\/\\\/onpoki.com\\\/product\\\/augusto-love-ghost-crochet-pattern\\\/\",\"url\":\"https:\\\/\\\/onpoki.com\\\/product\\\/augusto-love-ghost-crochet-pattern\\\/\",\"name\":\"Augusto the Love Ghost \u2013 Crochet Pattern \u2013 English & Spanish\",\"isPartOf\":{\"@id\":\"https:\\\/\\\/onpoki.com\\\/#website\"},\"primaryImageOfPage\":{\"@id\":\"https:\\\/\\\/onpoki.com\\\/product\\\/augusto-love-ghost-crochet-pattern\\\/#primaryimage\"},\"image\":{\"@id\":\"https:\\\/\\\/onpoki.com\\\/product\\\/augusto-love-ghost-crochet-pattern\\\/#primaryimage\"},\"thumbnailUrl\":\"https:\\\/\\\/onpoki.com\\\/wp-content\\\/uploads\\\/2025\\\/08\\\/augusto-principal-PATTERN.jpg\",\"datePublished\":\"2025-08-19T22:26:49+00:00\",\"dateModified\":\"2026-04-20T05:31:48+00:00\",\"description\":\"Crochet your own cute little ghost holding a heart with the Augusto pattern by Onpoki. Includes step-by-step photos in English and Spanish.\",\"breadcrumb\":{\"@id\":\"https:\\\/\\\/onpoki.com\\\/product\\\/augusto-love-ghost-crochet-pattern\\\/#breadcrumb\"},\"inLanguage\":\"es-AR\",\"potentialAction\":[{\"@type\":\"ReadAction\",\"target\":[\"https:\\\/\\\/onpoki.com\\\/product\\\/augusto-love-ghost-crochet-pattern\\\/\"]}]},{\"@type\":\"ImageObject\",\"inLanguage\":\"es-AR\",\"@id\":\"https:\\\/\\\/onpoki.com\\\/product\\\/augusto-love-ghost-crochet-pattern\\\/#primaryimage\",\"url\":\"https:\\\/\\\/onpoki.com\\\/wp-content\\\/uploads\\\/2025\\\/08\\\/augusto-principal-PATTERN.jpg\",\"contentUrl\":\"https:\\\/\\\/onpoki.com\\\/wp-content\\\/uploads\\\/2025\\\/08\\\/augusto-principal-PATTERN.jpg\",\"width\":2455,\"height\":2455},{\"@type\":\"BreadcrumbList\",\"@id\":\"https:\\\/\\\/onpoki.com\\\/product\\\/augusto-love-ghost-crochet-pattern\\\/#breadcrumb\",\"itemListElement\":[{\"@type\":\"ListItem\",\"position\":1,\"name\":\"Home\",\"item\":\"https:\\\/\\\/onpoki.com\\\/\"},{\"@type\":\"ListItem\",\"position\":2,\"name\":\"Augusto the Love Ghost \u2013 Crochet Pattern (PDF) \u2013 English \u2013 Espa\u00f1ol\"}]},{\"@type\":\"WebSite\",\"@id\":\"https:\\\/\\\/onpoki.com\\\/#website\",\"url\":\"https:\\\/\\\/onpoki.com\\\/\",\"name\":\"Onpoki\",\"description\":\"Original crochet patterns and handmade dolls\",\"publisher\":{\"@id\":\"https:\\\/\\\/onpoki.com\\\/#organization\"},\"alternateName\":\"Onpoki crochet\",\"potentialAction\":[{\"@type\":\"SearchAction\",\"target\":{\"@type\":\"EntryPoint\",\"urlTemplate\":\"https:\\\/\\\/onpoki.com\\\/?s={search_term_string}\"},\"query-input\":{\"@type\":\"PropertyValueSpecification\",\"valueRequired\":true,\"valueName\":\"search_term_string\"}}],\"inLanguage\":\"es-AR\"},{\"@type\":\"Organization\",\"@id\":\"https:\\\/\\\/onpoki.com\\\/#organization\",\"name\":\"Onpoki crochet\",\"url\":\"https:\\\/\\\/onpoki.com\\\/\",\"logo\":{\"@type\":\"ImageObject\",\"inLanguage\":\"es-AR\",\"@id\":\"https:\\\/\\\/onpoki.com\\\/#\\\/schema\\\/logo\\\/image\\\/\",\"url\":\"https:\\\/\\\/onpoki.com\\\/wp-content\\\/uploads\\\/2025\\\/11\\\/onpoki_logo_redondo.png\",\"contentUrl\":\"https:\\\/\\\/onpoki.com\\\/wp-content\\\/uploads\\\/2025\\\/11\\\/onpoki_logo_redondo.png\",\"width\":511,\"height\":512,\"caption\":\"Onpoki crochet\"},\"image\":{\"@id\":\"https:\\\/\\\/onpoki.com\\\/#\\\/schema\\\/logo\\\/image\\\/\"},\"sameAs\":[\"https:\\\/\\\/www.facebook.com\\\/onpoki\\\/\",\"https:\\\/\\\/www.instagram.com\\\/onpoki\"]}]}<\/script>\n<!-- \/ Yoast SEO plugin. -->","yoast_head_json":{"title":"Augusto the Love Ghost \u2013 Crochet Pattern \u2013 English & Spanish","description":"Crochet your own cute little ghost holding a heart with the Augusto pattern by Onpoki. Includes step-by-step photos in English and Spanish.","robots":{"index":"index","follow":"follow","max-snippet":"max-snippet:-1","max-image-preview":"max-image-preview:large","max-video-preview":"max-video-preview:-1"},"canonical":"https:\/\/onpoki.com\/es\/producto\/augusto-love-ghost-crochet-pattern\/","og_locale":"es_ES","og_type":"article","og_title":"Augusto the Love Ghost \u2013 Crochet Pattern \u2013 English & Spanish","og_description":"Crochet your own cute little ghost holding a heart with the Augusto pattern by Onpoki. Includes step-by-step photos in English and Spanish.","og_url":"https:\/\/onpoki.com\/es\/producto\/augusto-love-ghost-crochet-pattern\/","og_site_name":"Onpoki crochet","article_publisher":"https:\/\/www.facebook.com\/onpoki\/","article_modified_time":"2026-04-20T05:31:48+00:00","og_image":[{"width":2455,"height":2455,"url":"https:\/\/onpoki.com\/wp-content\/uploads\/2025\/08\/augusto-principal-PATTERN.jpg","type":"image\/jpeg"}],"twitter_card":"summary_large_image","twitter_misc":{"Tiempo de lectura":"2 minutos"},"schema":{"@context":"https:\/\/schema.org","@graph":[{"@type":"WebPage","@id":"https:\/\/onpoki.com\/product\/augusto-love-ghost-crochet-pattern\/","url":"https:\/\/onpoki.com\/product\/augusto-love-ghost-crochet-pattern\/","name":"Augusto the Love Ghost \u2013 Crochet Pattern \u2013 English & Spanish","isPartOf":{"@id":"https:\/\/onpoki.com\/#website"},"primaryImageOfPage":{"@id":"https:\/\/onpoki.com\/product\/augusto-love-ghost-crochet-pattern\/#primaryimage"},"image":{"@id":"https:\/\/onpoki.com\/product\/augusto-love-ghost-crochet-pattern\/#primaryimage"},"thumbnailUrl":"https:\/\/onpoki.com\/wp-content\/uploads\/2025\/08\/augusto-principal-PATTERN.jpg","datePublished":"2025-08-19T22:26:49+00:00","dateModified":"2026-04-20T05:31:48+00:00","description":"Crochet your own cute little ghost holding a heart with the Augusto pattern by Onpoki. Includes step-by-step photos in English and Spanish.","breadcrumb":{"@id":"https:\/\/onpoki.com\/product\/augusto-love-ghost-crochet-pattern\/#breadcrumb"},"inLanguage":"es-AR","potentialAction":[{"@type":"ReadAction","target":["https:\/\/onpoki.com\/product\/augusto-love-ghost-crochet-pattern\/"]}]},{"@type":"ImageObject","inLanguage":"es-AR","@id":"https:\/\/onpoki.com\/product\/augusto-love-ghost-crochet-pattern\/#primaryimage","url":"https:\/\/onpoki.com\/wp-content\/uploads\/2025\/08\/augusto-principal-PATTERN.jpg","contentUrl":"https:\/\/onpoki.com\/wp-content\/uploads\/2025\/08\/augusto-principal-PATTERN.jpg","width":2455,"height":2455},{"@type":"BreadcrumbList","@id":"https:\/\/onpoki.com\/product\/augusto-love-ghost-crochet-pattern\/#breadcrumb","itemListElement":[{"@type":"ListItem","position":1,"name":"Home","item":"https:\/\/onpoki.com\/"},{"@type":"ListItem","position":2,"name":"Augusto the Love Ghost \u2013 Crochet Pattern (PDF) \u2013 English \u2013 Espa\u00f1ol"}]},{"@type":"WebSite","@id":"https:\/\/onpoki.com\/#website","url":"https:\/\/onpoki.com\/","name":"Onpoki","description":"Original crochet patterns and handmade dolls","publisher":{"@id":"https:\/\/onpoki.com\/#organization"},"alternateName":"Onpoki crochet","potentialAction":[{"@type":"SearchAction","target":{"@type":"EntryPoint","urlTemplate":"https:\/\/onpoki.com\/?s={search_term_string}"},"query-input":{"@type":"PropertyValueSpecification","valueRequired":true,"valueName":"search_term_string"}}],"inLanguage":"es-AR"},{"@type":"Organization","@id":"https:\/\/onpoki.com\/#organization","name":"Onpoki crochet","url":"https:\/\/onpoki.com\/","logo":{"@type":"ImageObject","inLanguage":"es-AR","@id":"https:\/\/onpoki.com\/#\/schema\/logo\/image\/","url":"https:\/\/onpoki.com\/wp-content\/uploads\/2025\/11\/onpoki_logo_redondo.png","contentUrl":"https:\/\/onpoki.com\/wp-content\/uploads\/2025\/11\/onpoki_logo_redondo.png","width":511,"height":512,"caption":"Onpoki crochet"},"image":{"@id":"https:\/\/onpoki.com\/#\/schema\/logo\/image\/"},"sameAs":["https:\/\/www.facebook.com\/onpoki\/","https:\/\/www.instagram.com\/onpoki"]}]}},"jetpack_sharing_enabled":true,"_links":{"self":[{"href":"https:\/\/onpoki.com\/es\/wp-json\/wp\/v2\/product\/2272","targetHints":{"allow":["GET"]}}],"collection":[{"href":"https:\/\/onpoki.com\/es\/wp-json\/wp\/v2\/product"}],"about":[{"href":"https:\/\/onpoki.com\/es\/wp-json\/wp\/v2\/types\/product"}],"replies":[{"embeddable":true,"href":"https:\/\/onpoki.com\/es\/wp-json\/wp\/v2\/comments?post=2272"}],"wp:featuredmedia":[{"embeddable":true,"href":"https:\/\/onpoki.com\/es\/wp-json\/wp\/v2\/media\/2277"}],"wp:attachment":[{"href":"https:\/\/onpoki.com\/es\/wp-json\/wp\/v2\/media?parent=2272"}],"wp:term":[{"taxonomy":"product_brand","embeddable":true,"href":"https:\/\/onpoki.com\/es\/wp-json\/wp\/v2\/product_brand?post=2272"},{"taxonomy":"product_cat","embeddable":true,"href":"https:\/\/onpoki.com\/es\/wp-json\/wp\/v2\/product_cat?post=2272"},{"taxonomy":"product_tag","embeddable":true,"href":"https:\/\/onpoki.com\/es\/wp-json\/wp\/v2\/product_tag?post=2272"}],"curies":[{"name":"wp","href":"https:\/\/api.w.org\/{rel}","templated":true}]}}