{"id":2280,"date":"2025-08-19T22:41:06","date_gmt":"2025-08-19T22:41:06","guid":{"rendered":"https:\/\/onpoki.com\/?post_type=product&#038;p=2280"},"modified":"2026-04-20T18:31:48","modified_gmt":"2026-04-20T05:31:48","slug":"juni-christmas-tree-crochet-pattern","status":"publish","type":"product","link":"https:\/\/onpoki.com\/es\/producto\/juni-christmas-tree-crochet-pattern\/","title":{"rendered":"Juni el Pino Navide\u00f1o \u2013 Patr\u00f3n de Crochet (PDF) \u2013 English \u2013 Espa\u00f1ol"},"content":{"rendered":"<p><strong>POR FAVOR TENER EN CUENTA:<\/strong> : Est\u00e1s comprando un <strong>archivo digital<\/strong> (<strong>patr\u00f3n en PDF<\/strong>), no el mu\u00f1eco f\u00edsico.<\/p>\n<p><strong>JUNI EL PINO NAVIDE\u00d1O \u2013 PATR\u00d3N DE CROCHET DE AMIGURUMI FESTIVO (PDF) \u2013 ENGLISH \u2013 ESPA\u00d1OL<\/strong><\/p>\n<p>Tej\u00e9 tu propia magia navide\u00f1a con Juni, un alegre pino amigurumi. Dise\u00f1ado para ser divertido y lleno de detalles, Juni aporta color, encanto y esp\u00edritu festivo a tus proyectos de crochet.<\/p>\n<p>El patr\u00f3n incluye instrucciones detalladas paso a paso con 41 fotos \u00fatiles que te gu\u00edan por los puntos, el armado y los detalles finales. Tambi\u00e9n vas a aprender c\u00f3mo hacer el punto puff para crear textura adicional.<\/p>\n<p><strong>Lenguajes:<\/strong><br \/>\n\u2013 English (US terms \u2013 includes table with US\/UK terminology differences)<br \/>\n\u2013 Espa\u00f1ol (t\u00e9rminos de Espa\u00f1a \u2013 incluye tabla con diferencias entre Espa\u00f1a y Latinoam\u00e9rica)<\/p>\n<p><strong>Nivel de dificultad:<\/strong><br \/>\nPrincipiante \/ Intermedio \u2013 Conocimiento de los puntos b\u00e1sicos de amigurumi (anillo m\u00e1gico, punto bajo, aumento, disminuci\u00f3n, punto deslizado, medio punto alto, punto alto) m\u00e1s el punto puff.<\/p>\n<p><strong>Formato:<\/strong><br \/>\nPDF imprimible \u2013 11 p\u00e1ginas con 41 im\u00e1genes \u00fatiles.<\/p>\n<p><strong>Tama\u00f1o:<\/strong><br \/>\nAproximadamente 8 cm de ancho \u00d7 17 cm de alto (3\u2033 \u00d7 6.5\u2033) usando hilo DK y una aguja de 2.0 mm (US B\/1 - UK-CAN 14).<\/p>\n<p><strong>Hilo necesario (aprox):<\/strong><br \/>\nLila \u2013 3 g<br \/>\nCeleste \u2013 5 g<br \/>\nVerde claro \u2013 7 g<br \/>\nNaranja \u2013 10 g<br \/>\nBlanco \u2013 5 g<br \/>\nMarron \u2013 9 g<br \/>\nRosa \u2013 &lt; 1 g<br \/>\nAmarillo \u2013 1 g<\/p>\n<p><strong>Otros materiales:<\/strong><br \/>\nOjos de seguridad de 10 mm, relleno (~5 g), aguja lanera, fieltro rojo (boca), pegamento para tela, contador de vueltas, marcadores de puntos.<\/p>\n<p><strong>Nota:<\/strong><br \/>\nEste es un patr\u00f3n digital de crochet (no un producto terminado). Pueden vender los mu\u00f1ecos terminados hechos a partir de este patr\u00f3n, siempre que sean elaborados a mano por vos y se acredite el dise\u00f1o al autor: Patr\u00f3n de Onpoki.<\/p>\n<p><strong>\u00bfPrefer\u00eds comprar en otras plataformas?<\/strong><br \/>\n<a href=\"https:\/\/www.etsy.com\/listing\/1094375851\/juni-the-christmas-pine-tree-digital\">Etsy \u2013 Onpoki<\/a><br \/>\n<a href=\"https:\/\/www.ravelry.com\/patterns\/library\/juni-the-pine\">Ravelry \u2013 Onpoki<\/a><\/p>\n<p><strong>Complet\u00e1 tu colecci\u00f3n navide\u00f1a de Onpoki:<\/strong><br \/>\n\ud83e\udde1 <a href=\"https:\/\/onpoki.com\/es\/free-patterns\/augusto-the-ghost-free-pattern\/\">GRATIS Augusto el fantasma del Amor - Patr\u00f3n crochet<\/a><br \/>\n\ud83d\udc9b <a href=\"https:\/\/onpoki.com\/es\/producto\/autumn-leaf-crochet-pattern\/\">Hoja de oto\u00f1o - Patr\u00f3n crochet<\/a><br \/>\n\ud83d\udc9a <a href=\"https:\/\/onpoki.com\/es\/free-patterns\/grogu-baby-yoda-free-pattern\/\">GRATIS Grogu (Bebe Yoda) - Patr\u00f3n crochet<\/a><\/p>","protected":false},"excerpt":{"rendered":"<p>Patr\u00f3n de crochet para Juni el Pino Navide\u00f1o \u2013 incluye punto puff, 41 fotos y un PDF con instrucciones aptas para principiantes.<\/p>","protected":false},"featured_media":2291,"comment_status":"open","ping_status":"closed","template":"","meta":{"_kadence_starter_templates_imported_post":false,"_kad_post_transparent":"default","_kad_post_title":"","_kad_post_layout":"default","_kad_post_sidebar_id":"","_kad_post_content_style":"default","_kad_post_vertical_padding":"default","_kad_post_feature":"","_kad_post_feature_position":"","_kad_post_header":false,"_kad_post_footer":false,"_kad_post_classname":""},"product_brand":[],"product_cat":[74],"product_tag":[84,85],"class_list":{"0":"post-2280","1":"product","2":"type-product","3":"status-publish","4":"has-post-thumbnail","6":"product_cat-crochet-patterns","7":"product_tag-digital-pattern","8":"product_tag-pdf","10":"first","11":"instock","12":"sale","13":"downloadable","14":"virtual","15":"purchasable","16":"product-type-simple","17":"entry","18":"content-bg","19":"loop-entry"},"yoast_head":"<!-- This site is optimized with the Yoast SEO plugin v27.4 - https:\/\/yoast.com\/product\/yoast-seo-wordpress\/ -->\n<title>Juni the Christmas Pine Tree Crochet Pattern (PDF) \u2013 (EN\/ESP)<\/title>\n<meta name=\"description\" content=\"Crochet your own festive pine tree with the Juni pattern by Onpoki. Step-by-step photos and instructions in English and Spanish.\" \/>\n<meta name=\"robots\" content=\"index, follow, max-snippet:-1, max-image-preview:large, max-video-preview:-1\" \/>\n<link rel=\"canonical\" href=\"https:\/\/onpoki.com\/es\/producto\/juni-christmas-tree-crochet-pattern\/\" \/>\n<meta property=\"og:locale\" content=\"es_ES\" \/>\n<meta property=\"og:type\" content=\"article\" \/>\n<meta property=\"og:title\" content=\"Juni the Christmas Pine Tree Crochet Pattern (PDF) \u2013 (EN\/ESP)\" \/>\n<meta property=\"og:description\" content=\"Crochet your own festive pine tree with the Juni pattern by Onpoki. Step-by-step photos and instructions in English and Spanish.\" \/>\n<meta property=\"og:url\" content=\"https:\/\/onpoki.com\/es\/producto\/juni-christmas-tree-crochet-pattern\/\" \/>\n<meta property=\"og:site_name\" content=\"Onpoki crochet\" \/>\n<meta property=\"article:publisher\" content=\"https:\/\/www.facebook.com\/onpoki\/\" \/>\n<meta property=\"article:modified_time\" content=\"2026-04-20T05:31:48+00:00\" \/>\n<meta property=\"og:image\" content=\"https:\/\/onpoki.com\/wp-content\/uploads\/2025\/08\/Juni_pine_onpoki_etsy.jpg\" \/>\n\t<meta property=\"og:image:width\" content=\"2244\" \/>\n\t<meta property=\"og:image:height\" content=\"2241\" \/>\n\t<meta property=\"og:image:type\" content=\"image\/jpeg\" \/>\n<meta name=\"twitter:card\" content=\"summary_large_image\" \/>\n<meta name=\"twitter:label1\" content=\"Tiempo de lectura\" \/>\n\t<meta name=\"twitter:data1\" content=\"2 minutos\" \/>\n<script type=\"application\/ld+json\" class=\"yoast-schema-graph\">{\"@context\":\"https:\\\/\\\/schema.org\",\"@graph\":[{\"@type\":\"WebPage\",\"@id\":\"https:\\\/\\\/onpoki.com\\\/product\\\/juni-christmas-tree-crochet-pattern\\\/\",\"url\":\"https:\\\/\\\/onpoki.com\\\/product\\\/juni-christmas-tree-crochet-pattern\\\/\",\"name\":\"Juni the Christmas Pine Tree Crochet Pattern (PDF) \u2013 (EN\\\/ESP)\",\"isPartOf\":{\"@id\":\"https:\\\/\\\/onpoki.com\\\/#website\"},\"primaryImageOfPage\":{\"@id\":\"https:\\\/\\\/onpoki.com\\\/product\\\/juni-christmas-tree-crochet-pattern\\\/#primaryimage\"},\"image\":{\"@id\":\"https:\\\/\\\/onpoki.com\\\/product\\\/juni-christmas-tree-crochet-pattern\\\/#primaryimage\"},\"thumbnailUrl\":\"https:\\\/\\\/onpoki.com\\\/wp-content\\\/uploads\\\/2025\\\/08\\\/Juni_pine_onpoki_etsy.jpg\",\"datePublished\":\"2025-08-19T22:41:06+00:00\",\"dateModified\":\"2026-04-20T05:31:48+00:00\",\"description\":\"Crochet your own festive pine tree with the Juni pattern by Onpoki. Step-by-step photos and instructions in English and Spanish.\",\"breadcrumb\":{\"@id\":\"https:\\\/\\\/onpoki.com\\\/product\\\/juni-christmas-tree-crochet-pattern\\\/#breadcrumb\"},\"inLanguage\":\"es-AR\",\"potentialAction\":[{\"@type\":\"ReadAction\",\"target\":[\"https:\\\/\\\/onpoki.com\\\/product\\\/juni-christmas-tree-crochet-pattern\\\/\"]}]},{\"@type\":\"ImageObject\",\"inLanguage\":\"es-AR\",\"@id\":\"https:\\\/\\\/onpoki.com\\\/product\\\/juni-christmas-tree-crochet-pattern\\\/#primaryimage\",\"url\":\"https:\\\/\\\/onpoki.com\\\/wp-content\\\/uploads\\\/2025\\\/08\\\/Juni_pine_onpoki_etsy.jpg\",\"contentUrl\":\"https:\\\/\\\/onpoki.com\\\/wp-content\\\/uploads\\\/2025\\\/08\\\/Juni_pine_onpoki_etsy.jpg\",\"width\":2244,\"height\":2241},{\"@type\":\"BreadcrumbList\",\"@id\":\"https:\\\/\\\/onpoki.com\\\/product\\\/juni-christmas-tree-crochet-pattern\\\/#breadcrumb\",\"itemListElement\":[{\"@type\":\"ListItem\",\"position\":1,\"name\":\"Home\",\"item\":\"https:\\\/\\\/onpoki.com\\\/\"},{\"@type\":\"ListItem\",\"position\":2,\"name\":\"Juni the Christmas Pine Tree \u2013 Crochet Pattern (PDF) \u2013 English \u2013 Espa\u00f1ol\"}]},{\"@type\":\"WebSite\",\"@id\":\"https:\\\/\\\/onpoki.com\\\/#website\",\"url\":\"https:\\\/\\\/onpoki.com\\\/\",\"name\":\"Onpoki\",\"description\":\"Original crochet patterns and handmade dolls\",\"publisher\":{\"@id\":\"https:\\\/\\\/onpoki.com\\\/#organization\"},\"alternateName\":\"Onpoki crochet\",\"potentialAction\":[{\"@type\":\"SearchAction\",\"target\":{\"@type\":\"EntryPoint\",\"urlTemplate\":\"https:\\\/\\\/onpoki.com\\\/?s={search_term_string}\"},\"query-input\":{\"@type\":\"PropertyValueSpecification\",\"valueRequired\":true,\"valueName\":\"search_term_string\"}}],\"inLanguage\":\"es-AR\"},{\"@type\":\"Organization\",\"@id\":\"https:\\\/\\\/onpoki.com\\\/#organization\",\"name\":\"Onpoki crochet\",\"url\":\"https:\\\/\\\/onpoki.com\\\/\",\"logo\":{\"@type\":\"ImageObject\",\"inLanguage\":\"es-AR\",\"@id\":\"https:\\\/\\\/onpoki.com\\\/#\\\/schema\\\/logo\\\/image\\\/\",\"url\":\"https:\\\/\\\/onpoki.com\\\/wp-content\\\/uploads\\\/2025\\\/11\\\/onpoki_logo_redondo.png\",\"contentUrl\":\"https:\\\/\\\/onpoki.com\\\/wp-content\\\/uploads\\\/2025\\\/11\\\/onpoki_logo_redondo.png\",\"width\":511,\"height\":512,\"caption\":\"Onpoki crochet\"},\"image\":{\"@id\":\"https:\\\/\\\/onpoki.com\\\/#\\\/schema\\\/logo\\\/image\\\/\"},\"sameAs\":[\"https:\\\/\\\/www.facebook.com\\\/onpoki\\\/\",\"https:\\\/\\\/www.instagram.com\\\/onpoki\"]}]}<\/script>\n<!-- \/ Yoast SEO plugin. -->","yoast_head_json":{"title":"Juni the Christmas Pine Tree Crochet Pattern (PDF) \u2013 (EN\/ESP)","description":"Crochet your own festive pine tree with the Juni pattern by Onpoki. Step-by-step photos and instructions in English and Spanish.","robots":{"index":"index","follow":"follow","max-snippet":"max-snippet:-1","max-image-preview":"max-image-preview:large","max-video-preview":"max-video-preview:-1"},"canonical":"https:\/\/onpoki.com\/es\/producto\/juni-christmas-tree-crochet-pattern\/","og_locale":"es_ES","og_type":"article","og_title":"Juni the Christmas Pine Tree Crochet Pattern (PDF) \u2013 (EN\/ESP)","og_description":"Crochet your own festive pine tree with the Juni pattern by Onpoki. Step-by-step photos and instructions in English and Spanish.","og_url":"https:\/\/onpoki.com\/es\/producto\/juni-christmas-tree-crochet-pattern\/","og_site_name":"Onpoki crochet","article_publisher":"https:\/\/www.facebook.com\/onpoki\/","article_modified_time":"2026-04-20T05:31:48+00:00","og_image":[{"width":2244,"height":2241,"url":"https:\/\/onpoki.com\/wp-content\/uploads\/2025\/08\/Juni_pine_onpoki_etsy.jpg","type":"image\/jpeg"}],"twitter_card":"summary_large_image","twitter_misc":{"Tiempo de lectura":"2 minutos"},"schema":{"@context":"https:\/\/schema.org","@graph":[{"@type":"WebPage","@id":"https:\/\/onpoki.com\/product\/juni-christmas-tree-crochet-pattern\/","url":"https:\/\/onpoki.com\/product\/juni-christmas-tree-crochet-pattern\/","name":"Juni the Christmas Pine Tree Crochet Pattern (PDF) \u2013 (EN\/ESP)","isPartOf":{"@id":"https:\/\/onpoki.com\/#website"},"primaryImageOfPage":{"@id":"https:\/\/onpoki.com\/product\/juni-christmas-tree-crochet-pattern\/#primaryimage"},"image":{"@id":"https:\/\/onpoki.com\/product\/juni-christmas-tree-crochet-pattern\/#primaryimage"},"thumbnailUrl":"https:\/\/onpoki.com\/wp-content\/uploads\/2025\/08\/Juni_pine_onpoki_etsy.jpg","datePublished":"2025-08-19T22:41:06+00:00","dateModified":"2026-04-20T05:31:48+00:00","description":"Crochet your own festive pine tree with the Juni pattern by Onpoki. Step-by-step photos and instructions in English and Spanish.","breadcrumb":{"@id":"https:\/\/onpoki.com\/product\/juni-christmas-tree-crochet-pattern\/#breadcrumb"},"inLanguage":"es-AR","potentialAction":[{"@type":"ReadAction","target":["https:\/\/onpoki.com\/product\/juni-christmas-tree-crochet-pattern\/"]}]},{"@type":"ImageObject","inLanguage":"es-AR","@id":"https:\/\/onpoki.com\/product\/juni-christmas-tree-crochet-pattern\/#primaryimage","url":"https:\/\/onpoki.com\/wp-content\/uploads\/2025\/08\/Juni_pine_onpoki_etsy.jpg","contentUrl":"https:\/\/onpoki.com\/wp-content\/uploads\/2025\/08\/Juni_pine_onpoki_etsy.jpg","width":2244,"height":2241},{"@type":"BreadcrumbList","@id":"https:\/\/onpoki.com\/product\/juni-christmas-tree-crochet-pattern\/#breadcrumb","itemListElement":[{"@type":"ListItem","position":1,"name":"Home","item":"https:\/\/onpoki.com\/"},{"@type":"ListItem","position":2,"name":"Juni the Christmas Pine Tree \u2013 Crochet Pattern (PDF) \u2013 English \u2013 Espa\u00f1ol"}]},{"@type":"WebSite","@id":"https:\/\/onpoki.com\/#website","url":"https:\/\/onpoki.com\/","name":"Onpoki","description":"Original crochet patterns and handmade dolls","publisher":{"@id":"https:\/\/onpoki.com\/#organization"},"alternateName":"Onpoki crochet","potentialAction":[{"@type":"SearchAction","target":{"@type":"EntryPoint","urlTemplate":"https:\/\/onpoki.com\/?s={search_term_string}"},"query-input":{"@type":"PropertyValueSpecification","valueRequired":true,"valueName":"search_term_string"}}],"inLanguage":"es-AR"},{"@type":"Organization","@id":"https:\/\/onpoki.com\/#organization","name":"Onpoki crochet","url":"https:\/\/onpoki.com\/","logo":{"@type":"ImageObject","inLanguage":"es-AR","@id":"https:\/\/onpoki.com\/#\/schema\/logo\/image\/","url":"https:\/\/onpoki.com\/wp-content\/uploads\/2025\/11\/onpoki_logo_redondo.png","contentUrl":"https:\/\/onpoki.com\/wp-content\/uploads\/2025\/11\/onpoki_logo_redondo.png","width":511,"height":512,"caption":"Onpoki crochet"},"image":{"@id":"https:\/\/onpoki.com\/#\/schema\/logo\/image\/"},"sameAs":["https:\/\/www.facebook.com\/onpoki\/","https:\/\/www.instagram.com\/onpoki"]}]}},"jetpack_sharing_enabled":true,"_links":{"self":[{"href":"https:\/\/onpoki.com\/es\/wp-json\/wp\/v2\/product\/2280","targetHints":{"allow":["GET"]}}],"collection":[{"href":"https:\/\/onpoki.com\/es\/wp-json\/wp\/v2\/product"}],"about":[{"href":"https:\/\/onpoki.com\/es\/wp-json\/wp\/v2\/types\/product"}],"replies":[{"embeddable":true,"href":"https:\/\/onpoki.com\/es\/wp-json\/wp\/v2\/comments?post=2280"}],"wp:featuredmedia":[{"embeddable":true,"href":"https:\/\/onpoki.com\/es\/wp-json\/wp\/v2\/media\/2291"}],"wp:attachment":[{"href":"https:\/\/onpoki.com\/es\/wp-json\/wp\/v2\/media?parent=2280"}],"wp:term":[{"taxonomy":"product_brand","embeddable":true,"href":"https:\/\/onpoki.com\/es\/wp-json\/wp\/v2\/product_brand?post=2280"},{"taxonomy":"product_cat","embeddable":true,"href":"https:\/\/onpoki.com\/es\/wp-json\/wp\/v2\/product_cat?post=2280"},{"taxonomy":"product_tag","embeddable":true,"href":"https:\/\/onpoki.com\/es\/wp-json\/wp\/v2\/product_tag?post=2280"}],"curies":[{"name":"wp","href":"https:\/\/api.w.org\/{rel}","templated":true}]}}