{"id":2293,"date":"2025-08-19T23:07:08","date_gmt":"2025-08-19T23:07:08","guid":{"rendered":"https:\/\/onpoki.com\/?post_type=product&#038;p=2293"},"modified":"2026-04-20T18:31:48","modified_gmt":"2026-04-20T05:31:48","slug":"kindanimals-monkey-crochet-pattern","status":"publish","type":"product","link":"https:\/\/onpoki.com\/es\/producto\/kindanimals-monkey-crochet-pattern\/","title":{"rendered":"Kindanimals Mono \u2013 (PDF) \u2013 English \u2013 Espa\u00f1ol \u2013 Portugu\u00eas \u2013 Italiano"},"content":{"rendered":"<p><strong>POR FAVOR TENER EN CUENTA:<\/strong> : Est\u00e1s comprando un <strong>archivo digital<\/strong> (<strong>patr\u00f3n en PDF<\/strong>), no el mu\u00f1eco f\u00edsico.<\/p>\n<p><strong>KINDANIMALS MONO \u2013 AMIGURUMI ESTILO TRAPO PATR\u00d3N DE CROCHET (PDF) \u2013 ENGLISH \u2013 ESPA\u00d1OL \u2013 PORTUGU\u00caS \u2013 ITALIANO<\/strong><\/p>\n<p>El Kindanimals Mono no es solo un juguete\u2026 es un amigo estilo trapo lleno de cari\u00f1o. Con sus brazos largos y su encanto hecho a mano, este monito est\u00e1 dise\u00f1ado para ser m\u00e1s que un amigurumi\u2026 es un compa\u00f1ero para siempre que vas a disfrutar crear y regalar.<\/p>\n<p>El patr\u00f3n incluye instrucciones detalladas paso a paso con <strong>76 fotos \u00fatiles<\/strong>que te gu\u00edan por los puntos, el armado y los detalles finales. Est\u00e1 escrito con <strong>terminolog\u00eda de crochet de Espa\u00f1a<\/strong> e incluye una tabla de conversi\u00f3n con la terminolog\u00eda de Espa\u00f1a y de Am\u00e9rica Latina.<\/p>\n<p><strong>Lenguajes:<\/strong><br \/>\n\u2013 English (US terms \u2013 includes conversion chart with UK terminology)<br \/>\n\u2013 Espa\u00f1ol (t\u00e9rminos de Espa\u00f1a \u2013 incluye tabla con diferencias entre Espa\u00f1a y Latinoam\u00e9rica)<br \/>\n\u2013 Portugu\u00eas<br \/>\n\u2013 Italiano<\/p>\n<p><strong>Nivel de dificultad:<\/strong><br \/>\nPrincipiante \u2013 Deber\u00edas conocer los puntos b\u00e1sicos de amigurumi (anillo m\u00e1gico, punto bajo, aumento, disminuci\u00f3n, punto deslizado, medio punto alto, punto alto).<\/p>\n<p><strong>Formato:<\/strong><br \/>\nPDF imprimible \u2013 15 p\u00e1ginas con 76 im\u00e1genes.<\/p>\n<p><strong>Tama\u00f1o:<\/strong><br \/>\nAproximadamente 11 cm de ancho \u00d7 33 cm de alto (4\u2033 \u00d7 13\u2033) usando hilo Aran y una aguja de 3.0 mm (US E\/4\u2026 UK-CAN 9).<\/p>\n<p><strong>Hilo necesario (aprox):<\/strong><br \/>\n\u2013 Color principal: 125 g<br \/>\n\u2013 Segundo color: 20 g<br \/>\n\u2013 Negro (para las pesta\u00f1as, opcional): una m\u00ednima cantidad<\/p>\n<p><strong>Otros materiales:<\/strong><br \/>\nOjos de seguridad de 10 mm, relleno, aguja lanera.<\/p>\n<p><strong>Nota:<\/strong><br \/>\nEste es un patr\u00f3n de crochet digital (no un producto terminado). Pod\u00e9s vender los mu\u00f1ecos terminados hechos a partir de este patr\u00f3n, siempre que est\u00e9n hechos a mano por vos y se d\u00e9 el cr\u00e9dito a la dise\u00f1adora: <em>Pattern by Onpoki.<\/em><\/p>\n<p><strong>\u00bfPrefer\u00eds comprar en otras plataformas?<\/strong><br \/>\n<a href=\"https:\/\/www.etsy.com\/listing\/1033350911\/kindanimals-monkey-crochet-digital\">Etsy \u2013 Onpoki<\/a><br \/>\n<a href=\"https:\/\/www.ravelry.com\/patterns\/library\/kindanimals-monkey\">Ravelry \u2013 Onpoki<\/a><\/p>\n<p><strong>Complet\u00e1 tu colecci\u00f3n Onpoki:<\/strong><br \/>\n\ud83e\udde1 <a href=\"https:\/\/onpoki.com\/es\/producto\/morgan-the-rabbit-crochet-pattern\/\">Morgan el conejo - Patr\u00f3n crochet<\/a><br \/>\n\ud83d\udc9b <a href=\"https:\/\/onpoki.com\/es\/free-patterns\/augusto-the-ghost-free-pattern\/\">GRATIS Augusto el fantasma del Amor - Patr\u00f3n crochet<\/a><br \/>\n\ud83d\udc9a <a href=\"https:\/\/onpoki.com\/es\/free-patterns\/grogu-baby-yoda-free-pattern\/\">GRATIS Grogu (Bebe Yoda) - Patr\u00f3n crochet<\/a><\/p>","protected":false},"excerpt":{"rendered":"<p>Patr\u00f3n de crochet para Kindanimals Mono \u2013 amigurumi estilo trapo con brazos largos, 76 fotos y un PDF con instrucciones detalladas paso a paso en 4 idiomas.<\/p>","protected":false},"featured_media":2298,"comment_status":"open","ping_status":"closed","template":"","meta":{"_kadence_starter_templates_imported_post":false,"_kad_post_transparent":"default","_kad_post_title":"","_kad_post_layout":"default","_kad_post_sidebar_id":"","_kad_post_content_style":"default","_kad_post_vertical_padding":"default","_kad_post_feature":"","_kad_post_feature_position":"","_kad_post_header":false,"_kad_post_footer":false,"_kad_post_classname":""},"product_brand":[],"product_cat":[74],"product_tag":[84,85],"class_list":{"0":"post-2293","1":"product","2":"type-product","3":"status-publish","4":"has-post-thumbnail","6":"product_cat-crochet-patterns","7":"product_tag-digital-pattern","8":"product_tag-pdf","10":"first","11":"instock","12":"sale","13":"downloadable","14":"virtual","15":"purchasable","16":"product-type-simple","17":"entry","18":"content-bg","19":"loop-entry"},"yoast_head":"<!-- This site is optimized with the Yoast SEO plugin v27.4 - https:\/\/yoast.com\/product\/yoast-seo-wordpress\/ -->\n<title>Kindanimals Monkey Crochet Pattern (PDF) \u2013 Amigurumi by Onpoki<\/title>\n<meta name=\"description\" content=\"Crochet your own Kindanimals Monkey with this rag doll style amigurumi pattern by Onpoki. Detailed photos, multilingual instructions (EN\/ES\/PT\/IT).\" \/>\n<meta name=\"robots\" content=\"index, follow, max-snippet:-1, max-image-preview:large, max-video-preview:-1\" \/>\n<link rel=\"canonical\" href=\"https:\/\/onpoki.com\/es\/producto\/kindanimals-monkey-crochet-pattern\/\" \/>\n<meta property=\"og:locale\" content=\"es_ES\" \/>\n<meta property=\"og:type\" content=\"article\" \/>\n<meta property=\"og:title\" content=\"Kindanimals Monkey Crochet Pattern (PDF) \u2013 Amigurumi by Onpoki\" \/>\n<meta property=\"og:description\" content=\"Crochet your own Kindanimals Monkey with this rag doll style amigurumi pattern by Onpoki. Detailed photos, multilingual instructions (EN\/ES\/PT\/IT).\" \/>\n<meta property=\"og:url\" content=\"https:\/\/onpoki.com\/es\/producto\/kindanimals-monkey-crochet-pattern\/\" \/>\n<meta property=\"og:site_name\" content=\"Onpoki crochet\" \/>\n<meta property=\"article:publisher\" content=\"https:\/\/www.facebook.com\/onpoki\/\" \/>\n<meta property=\"article:modified_time\" content=\"2026-04-20T05:31:48+00:00\" \/>\n<meta property=\"og:image\" content=\"https:\/\/onpoki.com\/wp-content\/uploads\/2025\/08\/primera-foto_PAU0789-scaled.jpg\" \/>\n\t<meta property=\"og:image:width\" content=\"2558\" \/>\n\t<meta property=\"og:image:height\" content=\"2560\" \/>\n\t<meta property=\"og:image:type\" content=\"image\/jpeg\" \/>\n<meta name=\"twitter:card\" content=\"summary_large_image\" \/>\n<meta name=\"twitter:label1\" content=\"Tiempo de lectura\" \/>\n\t<meta name=\"twitter:data1\" content=\"2 minutos\" \/>\n<script type=\"application\/ld+json\" class=\"yoast-schema-graph\">{\"@context\":\"https:\\\/\\\/schema.org\",\"@graph\":[{\"@type\":\"WebPage\",\"@id\":\"https:\\\/\\\/onpoki.com\\\/product\\\/kindanimals-monkey-crochet-pattern\\\/\",\"url\":\"https:\\\/\\\/onpoki.com\\\/product\\\/kindanimals-monkey-crochet-pattern\\\/\",\"name\":\"Kindanimals Monkey Crochet Pattern (PDF) \u2013 Amigurumi by Onpoki\",\"isPartOf\":{\"@id\":\"https:\\\/\\\/onpoki.com\\\/#website\"},\"primaryImageOfPage\":{\"@id\":\"https:\\\/\\\/onpoki.com\\\/product\\\/kindanimals-monkey-crochet-pattern\\\/#primaryimage\"},\"image\":{\"@id\":\"https:\\\/\\\/onpoki.com\\\/product\\\/kindanimals-monkey-crochet-pattern\\\/#primaryimage\"},\"thumbnailUrl\":\"https:\\\/\\\/onpoki.com\\\/wp-content\\\/uploads\\\/2025\\\/08\\\/primera-foto_PAU0789-scaled.jpg\",\"datePublished\":\"2025-08-19T23:07:08+00:00\",\"dateModified\":\"2026-04-20T05:31:48+00:00\",\"description\":\"Crochet your own Kindanimals Monkey with this rag doll style amigurumi pattern by Onpoki. Detailed photos, multilingual instructions (EN\\\/ES\\\/PT\\\/IT).\",\"breadcrumb\":{\"@id\":\"https:\\\/\\\/onpoki.com\\\/product\\\/kindanimals-monkey-crochet-pattern\\\/#breadcrumb\"},\"inLanguage\":\"es-AR\",\"potentialAction\":[{\"@type\":\"ReadAction\",\"target\":[\"https:\\\/\\\/onpoki.com\\\/product\\\/kindanimals-monkey-crochet-pattern\\\/\"]}]},{\"@type\":\"ImageObject\",\"inLanguage\":\"es-AR\",\"@id\":\"https:\\\/\\\/onpoki.com\\\/product\\\/kindanimals-monkey-crochet-pattern\\\/#primaryimage\",\"url\":\"https:\\\/\\\/onpoki.com\\\/wp-content\\\/uploads\\\/2025\\\/08\\\/primera-foto_PAU0789-scaled.jpg\",\"contentUrl\":\"https:\\\/\\\/onpoki.com\\\/wp-content\\\/uploads\\\/2025\\\/08\\\/primera-foto_PAU0789-scaled.jpg\",\"width\":2558,\"height\":2560},{\"@type\":\"BreadcrumbList\",\"@id\":\"https:\\\/\\\/onpoki.com\\\/product\\\/kindanimals-monkey-crochet-pattern\\\/#breadcrumb\",\"itemListElement\":[{\"@type\":\"ListItem\",\"position\":1,\"name\":\"Home\",\"item\":\"https:\\\/\\\/onpoki.com\\\/\"},{\"@type\":\"ListItem\",\"position\":2,\"name\":\"Kindanimals Monkey \u2013 (PDF) \u2013 English \u2013 Espa\u00f1ol \u2013 Portugu\u00eas \u2013 Italiano\"}]},{\"@type\":\"WebSite\",\"@id\":\"https:\\\/\\\/onpoki.com\\\/#website\",\"url\":\"https:\\\/\\\/onpoki.com\\\/\",\"name\":\"Onpoki\",\"description\":\"Original crochet patterns and handmade dolls\",\"publisher\":{\"@id\":\"https:\\\/\\\/onpoki.com\\\/#organization\"},\"alternateName\":\"Onpoki crochet\",\"potentialAction\":[{\"@type\":\"SearchAction\",\"target\":{\"@type\":\"EntryPoint\",\"urlTemplate\":\"https:\\\/\\\/onpoki.com\\\/?s={search_term_string}\"},\"query-input\":{\"@type\":\"PropertyValueSpecification\",\"valueRequired\":true,\"valueName\":\"search_term_string\"}}],\"inLanguage\":\"es-AR\"},{\"@type\":\"Organization\",\"@id\":\"https:\\\/\\\/onpoki.com\\\/#organization\",\"name\":\"Onpoki crochet\",\"url\":\"https:\\\/\\\/onpoki.com\\\/\",\"logo\":{\"@type\":\"ImageObject\",\"inLanguage\":\"es-AR\",\"@id\":\"https:\\\/\\\/onpoki.com\\\/#\\\/schema\\\/logo\\\/image\\\/\",\"url\":\"https:\\\/\\\/onpoki.com\\\/wp-content\\\/uploads\\\/2025\\\/11\\\/onpoki_logo_redondo.png\",\"contentUrl\":\"https:\\\/\\\/onpoki.com\\\/wp-content\\\/uploads\\\/2025\\\/11\\\/onpoki_logo_redondo.png\",\"width\":511,\"height\":512,\"caption\":\"Onpoki crochet\"},\"image\":{\"@id\":\"https:\\\/\\\/onpoki.com\\\/#\\\/schema\\\/logo\\\/image\\\/\"},\"sameAs\":[\"https:\\\/\\\/www.facebook.com\\\/onpoki\\\/\",\"https:\\\/\\\/www.instagram.com\\\/onpoki\"]}]}<\/script>\n<!-- \/ Yoast SEO plugin. -->","yoast_head_json":{"title":"Kindanimals Monkey Crochet Pattern (PDF) \u2013 Amigurumi by Onpoki","description":"Crochet your own Kindanimals Monkey with this rag doll style amigurumi pattern by Onpoki. Detailed photos, multilingual instructions (EN\/ES\/PT\/IT).","robots":{"index":"index","follow":"follow","max-snippet":"max-snippet:-1","max-image-preview":"max-image-preview:large","max-video-preview":"max-video-preview:-1"},"canonical":"https:\/\/onpoki.com\/es\/producto\/kindanimals-monkey-crochet-pattern\/","og_locale":"es_ES","og_type":"article","og_title":"Kindanimals Monkey Crochet Pattern (PDF) \u2013 Amigurumi by Onpoki","og_description":"Crochet your own Kindanimals Monkey with this rag doll style amigurumi pattern by Onpoki. Detailed photos, multilingual instructions (EN\/ES\/PT\/IT).","og_url":"https:\/\/onpoki.com\/es\/producto\/kindanimals-monkey-crochet-pattern\/","og_site_name":"Onpoki crochet","article_publisher":"https:\/\/www.facebook.com\/onpoki\/","article_modified_time":"2026-04-20T05:31:48+00:00","og_image":[{"width":2558,"height":2560,"url":"https:\/\/onpoki.com\/wp-content\/uploads\/2025\/08\/primera-foto_PAU0789-scaled.jpg","type":"image\/jpeg"}],"twitter_card":"summary_large_image","twitter_misc":{"Tiempo de lectura":"2 minutos"},"schema":{"@context":"https:\/\/schema.org","@graph":[{"@type":"WebPage","@id":"https:\/\/onpoki.com\/product\/kindanimals-monkey-crochet-pattern\/","url":"https:\/\/onpoki.com\/product\/kindanimals-monkey-crochet-pattern\/","name":"Kindanimals Monkey Crochet Pattern (PDF) \u2013 Amigurumi by Onpoki","isPartOf":{"@id":"https:\/\/onpoki.com\/#website"},"primaryImageOfPage":{"@id":"https:\/\/onpoki.com\/product\/kindanimals-monkey-crochet-pattern\/#primaryimage"},"image":{"@id":"https:\/\/onpoki.com\/product\/kindanimals-monkey-crochet-pattern\/#primaryimage"},"thumbnailUrl":"https:\/\/onpoki.com\/wp-content\/uploads\/2025\/08\/primera-foto_PAU0789-scaled.jpg","datePublished":"2025-08-19T23:07:08+00:00","dateModified":"2026-04-20T05:31:48+00:00","description":"Crochet your own Kindanimals Monkey with this rag doll style amigurumi pattern by Onpoki. Detailed photos, multilingual instructions (EN\/ES\/PT\/IT).","breadcrumb":{"@id":"https:\/\/onpoki.com\/product\/kindanimals-monkey-crochet-pattern\/#breadcrumb"},"inLanguage":"es-AR","potentialAction":[{"@type":"ReadAction","target":["https:\/\/onpoki.com\/product\/kindanimals-monkey-crochet-pattern\/"]}]},{"@type":"ImageObject","inLanguage":"es-AR","@id":"https:\/\/onpoki.com\/product\/kindanimals-monkey-crochet-pattern\/#primaryimage","url":"https:\/\/onpoki.com\/wp-content\/uploads\/2025\/08\/primera-foto_PAU0789-scaled.jpg","contentUrl":"https:\/\/onpoki.com\/wp-content\/uploads\/2025\/08\/primera-foto_PAU0789-scaled.jpg","width":2558,"height":2560},{"@type":"BreadcrumbList","@id":"https:\/\/onpoki.com\/product\/kindanimals-monkey-crochet-pattern\/#breadcrumb","itemListElement":[{"@type":"ListItem","position":1,"name":"Home","item":"https:\/\/onpoki.com\/"},{"@type":"ListItem","position":2,"name":"Kindanimals Monkey \u2013 (PDF) \u2013 English \u2013 Espa\u00f1ol \u2013 Portugu\u00eas \u2013 Italiano"}]},{"@type":"WebSite","@id":"https:\/\/onpoki.com\/#website","url":"https:\/\/onpoki.com\/","name":"Onpoki","description":"Original crochet patterns and handmade dolls","publisher":{"@id":"https:\/\/onpoki.com\/#organization"},"alternateName":"Onpoki crochet","potentialAction":[{"@type":"SearchAction","target":{"@type":"EntryPoint","urlTemplate":"https:\/\/onpoki.com\/?s={search_term_string}"},"query-input":{"@type":"PropertyValueSpecification","valueRequired":true,"valueName":"search_term_string"}}],"inLanguage":"es-AR"},{"@type":"Organization","@id":"https:\/\/onpoki.com\/#organization","name":"Onpoki crochet","url":"https:\/\/onpoki.com\/","logo":{"@type":"ImageObject","inLanguage":"es-AR","@id":"https:\/\/onpoki.com\/#\/schema\/logo\/image\/","url":"https:\/\/onpoki.com\/wp-content\/uploads\/2025\/11\/onpoki_logo_redondo.png","contentUrl":"https:\/\/onpoki.com\/wp-content\/uploads\/2025\/11\/onpoki_logo_redondo.png","width":511,"height":512,"caption":"Onpoki crochet"},"image":{"@id":"https:\/\/onpoki.com\/#\/schema\/logo\/image\/"},"sameAs":["https:\/\/www.facebook.com\/onpoki\/","https:\/\/www.instagram.com\/onpoki"]}]}},"jetpack_sharing_enabled":true,"_links":{"self":[{"href":"https:\/\/onpoki.com\/es\/wp-json\/wp\/v2\/product\/2293","targetHints":{"allow":["GET"]}}],"collection":[{"href":"https:\/\/onpoki.com\/es\/wp-json\/wp\/v2\/product"}],"about":[{"href":"https:\/\/onpoki.com\/es\/wp-json\/wp\/v2\/types\/product"}],"replies":[{"embeddable":true,"href":"https:\/\/onpoki.com\/es\/wp-json\/wp\/v2\/comments?post=2293"}],"wp:featuredmedia":[{"embeddable":true,"href":"https:\/\/onpoki.com\/es\/wp-json\/wp\/v2\/media\/2298"}],"wp:attachment":[{"href":"https:\/\/onpoki.com\/es\/wp-json\/wp\/v2\/media?parent=2293"}],"wp:term":[{"taxonomy":"product_brand","embeddable":true,"href":"https:\/\/onpoki.com\/es\/wp-json\/wp\/v2\/product_brand?post=2293"},{"taxonomy":"product_cat","embeddable":true,"href":"https:\/\/onpoki.com\/es\/wp-json\/wp\/v2\/product_cat?post=2293"},{"taxonomy":"product_tag","embeddable":true,"href":"https:\/\/onpoki.com\/es\/wp-json\/wp\/v2\/product_tag?post=2293"}],"curies":[{"name":"wp","href":"https:\/\/api.w.org\/{rel}","templated":true}]}}