{"id":2306,"date":"2025-08-19T23:32:46","date_gmt":"2025-08-19T23:32:46","guid":{"rendered":"https:\/\/onpoki.com\/?post_type=product&#038;p=2306"},"modified":"2025-11-25T10:49:40","modified_gmt":"2025-11-24T21:49:40","slug":"acorn-crochet-pattern","status":"publish","type":"product","link":"https:\/\/onpoki.com\/es\/producto\/acorn-crochet-pattern\/","title":{"rendered":"Acorn \u2013 Patr\u00f3n de Crochet Amigurumi Charm (PDF) \u2013 English \u2013 Espa\u00f1ol"},"content":{"rendered":"<p><strong>POR FAVOR TENER EN CUENTA:<\/strong> : Est\u00e1s comprando un <strong>archivo digital<\/strong> (<strong>patr\u00f3n en PDF<\/strong>), no el mu\u00f1eco f\u00edsico.<\/p>\n<p><!-- Product title --><\/p>\n<p><strong>PATR\u00d3N DE CROCHET DE ACORN \u2013 UN DISE\u00d1O  DE ONPOKI<\/strong><\/p>\n<p><!-- Introductory paragraph --><\/p>\n<p>Crea tu propio amigurumi de bellota y su charm con este patr\u00f3n de crochet detallado. La versi\u00f3n m\u00e1s grande (con ojitos, llamada Jovis) es perfecta como un peque\u00f1o amigo, mientras que la versi\u00f3n m\u00e1s peque\u00f1a funciona muy bien como charm o talism\u00e1n.<\/p>\n<p><!-- Free pattern note --><\/p>\n<p>Este patr\u00f3n tambi\u00e9n est\u00e1 disponible de forma gratuita en la secci\u00f3n de <a href=\"https:\/\/onpoki.com\/es\/free-patterns\/\">Patrones gratis<\/a> de mi sitio web. Si quer\u00e9s apoyar mi trabajo (o prefer\u00eds la comodidad de un PDF), compr\u00e1 esta versi\u00f3n por un precio simb\u00f3lico.<\/p>\n<p>El patr\u00f3n incluye instrucciones detalladas paso a paso con 18 fotos, que te gu\u00edan por los puntos, el armado y los detalles finales. Est\u00e1 escrito con terminolog\u00eda de crochet de Espa\u00f1a e incluye una tabla de conversi\u00f3n con la terminolog\u00eda de Espa\u00f1a y de Am\u00e9rica Latina.<\/p>\n<p><!-- Info sections --><\/p>\n<p><strong>Lenguajes:<\/strong><br \/>\n\u2013 English<br \/>\n\u2013 Espa\u00f1ol<\/p>\n<p><strong>Nivel de dificultad:<\/strong><br \/>\nPrincipiante \u2013 Conocimiento de los puntos b\u00e1sicos de amigurumi (anillo m\u00e1gico, punto bajo, aumento, disminuci\u00f3n).<\/p>\n<p><strong>Formato:<\/strong><br \/>\nPDF imprimible \u2013 7 p\u00e1ginas con 18 im\u00e1genes \u00fatiles.<\/p>\n<p><strong>Tama\u00f1o:<\/strong><br \/>\n\u2013 Bellota grande (Jovis): aproximadamente 6 cm de alto usando hilo Aran y aguja de 3.0 mm.<br \/>\n\u2013 Charm peque\u00f1o: aproximadamente 5 cm de alto (sin los hilos para colgar) usando hilo DK y aguja de 2.5 mm.<\/p>\n<p><strong>Hilo que vas a necesitar:<\/strong><br \/>\nM\u00ednimo \u2013 para los hilos del talism\u00e1n, aproximadamente 210 cm (ajustable).<\/p>\n<p><strong>Otros materiales:<\/strong><br \/>\nOjos de seguridad (opcional), relleno, aguja lanera, tijeras.<\/p>\n<p><strong>Nota:<\/strong><br \/>\nEste es un patr\u00f3n digital de crochet (no un producto terminado). Pueden vender los mu\u00f1ecos terminados hechos a partir de este patr\u00f3n, siempre que sean elaborados a mano por vos y se acredite el dise\u00f1o al autor: Patr\u00f3n de Onpoki.<\/p>\n<p><strong>\u00bfPrefer\u00eds comprar en otras plataformas?<\/strong><br \/>\n<a href=\"https:\/\/www.etsy.com\/listing\/950532932\/acorn-pattern-crochet-digital-pattern-in\">Etsy \u2013 Onpoki<\/a><br \/>\n<a href=\"https:\/\/www.ravelry.com\/patterns\/library\/acorn-charm\">Ravelry \u2013 Onpoki<\/a><\/p>\n<p><strong>Complet\u00e1 tu colecci\u00f3n Onpoki:<\/strong><br \/>\n\ud83e\udde1 <a href=\"https:\/\/onpoki.com\/es\/producto\/juni-christmas-tree-crochet-pattern\/\">Juni el Pino de Navidad \u2013 patr\u00f3n de crochet<\/a><br \/>\n\ud83d\udc9b <a href=\"https:\/\/onpoki.com\/es\/producto\/augusto-love-ghost-crochet-pattern\/\">Augusto el Fantasma del Amor \u2013 patr\u00f3n de crochet<\/a><br \/>\n\ud83d\udc9a <a href=\"https:\/\/onpoki.com\/es\/free-patterns\/grogu-baby-yoda-free-pattern\/\">GRATIS Grogu (Bebe Yoda) - Patr\u00f3n crochet<\/a><\/p>","protected":false},"excerpt":{"rendered":"<p>Patr\u00f3n de crochet para hacer un amigurumi Bellota y un charm \u2013 apto para principiantes. Incluye un PDF con 18 fotos, 7 p\u00e1ginas y las instrucciones en Espa\u00f1ol e Ingles.<\/p>","protected":false},"featured_media":2317,"comment_status":"open","ping_status":"closed","template":"","meta":{"_kadence_starter_templates_imported_post":false,"_kad_post_transparent":"default","_kad_post_title":"","_kad_post_layout":"default","_kad_post_sidebar_id":"","_kad_post_content_style":"default","_kad_post_vertical_padding":"default","_kad_post_feature":"","_kad_post_feature_position":"","_kad_post_header":false,"_kad_post_footer":false,"_kad_post_classname":""},"product_brand":[],"product_cat":[74],"product_tag":[84,85],"class_list":{"0":"post-2306","1":"product","2":"type-product","3":"status-publish","4":"has-post-thumbnail","6":"product_cat-crochet-patterns","7":"product_tag-digital-pattern","8":"product_tag-pdf","10":"first","11":"instock","12":"sale","13":"downloadable","14":"virtual","15":"purchasable","16":"product-type-simple","17":"entry","18":"content-bg","19":"loop-entry"},"yoast_head":"<!-- This site is optimized with the Yoast SEO plugin v26.9 - https:\/\/yoast.com\/product\/yoast-seo-wordpress\/ -->\n<title>Acorn Crochet Pattern (PDF) \u2013 Amigurumi Charm by Onpoki<\/title>\n<meta name=\"description\" content=\"Crochet your own adorable acorn charm with this detailed PDF pattern by Onpoki. Includes photos, tips, and English &amp; Spanish versions.\" \/>\n<meta name=\"robots\" content=\"index, follow, max-snippet:-1, max-image-preview:large, max-video-preview:-1\" \/>\n<link rel=\"canonical\" href=\"https:\/\/onpoki.com\/es\/producto\/acorn-crochet-pattern\/\" \/>\n<meta property=\"og:locale\" content=\"es_ES\" \/>\n<meta property=\"og:type\" content=\"article\" \/>\n<meta property=\"og:title\" content=\"Acorn Crochet Pattern (PDF) \u2013 Amigurumi Charm by Onpoki\" \/>\n<meta property=\"og:description\" content=\"Crochet your own adorable acorn charm with this detailed PDF pattern by Onpoki. Includes photos, tips, and English &amp; Spanish versions.\" \/>\n<meta property=\"og:url\" content=\"https:\/\/onpoki.com\/es\/producto\/acorn-crochet-pattern\/\" \/>\n<meta property=\"og:site_name\" content=\"Onpoki crochet\" \/>\n<meta property=\"article:publisher\" content=\"https:\/\/www.facebook.com\/onpoki\/\" \/>\n<meta property=\"article:modified_time\" content=\"2025-11-24T21:49:40+00:00\" \/>\n<meta property=\"og:image\" content=\"https:\/\/onpoki.com\/wp-content\/uploads\/2025\/08\/bellota-principal-vender-1024x1024.jpg\" \/>\n\t<meta property=\"og:image:width\" content=\"1024\" \/>\n\t<meta property=\"og:image:height\" content=\"1024\" \/>\n\t<meta property=\"og:image:type\" content=\"image\/jpeg\" \/>\n<meta name=\"twitter:card\" content=\"summary_large_image\" \/>\n<meta name=\"twitter:label1\" content=\"Tiempo de lectura\" \/>\n\t<meta name=\"twitter:data1\" content=\"2 minutos\" \/>\n<script type=\"application\/ld+json\" class=\"yoast-schema-graph\">{\"@context\":\"https:\/\/schema.org\",\"@graph\":[{\"@type\":\"WebPage\",\"@id\":\"https:\/\/onpoki.com\/product\/acorn-crochet-pattern\/\",\"url\":\"https:\/\/onpoki.com\/product\/acorn-crochet-pattern\/\",\"name\":\"Acorn Crochet Pattern (PDF) \u2013 Amigurumi Charm by Onpoki\",\"isPartOf\":{\"@id\":\"https:\/\/onpoki.com\/#website\"},\"primaryImageOfPage\":{\"@id\":\"https:\/\/onpoki.com\/product\/acorn-crochet-pattern\/#primaryimage\"},\"image\":{\"@id\":\"https:\/\/onpoki.com\/product\/acorn-crochet-pattern\/#primaryimage\"},\"thumbnailUrl\":\"https:\/\/onpoki.com\/wp-content\/uploads\/2025\/08\/bellota-principal-vender.jpg\",\"datePublished\":\"2025-08-19T23:32:46+00:00\",\"dateModified\":\"2025-11-24T21:49:40+00:00\",\"description\":\"Crochet your own adorable acorn charm with this detailed PDF pattern by Onpoki. Includes photos, tips, and English & Spanish versions.\",\"breadcrumb\":{\"@id\":\"https:\/\/onpoki.com\/product\/acorn-crochet-pattern\/#breadcrumb\"},\"inLanguage\":\"es-AR\",\"potentialAction\":[{\"@type\":\"ReadAction\",\"target\":[\"https:\/\/onpoki.com\/product\/acorn-crochet-pattern\/\"]}]},{\"@type\":\"ImageObject\",\"inLanguage\":\"es-AR\",\"@id\":\"https:\/\/onpoki.com\/product\/acorn-crochet-pattern\/#primaryimage\",\"url\":\"https:\/\/onpoki.com\/wp-content\/uploads\/2025\/08\/bellota-principal-vender.jpg\",\"contentUrl\":\"https:\/\/onpoki.com\/wp-content\/uploads\/2025\/08\/bellota-principal-vender.jpg\",\"width\":2000,\"height\":2000},{\"@type\":\"BreadcrumbList\",\"@id\":\"https:\/\/onpoki.com\/product\/acorn-crochet-pattern\/#breadcrumb\",\"itemListElement\":[{\"@type\":\"ListItem\",\"position\":1,\"name\":\"Home\",\"item\":\"https:\/\/onpoki.com\/\"},{\"@type\":\"ListItem\",\"position\":2,\"name\":\"Acorn \u2013 Amigurumi Charm Crochet Pattern (PDF) \u2013 English \u2013 Espa\u00f1ol\"}]},{\"@type\":\"WebSite\",\"@id\":\"https:\/\/onpoki.com\/#website\",\"url\":\"https:\/\/onpoki.com\/\",\"name\":\"Onpoki\",\"description\":\"Original crochet patterns and handmade dolls\",\"publisher\":{\"@id\":\"https:\/\/onpoki.com\/#organization\"},\"alternateName\":\"Onpoki crochet\",\"potentialAction\":[{\"@type\":\"SearchAction\",\"target\":{\"@type\":\"EntryPoint\",\"urlTemplate\":\"https:\/\/onpoki.com\/?s={search_term_string}\"},\"query-input\":{\"@type\":\"PropertyValueSpecification\",\"valueRequired\":true,\"valueName\":\"search_term_string\"}}],\"inLanguage\":\"es-AR\"},{\"@type\":\"Organization\",\"@id\":\"https:\/\/onpoki.com\/#organization\",\"name\":\"Onpoki crochet\",\"url\":\"https:\/\/onpoki.com\/\",\"logo\":{\"@type\":\"ImageObject\",\"inLanguage\":\"es-AR\",\"@id\":\"https:\/\/onpoki.com\/#\/schema\/logo\/image\/\",\"url\":\"https:\/\/onpoki.com\/wp-content\/uploads\/2025\/11\/onpoki_logo_redondo.png\",\"contentUrl\":\"https:\/\/onpoki.com\/wp-content\/uploads\/2025\/11\/onpoki_logo_redondo.png\",\"width\":511,\"height\":512,\"caption\":\"Onpoki crochet\"},\"image\":{\"@id\":\"https:\/\/onpoki.com\/#\/schema\/logo\/image\/\"},\"sameAs\":[\"https:\/\/www.facebook.com\/onpoki\/\",\"https:\/\/www.instagram.com\/onpoki\"]}]}<\/script>\n<!-- \/ Yoast SEO plugin. -->","yoast_head_json":{"title":"Acorn Crochet Pattern (PDF) \u2013 Amigurumi Charm by Onpoki","description":"Crochet your own adorable acorn charm with this detailed PDF pattern by Onpoki. Includes photos, tips, and English & Spanish versions.","robots":{"index":"index","follow":"follow","max-snippet":"max-snippet:-1","max-image-preview":"max-image-preview:large","max-video-preview":"max-video-preview:-1"},"canonical":"https:\/\/onpoki.com\/es\/producto\/acorn-crochet-pattern\/","og_locale":"es_ES","og_type":"article","og_title":"Acorn Crochet Pattern (PDF) \u2013 Amigurumi Charm by Onpoki","og_description":"Crochet your own adorable acorn charm with this detailed PDF pattern by Onpoki. Includes photos, tips, and English & Spanish versions.","og_url":"https:\/\/onpoki.com\/es\/producto\/acorn-crochet-pattern\/","og_site_name":"Onpoki crochet","article_publisher":"https:\/\/www.facebook.com\/onpoki\/","article_modified_time":"2025-11-24T21:49:40+00:00","og_image":[{"width":1024,"height":1024,"url":"https:\/\/onpoki.com\/wp-content\/uploads\/2025\/08\/bellota-principal-vender-1024x1024.jpg","type":"image\/jpeg"}],"twitter_card":"summary_large_image","twitter_misc":{"Tiempo de lectura":"2 minutos"},"schema":{"@context":"https:\/\/schema.org","@graph":[{"@type":"WebPage","@id":"https:\/\/onpoki.com\/product\/acorn-crochet-pattern\/","url":"https:\/\/onpoki.com\/product\/acorn-crochet-pattern\/","name":"Acorn Crochet Pattern (PDF) \u2013 Amigurumi Charm by Onpoki","isPartOf":{"@id":"https:\/\/onpoki.com\/#website"},"primaryImageOfPage":{"@id":"https:\/\/onpoki.com\/product\/acorn-crochet-pattern\/#primaryimage"},"image":{"@id":"https:\/\/onpoki.com\/product\/acorn-crochet-pattern\/#primaryimage"},"thumbnailUrl":"https:\/\/onpoki.com\/wp-content\/uploads\/2025\/08\/bellota-principal-vender.jpg","datePublished":"2025-08-19T23:32:46+00:00","dateModified":"2025-11-24T21:49:40+00:00","description":"Crochet your own adorable acorn charm with this detailed PDF pattern by Onpoki. Includes photos, tips, and English & Spanish versions.","breadcrumb":{"@id":"https:\/\/onpoki.com\/product\/acorn-crochet-pattern\/#breadcrumb"},"inLanguage":"es-AR","potentialAction":[{"@type":"ReadAction","target":["https:\/\/onpoki.com\/product\/acorn-crochet-pattern\/"]}]},{"@type":"ImageObject","inLanguage":"es-AR","@id":"https:\/\/onpoki.com\/product\/acorn-crochet-pattern\/#primaryimage","url":"https:\/\/onpoki.com\/wp-content\/uploads\/2025\/08\/bellota-principal-vender.jpg","contentUrl":"https:\/\/onpoki.com\/wp-content\/uploads\/2025\/08\/bellota-principal-vender.jpg","width":2000,"height":2000},{"@type":"BreadcrumbList","@id":"https:\/\/onpoki.com\/product\/acorn-crochet-pattern\/#breadcrumb","itemListElement":[{"@type":"ListItem","position":1,"name":"Home","item":"https:\/\/onpoki.com\/"},{"@type":"ListItem","position":2,"name":"Acorn \u2013 Amigurumi Charm Crochet Pattern (PDF) \u2013 English \u2013 Espa\u00f1ol"}]},{"@type":"WebSite","@id":"https:\/\/onpoki.com\/#website","url":"https:\/\/onpoki.com\/","name":"Onpoki","description":"Original crochet patterns and handmade dolls","publisher":{"@id":"https:\/\/onpoki.com\/#organization"},"alternateName":"Onpoki crochet","potentialAction":[{"@type":"SearchAction","target":{"@type":"EntryPoint","urlTemplate":"https:\/\/onpoki.com\/?s={search_term_string}"},"query-input":{"@type":"PropertyValueSpecification","valueRequired":true,"valueName":"search_term_string"}}],"inLanguage":"es-AR"},{"@type":"Organization","@id":"https:\/\/onpoki.com\/#organization","name":"Onpoki crochet","url":"https:\/\/onpoki.com\/","logo":{"@type":"ImageObject","inLanguage":"es-AR","@id":"https:\/\/onpoki.com\/#\/schema\/logo\/image\/","url":"https:\/\/onpoki.com\/wp-content\/uploads\/2025\/11\/onpoki_logo_redondo.png","contentUrl":"https:\/\/onpoki.com\/wp-content\/uploads\/2025\/11\/onpoki_logo_redondo.png","width":511,"height":512,"caption":"Onpoki crochet"},"image":{"@id":"https:\/\/onpoki.com\/#\/schema\/logo\/image\/"},"sameAs":["https:\/\/www.facebook.com\/onpoki\/","https:\/\/www.instagram.com\/onpoki"]}]}},"jetpack_sharing_enabled":true,"_links":{"self":[{"href":"https:\/\/onpoki.com\/es\/wp-json\/wp\/v2\/product\/2306","targetHints":{"allow":["GET"]}}],"collection":[{"href":"https:\/\/onpoki.com\/es\/wp-json\/wp\/v2\/product"}],"about":[{"href":"https:\/\/onpoki.com\/es\/wp-json\/wp\/v2\/types\/product"}],"replies":[{"embeddable":true,"href":"https:\/\/onpoki.com\/es\/wp-json\/wp\/v2\/comments?post=2306"}],"wp:featuredmedia":[{"embeddable":true,"href":"https:\/\/onpoki.com\/es\/wp-json\/wp\/v2\/media\/2317"}],"wp:attachment":[{"href":"https:\/\/onpoki.com\/es\/wp-json\/wp\/v2\/media?parent=2306"}],"wp:term":[{"taxonomy":"product_brand","embeddable":true,"href":"https:\/\/onpoki.com\/es\/wp-json\/wp\/v2\/product_brand?post=2306"},{"taxonomy":"product_cat","embeddable":true,"href":"https:\/\/onpoki.com\/es\/wp-json\/wp\/v2\/product_cat?post=2306"},{"taxonomy":"product_tag","embeddable":true,"href":"https:\/\/onpoki.com\/es\/wp-json\/wp\/v2\/product_tag?post=2306"}],"curies":[{"name":"wp","href":"https:\/\/api.w.org\/{rel}","templated":true}]}}