{"id":2321,"date":"2025-08-19T23:41:23","date_gmt":"2025-08-19T23:41:23","guid":{"rendered":"https:\/\/onpoki.com\/?post_type=product&#038;p=2321"},"modified":"2026-04-20T18:31:48","modified_gmt":"2026-04-20T05:31:48","slug":"little-frankie-crochet-pattern","status":"publish","type":"product","link":"https:\/\/onpoki.com\/es\/producto\/little-frankie-crochet-pattern\/","title":{"rendered":"Peque\u00f1o Frankie \u2013 Patr\u00f3n de crochet del Monstruo de Frankenstein (PDF) \u2013 Espa\u00f1ol \u2013 Portugu\u00eas \u2013 English"},"content":{"rendered":"<p>&nbsp;<\/p>\n<h5 style=\"text-align: left;\" data-start=\"496\" data-end=\"587\"><strong>POR FAVOR TENER EN CUENTA<\/strong>: Est\u00e1s comprando <strong>archivo digital<\/strong> (<strong>patr\u00f3n en PDF<\/strong>), no el mu\u00f1eco f\u00edsico.<\/h5>\n<p>&nbsp;<\/p>\n<h6 style=\"text-align: left;\" data-start=\"496\" data-end=\"587\">Peque\u00f1o Frankie \u2013 Patr\u00f3n de crochet amigurumi dise\u00f1ado por Onpoki<\/h6>\n<p data-start=\"589\" data-end=\"816\">Este no es el monstruo aterrador y vengativo del libro\u2026 \u00a1todo lo contrario!\nEste peque\u00f1o ser fue creado con un solo prop\u00f3sito: dar y recibir amor\u2026 y lucir incre\u00edble con su chaqueta y su peinado a la moda.<\/p>\n<p data-start=\"818\" data-end=\"948\">\u00bfY la mejor parte? Cuando termines de tejerlo pod\u00e9s gritar \u201c\u00a1Est\u00e1 vivoooooo!\u201d (y agregar una risa malvada tambi\u00e9n). Probalo\u2026 \u00a1te juro que es muy divertido!<\/p>\n<p data-start=\"950\" data-end=\"1216\">Este patr\u00f3n incluye instrucciones detalladas paso a paso con 84 fotos que te guiar\u00e1n en cada etapa... Ensamblado, detalles y mi m\u00e9todo para ayudar a que el amigurumi se mantenga de pie por s\u00ed solo. \n\nEste patr\u00f3n fue escrito utilizando t\u00e9rminos espa\u00f1oles. Incluye una tabla con las equivalencias de los nombres de los puntos utilizados en Espa\u00f1a, Am\u00e9rica Latina y Brasil.<\/p>\n<p data-start=\"1218\" data-end=\"1272\"><strong data-start=\"1218\" data-end=\"1232\">Idiomas disponibles:<\/strong><br data-start=\"1232\" data-end=\"1235\" \/>\u2013 English<br data-start=\"1244\" data-end=\"1247\" \/>\u2013 Espa\u00f1ol<br data-start=\"1256\" data-end=\"1259\" \/>\u2013 Portugu\u00eas<\/p>\n<p data-start=\"1274\" data-end=\"1486\"><strong data-start=\"1274\" data-end=\"1290\">Nivel de dificultad:<\/strong><br data-start=\"1290\" data-end=\"1293\" \/>Principiante nivel 3 \u2013 Se requiere conocimiento b\u00e1sico de puntos de amigurumi (anillo m\u00e1gico, punto bajo, aumento, disminuci\u00f3n, punto raso, medio punto alto\/half treble crochet, punto alto\/treble crochet).<\/p>\n<p data-start=\"1488\" data-end=\"1552\"><strong data-start=\"1488\" data-end=\"1499\">Formato:<\/strong><br data-start=\"1499\" data-end=\"1502\" \/>PDF imprimible \u2013 19 p\u00e1ginas con 84 im\u00e1genes explicativas.<\/p>\n<p data-start=\"1554\" data-end=\"1779\"><strong data-start=\"1554\" data-end=\"1563\">Tama\u00f1o:<\/strong><br data-start=\"1563\" data-end=\"1566\" \/>Aproximadamente 20 cm de alto y 9 cm de ancho, usando hilo tipo Aran (medio\/4\/worsted\/afghan) con aguja de 3.0 mm (US E\/4 \u2013 UK\/Canada 9).<br data-start=\"1714\" data-end=\"1717\" \/>El tama\u00f1o puede variar seg\u00fan el tipo de hilo y aguja que utilices.<\/p>\n<p data-start=\"1781\" data-end=\"1877\"><strong data-start=\"1781\" data-end=\"1810\">Cantidad de hilo (aprox):<\/strong><br data-start=\"1810\" data-end=\"1813\" \/>\u2013 Beige: 38 g<br data-start=\"1826\" data-end=\"1829\" \/>\u2013 Azul: 50 g<br data-start=\"1841\" data-end=\"1844\" \/>\u2013 Celeste: 8 g<br data-start=\"1861\" data-end=\"1864\" \/>\u2013 Gris: 6 g<\/p>\n<p data-start=\"1879\" data-end=\"1936\"><strong data-start=\"1879\" data-end=\"1899\">Otros materiales:<\/strong><br data-start=\"1899\" data-end=\"1902\" \/>Relleno, aguja lanera y tijeras.<\/p>\n<p data-start=\"1938\" data-end=\"2150\"><strong data-start=\"1938\" data-end=\"1947\">Nota:<\/strong><br data-start=\"1947\" data-end=\"1950\" \/>Este es un patr\u00f3n digital de crochet (no un producto terminado). Pueden vender los mu\u00f1ecos terminados hechos a partir de este patr\u00f3n, siempre que sean elaborados a mano por vos y se acredite el dise\u00f1o al autor: Patr\u00f3n de Onpoki.<\/p>\n<p data-start=\"2152\" data-end=\"2227\"><strong data-start=\"2152\" data-end=\"2190\">\u00bfPrefer\u00eds comprar en otras plataformas?<\/strong><br data-start=\"2190\" data-end=\"2193\" \/><a href=\"https:\/\/www.etsy.com\/listing\/873343990\/pattern-little-frankie-frankensteins\">Etsy \u2013 Onpoki<\/a><br data-start=\"2206\" data-end=\"2209\" \/><a href=\"https:\/\/www.ravelry.com\/patterns\/library\/little-frankie---frankensteins-monster\">Ravelry \u2013 Onpoki<\/a><\/p>\n<p data-start=\"2229\" data-end=\"2405\"><strong data-start=\"2229\" data-end=\"2265\">Complet\u00e1 tu colecci\u00f3n Onpoki:<\/strong><br data-start=\"2265\" data-end=\"2268\" \/>\ud83e\udde1 <a href=\"https:\/\/onpoki.com\/es\/producto\/juni-christmas-tree-crochet-pattern\/\">Juni el Pino de Navidad \u2013 patr\u00f3n de crochet<\/a><br data-start=\"2315\" data-end=\"2318\" \/>\ud83d\udc9b <a href=\"https:\/\/onpoki.com\/es\/free-patterns\/augusto-the-ghost-free-pattern\/\">GRATIS Augusto el fantasma del Amor - Patr\u00f3n crochet<\/a><br data-start=\"2359\" data-end=\"2362\" \/>\ud83d\udc9a <a href=\"https:\/\/onpoki.com\/es\/free-patterns\/grogu-baby-yoda-free-pattern\/\">GRATIS Grogu (Bebe Yoda) - Patr\u00f3n crochet<\/a><\/p>","protected":false},"excerpt":{"rendered":"<p>Patr\u00f3n de crochet para tejer a Peque\u00f1o Frankie (el Monstruo de Frankenstein). Archivo PDF con 19 p\u00e1ginas, 84 fotos e instrucciones en ingl\u00e9s, espa\u00f1ol y portugu\u00e9s.<\/p>","protected":false},"featured_media":2325,"comment_status":"open","ping_status":"closed","template":"","meta":{"_kadence_starter_templates_imported_post":false,"_kad_post_transparent":"default","_kad_post_title":"","_kad_post_layout":"default","_kad_post_sidebar_id":"","_kad_post_content_style":"default","_kad_post_vertical_padding":"default","_kad_post_feature":"","_kad_post_feature_position":"","_kad_post_header":false,"_kad_post_footer":false,"_kad_post_classname":""},"product_brand":[],"product_cat":[74],"product_tag":[84,85],"class_list":{"0":"post-2321","1":"product","2":"type-product","3":"status-publish","4":"has-post-thumbnail","6":"product_cat-crochet-patterns","7":"product_tag-digital-pattern","8":"product_tag-pdf","10":"first","11":"instock","12":"sale","13":"downloadable","14":"virtual","15":"purchasable","16":"product-type-simple","17":"entry","18":"content-bg","19":"loop-entry"},"yoast_head":"<!-- This site is optimized with the Yoast SEO plugin v27.4 - https:\/\/yoast.com\/product\/yoast-seo-wordpress\/ -->\n<title>Frankenstein Amigurumi Crochet Pattern \u2013 Little Frankie by Onpoki<\/title>\n<meta name=\"description\" content=\"Crochet your own Frankenstein\u2019s Monster with this detailed amigurumi pattern by Onpoki. Includes 84 step-by-step photos and 3 language versions.\" \/>\n<meta name=\"robots\" content=\"index, follow, max-snippet:-1, max-image-preview:large, max-video-preview:-1\" \/>\n<link rel=\"canonical\" href=\"https:\/\/onpoki.com\/es\/producto\/little-frankie-crochet-pattern\/\" \/>\n<meta property=\"og:locale\" content=\"es_ES\" \/>\n<meta property=\"og:type\" content=\"article\" \/>\n<meta property=\"og:title\" content=\"Frankenstein Amigurumi Crochet Pattern \u2013 Little Frankie by Onpoki\" \/>\n<meta property=\"og:description\" content=\"Crochet your own Frankenstein\u2019s Monster with this detailed amigurumi pattern by Onpoki. Includes 84 step-by-step photos and 3 language versions.\" \/>\n<meta property=\"og:url\" content=\"https:\/\/onpoki.com\/es\/producto\/little-frankie-crochet-pattern\/\" \/>\n<meta property=\"og:site_name\" content=\"Onpoki crochet\" \/>\n<meta property=\"article:publisher\" content=\"https:\/\/www.facebook.com\/onpoki\/\" \/>\n<meta property=\"article:modified_time\" content=\"2026-04-20T05:31:48+00:00\" \/>\n<meta property=\"og:image\" content=\"https:\/\/onpoki.com\/wp-content\/uploads\/2025\/08\/frankenstein-87B-PATTERN-1024x1024.jpg\" \/>\n\t<meta property=\"og:image:width\" content=\"1024\" \/>\n\t<meta property=\"og:image:height\" content=\"1024\" \/>\n\t<meta property=\"og:image:type\" content=\"image\/jpeg\" \/>\n<meta name=\"twitter:card\" content=\"summary_large_image\" \/>\n<meta name=\"twitter:label1\" content=\"Tiempo de lectura\" \/>\n\t<meta name=\"twitter:data1\" content=\"2 minutos\" \/>\n<script type=\"application\/ld+json\" class=\"yoast-schema-graph\">{\"@context\":\"https:\\\/\\\/schema.org\",\"@graph\":[{\"@type\":\"WebPage\",\"@id\":\"https:\\\/\\\/onpoki.com\\\/product\\\/little-frankie-crochet-pattern\\\/\",\"url\":\"https:\\\/\\\/onpoki.com\\\/product\\\/little-frankie-crochet-pattern\\\/\",\"name\":\"Frankenstein Amigurumi Crochet Pattern \u2013 Little Frankie by Onpoki\",\"isPartOf\":{\"@id\":\"https:\\\/\\\/onpoki.com\\\/#website\"},\"primaryImageOfPage\":{\"@id\":\"https:\\\/\\\/onpoki.com\\\/product\\\/little-frankie-crochet-pattern\\\/#primaryimage\"},\"image\":{\"@id\":\"https:\\\/\\\/onpoki.com\\\/product\\\/little-frankie-crochet-pattern\\\/#primaryimage\"},\"thumbnailUrl\":\"https:\\\/\\\/onpoki.com\\\/wp-content\\\/uploads\\\/2025\\\/08\\\/frankenstein-87B-PATTERN.jpg\",\"datePublished\":\"2025-08-19T23:41:23+00:00\",\"dateModified\":\"2026-04-20T05:31:48+00:00\",\"description\":\"Crochet your own Frankenstein\u2019s Monster with this detailed amigurumi pattern by Onpoki. Includes 84 step-by-step photos and 3 language versions.\",\"breadcrumb\":{\"@id\":\"https:\\\/\\\/onpoki.com\\\/product\\\/little-frankie-crochet-pattern\\\/#breadcrumb\"},\"inLanguage\":\"es-AR\",\"potentialAction\":[{\"@type\":\"ReadAction\",\"target\":[\"https:\\\/\\\/onpoki.com\\\/product\\\/little-frankie-crochet-pattern\\\/\"]}]},{\"@type\":\"ImageObject\",\"inLanguage\":\"es-AR\",\"@id\":\"https:\\\/\\\/onpoki.com\\\/product\\\/little-frankie-crochet-pattern\\\/#primaryimage\",\"url\":\"https:\\\/\\\/onpoki.com\\\/wp-content\\\/uploads\\\/2025\\\/08\\\/frankenstein-87B-PATTERN.jpg\",\"contentUrl\":\"https:\\\/\\\/onpoki.com\\\/wp-content\\\/uploads\\\/2025\\\/08\\\/frankenstein-87B-PATTERN.jpg\",\"width\":2455,\"height\":2455},{\"@type\":\"BreadcrumbList\",\"@id\":\"https:\\\/\\\/onpoki.com\\\/product\\\/little-frankie-crochet-pattern\\\/#breadcrumb\",\"itemListElement\":[{\"@type\":\"ListItem\",\"position\":1,\"name\":\"Home\",\"item\":\"https:\\\/\\\/onpoki.com\\\/\"},{\"@type\":\"ListItem\",\"position\":2,\"name\":\"Little Frankie \u2013 Frankenstein\u2019s Monster Crochet Pattern (PDF) \u2013 English \u2013 Espa\u00f1ol \u2013 Portugu\u00eas\"}]},{\"@type\":\"WebSite\",\"@id\":\"https:\\\/\\\/onpoki.com\\\/#website\",\"url\":\"https:\\\/\\\/onpoki.com\\\/\",\"name\":\"Onpoki\",\"description\":\"Original crochet patterns and handmade dolls\",\"publisher\":{\"@id\":\"https:\\\/\\\/onpoki.com\\\/#organization\"},\"alternateName\":\"Onpoki crochet\",\"potentialAction\":[{\"@type\":\"SearchAction\",\"target\":{\"@type\":\"EntryPoint\",\"urlTemplate\":\"https:\\\/\\\/onpoki.com\\\/?s={search_term_string}\"},\"query-input\":{\"@type\":\"PropertyValueSpecification\",\"valueRequired\":true,\"valueName\":\"search_term_string\"}}],\"inLanguage\":\"es-AR\"},{\"@type\":\"Organization\",\"@id\":\"https:\\\/\\\/onpoki.com\\\/#organization\",\"name\":\"Onpoki crochet\",\"url\":\"https:\\\/\\\/onpoki.com\\\/\",\"logo\":{\"@type\":\"ImageObject\",\"inLanguage\":\"es-AR\",\"@id\":\"https:\\\/\\\/onpoki.com\\\/#\\\/schema\\\/logo\\\/image\\\/\",\"url\":\"https:\\\/\\\/onpoki.com\\\/wp-content\\\/uploads\\\/2025\\\/11\\\/onpoki_logo_redondo.png\",\"contentUrl\":\"https:\\\/\\\/onpoki.com\\\/wp-content\\\/uploads\\\/2025\\\/11\\\/onpoki_logo_redondo.png\",\"width\":511,\"height\":512,\"caption\":\"Onpoki crochet\"},\"image\":{\"@id\":\"https:\\\/\\\/onpoki.com\\\/#\\\/schema\\\/logo\\\/image\\\/\"},\"sameAs\":[\"https:\\\/\\\/www.facebook.com\\\/onpoki\\\/\",\"https:\\\/\\\/www.instagram.com\\\/onpoki\"]}]}<\/script>\n<!-- \/ Yoast SEO plugin. -->","yoast_head_json":{"title":"Frankenstein Amigurumi Crochet Pattern \u2013 Little Frankie by Onpoki","description":"Crochet your own Frankenstein\u2019s Monster with this detailed amigurumi pattern by Onpoki. Includes 84 step-by-step photos and 3 language versions.","robots":{"index":"index","follow":"follow","max-snippet":"max-snippet:-1","max-image-preview":"max-image-preview:large","max-video-preview":"max-video-preview:-1"},"canonical":"https:\/\/onpoki.com\/es\/producto\/little-frankie-crochet-pattern\/","og_locale":"es_ES","og_type":"article","og_title":"Frankenstein Amigurumi Crochet Pattern \u2013 Little Frankie by Onpoki","og_description":"Crochet your own Frankenstein\u2019s Monster with this detailed amigurumi pattern by Onpoki. Includes 84 step-by-step photos and 3 language versions.","og_url":"https:\/\/onpoki.com\/es\/producto\/little-frankie-crochet-pattern\/","og_site_name":"Onpoki crochet","article_publisher":"https:\/\/www.facebook.com\/onpoki\/","article_modified_time":"2026-04-20T05:31:48+00:00","og_image":[{"width":1024,"height":1024,"url":"https:\/\/onpoki.com\/wp-content\/uploads\/2025\/08\/frankenstein-87B-PATTERN-1024x1024.jpg","type":"image\/jpeg"}],"twitter_card":"summary_large_image","twitter_misc":{"Tiempo de lectura":"2 minutos"},"schema":{"@context":"https:\/\/schema.org","@graph":[{"@type":"WebPage","@id":"https:\/\/onpoki.com\/product\/little-frankie-crochet-pattern\/","url":"https:\/\/onpoki.com\/product\/little-frankie-crochet-pattern\/","name":"Frankenstein Amigurumi Crochet Pattern \u2013 Little Frankie by Onpoki","isPartOf":{"@id":"https:\/\/onpoki.com\/#website"},"primaryImageOfPage":{"@id":"https:\/\/onpoki.com\/product\/little-frankie-crochet-pattern\/#primaryimage"},"image":{"@id":"https:\/\/onpoki.com\/product\/little-frankie-crochet-pattern\/#primaryimage"},"thumbnailUrl":"https:\/\/onpoki.com\/wp-content\/uploads\/2025\/08\/frankenstein-87B-PATTERN.jpg","datePublished":"2025-08-19T23:41:23+00:00","dateModified":"2026-04-20T05:31:48+00:00","description":"Crochet your own Frankenstein\u2019s Monster with this detailed amigurumi pattern by Onpoki. Includes 84 step-by-step photos and 3 language versions.","breadcrumb":{"@id":"https:\/\/onpoki.com\/product\/little-frankie-crochet-pattern\/#breadcrumb"},"inLanguage":"es-AR","potentialAction":[{"@type":"ReadAction","target":["https:\/\/onpoki.com\/product\/little-frankie-crochet-pattern\/"]}]},{"@type":"ImageObject","inLanguage":"es-AR","@id":"https:\/\/onpoki.com\/product\/little-frankie-crochet-pattern\/#primaryimage","url":"https:\/\/onpoki.com\/wp-content\/uploads\/2025\/08\/frankenstein-87B-PATTERN.jpg","contentUrl":"https:\/\/onpoki.com\/wp-content\/uploads\/2025\/08\/frankenstein-87B-PATTERN.jpg","width":2455,"height":2455},{"@type":"BreadcrumbList","@id":"https:\/\/onpoki.com\/product\/little-frankie-crochet-pattern\/#breadcrumb","itemListElement":[{"@type":"ListItem","position":1,"name":"Home","item":"https:\/\/onpoki.com\/"},{"@type":"ListItem","position":2,"name":"Little Frankie \u2013 Frankenstein\u2019s Monster Crochet Pattern (PDF) \u2013 English \u2013 Espa\u00f1ol \u2013 Portugu\u00eas"}]},{"@type":"WebSite","@id":"https:\/\/onpoki.com\/#website","url":"https:\/\/onpoki.com\/","name":"Onpoki","description":"Original crochet patterns and handmade dolls","publisher":{"@id":"https:\/\/onpoki.com\/#organization"},"alternateName":"Onpoki crochet","potentialAction":[{"@type":"SearchAction","target":{"@type":"EntryPoint","urlTemplate":"https:\/\/onpoki.com\/?s={search_term_string}"},"query-input":{"@type":"PropertyValueSpecification","valueRequired":true,"valueName":"search_term_string"}}],"inLanguage":"es-AR"},{"@type":"Organization","@id":"https:\/\/onpoki.com\/#organization","name":"Onpoki crochet","url":"https:\/\/onpoki.com\/","logo":{"@type":"ImageObject","inLanguage":"es-AR","@id":"https:\/\/onpoki.com\/#\/schema\/logo\/image\/","url":"https:\/\/onpoki.com\/wp-content\/uploads\/2025\/11\/onpoki_logo_redondo.png","contentUrl":"https:\/\/onpoki.com\/wp-content\/uploads\/2025\/11\/onpoki_logo_redondo.png","width":511,"height":512,"caption":"Onpoki crochet"},"image":{"@id":"https:\/\/onpoki.com\/#\/schema\/logo\/image\/"},"sameAs":["https:\/\/www.facebook.com\/onpoki\/","https:\/\/www.instagram.com\/onpoki"]}]}},"jetpack_sharing_enabled":true,"_links":{"self":[{"href":"https:\/\/onpoki.com\/es\/wp-json\/wp\/v2\/product\/2321","targetHints":{"allow":["GET"]}}],"collection":[{"href":"https:\/\/onpoki.com\/es\/wp-json\/wp\/v2\/product"}],"about":[{"href":"https:\/\/onpoki.com\/es\/wp-json\/wp\/v2\/types\/product"}],"replies":[{"embeddable":true,"href":"https:\/\/onpoki.com\/es\/wp-json\/wp\/v2\/comments?post=2321"}],"wp:featuredmedia":[{"embeddable":true,"href":"https:\/\/onpoki.com\/es\/wp-json\/wp\/v2\/media\/2325"}],"wp:attachment":[{"href":"https:\/\/onpoki.com\/es\/wp-json\/wp\/v2\/media?parent=2321"}],"wp:term":[{"taxonomy":"product_brand","embeddable":true,"href":"https:\/\/onpoki.com\/es\/wp-json\/wp\/v2\/product_brand?post=2321"},{"taxonomy":"product_cat","embeddable":true,"href":"https:\/\/onpoki.com\/es\/wp-json\/wp\/v2\/product_cat?post=2321"},{"taxonomy":"product_tag","embeddable":true,"href":"https:\/\/onpoki.com\/es\/wp-json\/wp\/v2\/product_tag?post=2321"}],"curies":[{"name":"wp","href":"https:\/\/api.w.org\/{rel}","templated":true}]}}