{"id":2386,"date":"2025-08-25T23:22:52","date_gmt":"2025-08-25T23:22:52","guid":{"rendered":"https:\/\/onpoki.com\/?post_type=product&#038;p=2386"},"modified":"2026-04-20T17:12:13","modified_gmt":"2026-04-20T04:12:13","slug":"jorvis-the-acorn-crochet","status":"publish","type":"product","link":"https:\/\/onpoki.com\/es\/producto\/jorvis-the-acorn-crochet\/","title":{"rendered":"Jorvis la Bellota \u2013 Amigurumi en crochet como charm y talism\u00e1n \u2013 Hecho a mano en algod\u00f3n"},"content":{"rendered":"<p data-start=\"206\" data-end=\"424\">Conoc\u00e9 a Jorvis\u2026 una peque\u00f1a bellota tejida a crochet con mirada curiosa y mucha personalidad. Este peque\u00f1o compa\u00f1ero mide aprox. 6 cm de alto y viene con una bolsita de algod\u00f3n con cord\u00f3n, perfecta para regalar o para mantener a tu Jorvis bien cuidado.<\/p>\n<p data-start=\"426\" data-end=\"534\">Pod\u00e9s usarlo como colgante en el espejo del auto, en tu bolso, mochila\u2026 o incluso como adorno navide\u00f1o en el arbolito.<\/p>\n<p data-start=\"536\" data-end=\"787\">If you\u2019d like it with a string for hanging, please send me a message right after placing your order. If I don\u2019t hear from you, I\u2019ll make it without the string.<br data-start=\"695\" data-end=\"698\" \/><em data-start=\"698\" data-end=\"785\">Ten\u00e9 en cuenta: si se cuelga en el espejo del auto, los colores pueden desvanecerse con el tiempo por la exposici\u00f3n al sol.<\/em><\/p>\n<p data-start=\"789\" data-end=\"803\"><strong data-start=\"789\" data-end=\"801\">Detalles:<\/strong><\/p>\n<ul data-start=\"804\" data-end=\"1132\">\n<li data-start=\"804\" data-end=\"868\">\n<p data-start=\"806\" data-end=\"868\">Finished size: approx. 6 cm tall (excluding string if added)<\/p>\n<\/li>\n<li data-start=\"869\" data-end=\"899\">\n<p data-start=\"871\" data-end=\"899\">Material: hilo de algod\u00f3n 100 por ciento<\/p>\n<\/li>\n<li data-start=\"900\" data-end=\"934\">\n<p data-start=\"902\" data-end=\"934\">Comes with a cotton string bag<\/p>\n<\/li>\n<li data-start=\"935\" data-end=\"979\">\n<p data-start=\"937\" data-end=\"979\">Optional string for hanging (by request)<\/p>\n<\/li>\n<li data-start=\"980\" data-end=\"1036\">\n<p data-start=\"982\" data-end=\"1036\">Made to order \u2013 ready in up to 1 weeks plus shipping<\/p>\n<\/li>\n<li data-start=\"1037\" data-end=\"1105\">\n<p data-start=\"1039\" data-end=\"1105\">Hecho a mano en Queenstown, Otago (en mi espacio de trabajo, libre de humo y de mascotas)<\/p>\n<\/li>\n<li data-start=\"1106\" data-end=\"1132\">\n<p data-start=\"1108\" data-end=\"1132\">Dise\u00f1o original de Onpoki<\/p>\n<\/li>\n<\/ul>\n<p data-start=\"1134\" data-end=\"1254\">Si necesit\u00e1s tu pedido antes, pod\u00e9s escribirme\u2026 voy a hacer lo posible por darle prioridad seg\u00fan mi lista de espera actual.<\/p>\n<p data-start=\"1256\" data-end=\"1403\">Cada Jorvis est\u00e1 hecho a mano con cari\u00f1o y atenci\u00f3n al detalle. Un talism\u00e1n ecol\u00f3gico y con mucha personalidad que lleva un poquito de magia a donde vaya.<\/p>\n<p>\nYou can also find this handmade item on my Felt store.<br \/>\nIf you prefer shopping there, you can view it here:<br \/>\n<a href=\"https:\/\/felt.co.nz\/listing\/591178\/Jorvis-the-Acorn---Amigurumi-Charm---Talisman\" target=\"_blank\" rel=\"noopener\">View this item on Felt<\/a>.<\/p>","protected":false},"excerpt":{"rendered":"<p>Jorvis la Bellota\u2026 un peque\u00f1o charm y talism\u00e1n tejido a crochet. Hecho a mano con algod\u00f3n 100%, mide aproximadamente 6 cm de alto. Viene con una bolsa de algod\u00f3n, el cord\u00f3n es opcional.<\/p>","protected":false},"featured_media":2387,"comment_status":"open","ping_status":"closed","template":"","meta":{"_kadence_starter_templates_imported_post":false,"_kad_post_transparent":"default","_kad_post_title":"","_kad_post_layout":"default","_kad_post_sidebar_id":"","_kad_post_content_style":"default","_kad_post_vertical_padding":"default","_kad_post_feature":"","_kad_post_feature_position":"","_kad_post_header":false,"_kad_post_footer":false,"_kad_post_classname":""},"product_brand":[],"product_cat":[80,81,75],"product_tag":[125,124,114,115],"class_list":{"0":"post-2386","1":"product","2":"type-product","3":"status-publish","4":"has-post-thumbnail","6":"product_cat-amigurumis-soft-toys","7":"product_cat-charms-accessories","8":"product_cat-handmade-creations","9":"product_tag-bag-charm","10":"product_tag-crochet-ornament","11":"product_tag-eco-friendly","12":"product_tag-handmade-gift","13":"product_shipping_class-xs-bag","15":"first","16":"instock","17":"shipping-taxable","18":"purchasable","19":"product-type-simple","20":"entry","21":"content-bg","22":"loop-entry"},"yoast_head":"<!-- This site is optimized with the Yoast SEO plugin v27.4 - https:\/\/yoast.com\/product\/yoast-seo-wordpress\/ -->\n<title>Jorvis the Acorn \u2013 Crochet Charm &amp; Talisman (Cotton)<\/title>\n<meta name=\"description\" content=\"Handmade Jorvis the Acorn crochet charm in 100% cotton. A tiny amigurumi talisman full of charm, warmth, and eco-friendly magic.\" \/>\n<meta name=\"robots\" content=\"index, follow, max-snippet:-1, max-image-preview:large, max-video-preview:-1\" \/>\n<link rel=\"canonical\" href=\"https:\/\/onpoki.com\/es\/producto\/jorvis-the-acorn-crochet\/\" \/>\n<meta property=\"og:locale\" content=\"es_ES\" \/>\n<meta property=\"og:type\" content=\"article\" \/>\n<meta property=\"og:title\" content=\"Jorvis the Acorn \u2013 Crochet Charm &amp; Talisman (Cotton)\" \/>\n<meta property=\"og:description\" content=\"Handmade Jorvis the Acorn crochet charm in 100% cotton. A tiny amigurumi talisman full of charm, warmth, and eco-friendly magic.\" \/>\n<meta property=\"og:url\" content=\"https:\/\/onpoki.com\/es\/producto\/jorvis-the-acorn-crochet\/\" \/>\n<meta property=\"og:site_name\" content=\"Onpoki crochet\" \/>\n<meta property=\"article:publisher\" content=\"https:\/\/www.facebook.com\/onpoki\/\" \/>\n<meta property=\"article:modified_time\" content=\"2026-04-20T04:12:13+00:00\" \/>\n<meta property=\"og:image\" content=\"https:\/\/onpoki.com\/wp-content\/uploads\/2025\/08\/bellota-jovis-1.jpg\" \/>\n\t<meta property=\"og:image:width\" content=\"2000\" \/>\n\t<meta property=\"og:image:height\" content=\"2000\" \/>\n\t<meta property=\"og:image:type\" content=\"image\/jpeg\" \/>\n<meta name=\"twitter:card\" content=\"summary_large_image\" \/>\n<meta name=\"twitter:label1\" content=\"Tiempo de lectura\" \/>\n\t<meta name=\"twitter:data1\" content=\"2 minutos\" \/>\n<script type=\"application\/ld+json\" class=\"yoast-schema-graph\">{\"@context\":\"https:\\\/\\\/schema.org\",\"@graph\":[{\"@type\":\"WebPage\",\"@id\":\"https:\\\/\\\/onpoki.com\\\/product\\\/jorvis-the-acorn-crochet\\\/\",\"url\":\"https:\\\/\\\/onpoki.com\\\/product\\\/jorvis-the-acorn-crochet\\\/\",\"name\":\"Jorvis the Acorn \u2013 Crochet Charm & Talisman (Cotton)\",\"isPartOf\":{\"@id\":\"https:\\\/\\\/onpoki.com\\\/#website\"},\"primaryImageOfPage\":{\"@id\":\"https:\\\/\\\/onpoki.com\\\/product\\\/jorvis-the-acorn-crochet\\\/#primaryimage\"},\"image\":{\"@id\":\"https:\\\/\\\/onpoki.com\\\/product\\\/jorvis-the-acorn-crochet\\\/#primaryimage\"},\"thumbnailUrl\":\"https:\\\/\\\/onpoki.com\\\/wp-content\\\/uploads\\\/2025\\\/08\\\/bellota-jovis-1.jpg\",\"datePublished\":\"2025-08-25T23:22:52+00:00\",\"dateModified\":\"2026-04-20T04:12:13+00:00\",\"description\":\"Handmade Jorvis the Acorn crochet charm in 100% cotton. A tiny amigurumi talisman full of charm, warmth, and eco-friendly magic.\",\"breadcrumb\":{\"@id\":\"https:\\\/\\\/onpoki.com\\\/product\\\/jorvis-the-acorn-crochet\\\/#breadcrumb\"},\"inLanguage\":\"es-AR\",\"potentialAction\":[{\"@type\":\"ReadAction\",\"target\":[\"https:\\\/\\\/onpoki.com\\\/product\\\/jorvis-the-acorn-crochet\\\/\"]}]},{\"@type\":\"ImageObject\",\"inLanguage\":\"es-AR\",\"@id\":\"https:\\\/\\\/onpoki.com\\\/product\\\/jorvis-the-acorn-crochet\\\/#primaryimage\",\"url\":\"https:\\\/\\\/onpoki.com\\\/wp-content\\\/uploads\\\/2025\\\/08\\\/bellota-jovis-1.jpg\",\"contentUrl\":\"https:\\\/\\\/onpoki.com\\\/wp-content\\\/uploads\\\/2025\\\/08\\\/bellota-jovis-1.jpg\",\"width\":2000,\"height\":2000},{\"@type\":\"BreadcrumbList\",\"@id\":\"https:\\\/\\\/onpoki.com\\\/product\\\/jorvis-the-acorn-crochet\\\/#breadcrumb\",\"itemListElement\":[{\"@type\":\"ListItem\",\"position\":1,\"name\":\"Home\",\"item\":\"https:\\\/\\\/onpoki.com\\\/\"},{\"@type\":\"ListItem\",\"position\":2,\"name\":\"Jorvis the Acorn \u2013 Crochet Amigurumi Charm &#038; Talisman \u2013 Handmade in Cotton\"}]},{\"@type\":\"WebSite\",\"@id\":\"https:\\\/\\\/onpoki.com\\\/#website\",\"url\":\"https:\\\/\\\/onpoki.com\\\/\",\"name\":\"Onpoki\",\"description\":\"Original crochet patterns and handmade dolls\",\"publisher\":{\"@id\":\"https:\\\/\\\/onpoki.com\\\/#organization\"},\"alternateName\":\"Onpoki crochet\",\"potentialAction\":[{\"@type\":\"SearchAction\",\"target\":{\"@type\":\"EntryPoint\",\"urlTemplate\":\"https:\\\/\\\/onpoki.com\\\/?s={search_term_string}\"},\"query-input\":{\"@type\":\"PropertyValueSpecification\",\"valueRequired\":true,\"valueName\":\"search_term_string\"}}],\"inLanguage\":\"es-AR\"},{\"@type\":\"Organization\",\"@id\":\"https:\\\/\\\/onpoki.com\\\/#organization\",\"name\":\"Onpoki crochet\",\"url\":\"https:\\\/\\\/onpoki.com\\\/\",\"logo\":{\"@type\":\"ImageObject\",\"inLanguage\":\"es-AR\",\"@id\":\"https:\\\/\\\/onpoki.com\\\/#\\\/schema\\\/logo\\\/image\\\/\",\"url\":\"https:\\\/\\\/onpoki.com\\\/wp-content\\\/uploads\\\/2025\\\/11\\\/onpoki_logo_redondo.png\",\"contentUrl\":\"https:\\\/\\\/onpoki.com\\\/wp-content\\\/uploads\\\/2025\\\/11\\\/onpoki_logo_redondo.png\",\"width\":511,\"height\":512,\"caption\":\"Onpoki crochet\"},\"image\":{\"@id\":\"https:\\\/\\\/onpoki.com\\\/#\\\/schema\\\/logo\\\/image\\\/\"},\"sameAs\":[\"https:\\\/\\\/www.facebook.com\\\/onpoki\\\/\",\"https:\\\/\\\/www.instagram.com\\\/onpoki\"]}]}<\/script>\n<!-- \/ Yoast SEO plugin. -->","yoast_head_json":{"title":"Jorvis the Acorn \u2013 Crochet Charm & Talisman (Cotton)","description":"Handmade Jorvis the Acorn crochet charm in 100% cotton. A tiny amigurumi talisman full of charm, warmth, and eco-friendly magic.","robots":{"index":"index","follow":"follow","max-snippet":"max-snippet:-1","max-image-preview":"max-image-preview:large","max-video-preview":"max-video-preview:-1"},"canonical":"https:\/\/onpoki.com\/es\/producto\/jorvis-the-acorn-crochet\/","og_locale":"es_ES","og_type":"article","og_title":"Jorvis the Acorn \u2013 Crochet Charm & Talisman (Cotton)","og_description":"Handmade Jorvis the Acorn crochet charm in 100% cotton. A tiny amigurumi talisman full of charm, warmth, and eco-friendly magic.","og_url":"https:\/\/onpoki.com\/es\/producto\/jorvis-the-acorn-crochet\/","og_site_name":"Onpoki crochet","article_publisher":"https:\/\/www.facebook.com\/onpoki\/","article_modified_time":"2026-04-20T04:12:13+00:00","og_image":[{"width":2000,"height":2000,"url":"https:\/\/onpoki.com\/wp-content\/uploads\/2025\/08\/bellota-jovis-1.jpg","type":"image\/jpeg"}],"twitter_card":"summary_large_image","twitter_misc":{"Tiempo de lectura":"2 minutos"},"schema":{"@context":"https:\/\/schema.org","@graph":[{"@type":"WebPage","@id":"https:\/\/onpoki.com\/product\/jorvis-the-acorn-crochet\/","url":"https:\/\/onpoki.com\/product\/jorvis-the-acorn-crochet\/","name":"Jorvis the Acorn \u2013 Crochet Charm & Talisman (Cotton)","isPartOf":{"@id":"https:\/\/onpoki.com\/#website"},"primaryImageOfPage":{"@id":"https:\/\/onpoki.com\/product\/jorvis-the-acorn-crochet\/#primaryimage"},"image":{"@id":"https:\/\/onpoki.com\/product\/jorvis-the-acorn-crochet\/#primaryimage"},"thumbnailUrl":"https:\/\/onpoki.com\/wp-content\/uploads\/2025\/08\/bellota-jovis-1.jpg","datePublished":"2025-08-25T23:22:52+00:00","dateModified":"2026-04-20T04:12:13+00:00","description":"Handmade Jorvis the Acorn crochet charm in 100% cotton. A tiny amigurumi talisman full of charm, warmth, and eco-friendly magic.","breadcrumb":{"@id":"https:\/\/onpoki.com\/product\/jorvis-the-acorn-crochet\/#breadcrumb"},"inLanguage":"es-AR","potentialAction":[{"@type":"ReadAction","target":["https:\/\/onpoki.com\/product\/jorvis-the-acorn-crochet\/"]}]},{"@type":"ImageObject","inLanguage":"es-AR","@id":"https:\/\/onpoki.com\/product\/jorvis-the-acorn-crochet\/#primaryimage","url":"https:\/\/onpoki.com\/wp-content\/uploads\/2025\/08\/bellota-jovis-1.jpg","contentUrl":"https:\/\/onpoki.com\/wp-content\/uploads\/2025\/08\/bellota-jovis-1.jpg","width":2000,"height":2000},{"@type":"BreadcrumbList","@id":"https:\/\/onpoki.com\/product\/jorvis-the-acorn-crochet\/#breadcrumb","itemListElement":[{"@type":"ListItem","position":1,"name":"Home","item":"https:\/\/onpoki.com\/"},{"@type":"ListItem","position":2,"name":"Jorvis the Acorn \u2013 Crochet Amigurumi Charm &#038; Talisman \u2013 Handmade in Cotton"}]},{"@type":"WebSite","@id":"https:\/\/onpoki.com\/#website","url":"https:\/\/onpoki.com\/","name":"Onpoki","description":"Original crochet patterns and handmade dolls","publisher":{"@id":"https:\/\/onpoki.com\/#organization"},"alternateName":"Onpoki crochet","potentialAction":[{"@type":"SearchAction","target":{"@type":"EntryPoint","urlTemplate":"https:\/\/onpoki.com\/?s={search_term_string}"},"query-input":{"@type":"PropertyValueSpecification","valueRequired":true,"valueName":"search_term_string"}}],"inLanguage":"es-AR"},{"@type":"Organization","@id":"https:\/\/onpoki.com\/#organization","name":"Onpoki crochet","url":"https:\/\/onpoki.com\/","logo":{"@type":"ImageObject","inLanguage":"es-AR","@id":"https:\/\/onpoki.com\/#\/schema\/logo\/image\/","url":"https:\/\/onpoki.com\/wp-content\/uploads\/2025\/11\/onpoki_logo_redondo.png","contentUrl":"https:\/\/onpoki.com\/wp-content\/uploads\/2025\/11\/onpoki_logo_redondo.png","width":511,"height":512,"caption":"Onpoki crochet"},"image":{"@id":"https:\/\/onpoki.com\/#\/schema\/logo\/image\/"},"sameAs":["https:\/\/www.facebook.com\/onpoki\/","https:\/\/www.instagram.com\/onpoki"]}]}},"jetpack_sharing_enabled":true,"_links":{"self":[{"href":"https:\/\/onpoki.com\/es\/wp-json\/wp\/v2\/product\/2386","targetHints":{"allow":["GET"]}}],"collection":[{"href":"https:\/\/onpoki.com\/es\/wp-json\/wp\/v2\/product"}],"about":[{"href":"https:\/\/onpoki.com\/es\/wp-json\/wp\/v2\/types\/product"}],"replies":[{"embeddable":true,"href":"https:\/\/onpoki.com\/es\/wp-json\/wp\/v2\/comments?post=2386"}],"wp:featuredmedia":[{"embeddable":true,"href":"https:\/\/onpoki.com\/es\/wp-json\/wp\/v2\/media\/2387"}],"wp:attachment":[{"href":"https:\/\/onpoki.com\/es\/wp-json\/wp\/v2\/media?parent=2386"}],"wp:term":[{"taxonomy":"product_brand","embeddable":true,"href":"https:\/\/onpoki.com\/es\/wp-json\/wp\/v2\/product_brand?post=2386"},{"taxonomy":"product_cat","embeddable":true,"href":"https:\/\/onpoki.com\/es\/wp-json\/wp\/v2\/product_cat?post=2386"},{"taxonomy":"product_tag","embeddable":true,"href":"https:\/\/onpoki.com\/es\/wp-json\/wp\/v2\/product_tag?post=2386"}],"curies":[{"name":"wp","href":"https:\/\/api.w.org\/{rel}","templated":true}]}}